{"id":285,"date":"2025-07-15T03:02:06","date_gmt":"2025-07-15T03:02:06","guid":{"rendered":"https:\/\/cstmg.com\/?page_id=285"},"modified":"2025-10-30T18:07:33","modified_gmt":"2025-10-30T10:07:33","slug":"sobre-nos","status":"publish","type":"page","link":"https:\/\/cstmg.com\/pt\/about-us\/","title":{"rendered":"Sobre n\u00f3s"},"content":{"rendered":"<div class=\"gb-element-d265ae9a\">\n<div class=\"gb-element-61b9365e\">\n<div>\n<h1 class=\"gb-text\">Sobre o CSTMG<\/h1>\n<\/div>\n<\/div>\n<\/div>\n\n\n\n<div>\n<div class=\"gb-element-c5bd73e0\">\n<div>\n<div class=\"gb-element-c28c58e4\">\n<div class=\"gb-element-1685e405\">\n<img decoding=\"async\" width=\"700\" height=\"462\" class=\"gb-media-5aa84a1e\" alt=\"\" src=\"http:\/\/cstmg.com\/wp-content\/uploads\/2025\/10\/about1.jpg\" title=\"cerca de 1\" srcset=\"https:\/\/cstmg.com\/wp-content\/uploads\/2025\/10\/about1.jpg 700w, https:\/\/cstmg.com\/wp-content\/uploads\/2025\/10\/about1-300x198.jpg 300w, https:\/\/cstmg.com\/wp-content\/uploads\/2025\/10\/about1-18x12.jpg 18w\" sizes=\"(max-width: 700px) 100vw, 700px\" \/>\n<\/div>\n\n\n\n<div class=\"gb-element-766800d9\">\n<div class=\"gb-element-195cafd8\">\n<h2 class=\"gb-text\">Quem somos<\/h2>\n\n\n\n<p>A CSTMG \u00e9 uma empresa de alta tecnologia reconhecida a n\u00edvel nacional, dedicada a <strong>investiga\u00e7\u00e3o, desenvolvimento e fabrico de maquinaria mineira de primeira qualidade<\/strong>. Com uma base de produ\u00e7\u00e3o de mais de 200.000 m\u00b2 e 109.000 m\u00b2 de oficinas avan\u00e7adas, combinamos escala com engenharia de precis\u00e3o. A nossa equipa de 690 profissionais inclui distintos especialistas da ind\u00fastria e uma for\u00e7a de trabalho t\u00e9cnica qualificada, impulsionando a inova\u00e7\u00e3o em todos os projectos. Apoiados por activos totais de 438 milh\u00f5es de RMB e mais de 60 patentes nacionais, defendemos os mais elevados padr\u00f5es de qualidade, certificados pela ISO 9001. O nosso equipamento - desde esta\u00e7\u00f5es de britagem a sistemas de crivagem - serve ind\u00fastrias cr\u00edticas como a do carv\u00e3o, minera\u00e7\u00e3o e metalurgia, com uma presen\u00e7a crescente no Sudeste Asi\u00e1tico e n\u00e3o s\u00f3.<\/p>\n<\/div>\n<\/div>\n<\/div>\n<\/div>\n<\/div>\n<\/div>\n\n\n\n<div>\n<div class=\"gb-element-05bf6871\">\n<div>\n<div class=\"gb-element-37b7d454\">\n<div class=\"gb-element-2e15a3b1\">\n<img decoding=\"async\" width=\"700\" height=\"462\" class=\"gb-media-86436708\" alt=\"\" src=\"http:\/\/cstmg.com\/wp-content\/uploads\/2025\/10\/about2.jpg\" title=\"cerca de 2\" srcset=\"https:\/\/cstmg.com\/wp-content\/uploads\/2025\/10\/about2.jpg 700w, https:\/\/cstmg.com\/wp-content\/uploads\/2025\/10\/about2-300x198.jpg 300w, https:\/\/cstmg.com\/wp-content\/uploads\/2025\/10\/about2-18x12.jpg 18w\" sizes=\"(max-width: 700px) 100vw, 700px\" \/>\n<\/div>\n\n\n\n<div class=\"gb-element-fa81dd76\">\n<div class=\"gb-element-25acd5b4\">\n<h2 class=\"gb-text\">O que fazemos<\/h2>\n\n\n\n<p>Somos especializados no fornecimento de equipamento mineiro robusto e de elevado desempenho, concebido para maximizar a produtividade nos ambientes mais exigentes. O nosso portef\u00f3lio de produtos inclui <strong>instala\u00e7\u00f5es de tritura\u00e7\u00e3o m\u00f3veis e fixas, trituradores de rolos duplos para uma classifica\u00e7\u00e3o eficiente dos minerais, alimentadores de correia e de avental para um manuseamento preciso do material e crivos vibrat\u00f3rios avan\u00e7ados para uma classifica\u00e7\u00e3o \u00f3ptima<\/strong>. Estas solu\u00e7\u00f5es s\u00e3o concebidas para satisfazer as rigorosas exig\u00eancias das minas de carv\u00e3o, pedreiras e centrais el\u00e9ctricas, garantindo fiabilidade em condi\u00e7\u00f5es extremas. Para al\u00e9m do fabrico, fornecemos um apoio abrangente, desde a conce\u00e7\u00e3o e instala\u00e7\u00e3o personalizadas at\u00e9 \u00e0 forma\u00e7\u00e3o e manuten\u00e7\u00e3o do operador, garantindo uma integra\u00e7\u00e3o perfeita e um sucesso operacional a longo prazo para os nossos clientes em todo o mundo.<\/p>\n<\/div>\n<\/div>\n<\/div>\n<\/div>\n<\/div>\n<\/div>\n\n\n\n<div>\n<div class=\"gb-element-cda0895c\">\n<div>\n<div class=\"gb-element-80a854f7\">\n<div class=\"gb-element-f71b83b1\">\n<img decoding=\"async\" width=\"700\" height=\"462\" class=\"gb-media-e9df87bd\" alt=\"\" src=\"http:\/\/cstmg.com\/wp-content\/uploads\/2025\/10\/about3.jpg\" title=\"cerca de 3\" srcset=\"https:\/\/cstmg.com\/wp-content\/uploads\/2025\/10\/about3.jpg 700w, https:\/\/cstmg.com\/wp-content\/uploads\/2025\/10\/about3-300x198.jpg 300w, https:\/\/cstmg.com\/wp-content\/uploads\/2025\/10\/about3-18x12.jpg 18w\" sizes=\"(max-width: 700px) 100vw, 700px\" \/>\n<\/div>\n\n\n\n<div class=\"gb-element-b831dd91\">\n<div class=\"gb-element-b55cfe51\">\n<h2 class=\"gb-text\">For\u00e7a do CSTMG<\/h2>\n\n\n\n<p>A CSTMG destaca-se pela inova\u00e7\u00e3o incans\u00e1vel, qualidade superior e compromisso inabal\u00e1vel com o cliente. Os nossos avan\u00e7os em I&amp;D, <strong>comprovada por mais de 60 patentes e m\u00faltiplos pr\u00e9mios nacionais<\/strong>Os nossos produtos, que s\u00e3o fabricados em Portugal, redefiniram os padr\u00f5es da ind\u00fastria em termos de efici\u00eancia e durabilidade. Todos os produtos s\u00e3o submetidos a testes rigorosos nas nossas instala\u00e7\u00f5es de \u00faltima gera\u00e7\u00e3o, garantindo uma vida \u00fatil prolongada e um tempo de inatividade reduzido. Com um historial comprovado em diversos mercados, desde as temperaturas geladas do Cazaquist\u00e3o at\u00e9 aos climas h\u00famidos do Sudeste Asi\u00e1tico, adaptamos a nossa tecnologia aos desafios locais, mantendo a conformidade ambiental global. A nossa rede de servi\u00e7os dedicada assegura uma resposta r\u00e1pida e um apoio vital\u00edcio, refor\u00e7ando a nossa reputa\u00e7\u00e3o como parceiro de confian\u00e7a na produ\u00e7\u00e3o mineira e de agregados.<\/p>\n<\/div>\n<\/div>\n<\/div>\n<\/div>\n<\/div>\n<\/div>\n\n\n\n<div>\n<div class=\"gb-element-2f1979e0\">\n<div>\n<div class=\"gb-element-4c24ca3e\">\n<div class=\"gb-element-80496905\">\n<img decoding=\"async\" width=\"700\" height=\"462\" class=\"gb-media-c04c685b\" alt=\"\" src=\"http:\/\/cstmg.com\/wp-content\/uploads\/2025\/10\/about4.jpg\" title=\"cerca de 4\" srcset=\"https:\/\/cstmg.com\/wp-content\/uploads\/2025\/10\/about4.jpg 700w, https:\/\/cstmg.com\/wp-content\/uploads\/2025\/10\/about4-300x198.jpg 300w, https:\/\/cstmg.com\/wp-content\/uploads\/2025\/10\/about4-18x12.jpg 18w\" sizes=\"(max-width: 700px) 100vw, 700px\" \/>\n<\/div>\n\n\n\n<div class=\"gb-element-b25874f3\">\n<div class=\"gb-element-fbe7922f\">\n<h2 class=\"gb-text\">A nossa vis\u00e3o<\/h2>\n\n\n\n<p>Impulsionados pela miss\u00e3o de criar solu\u00e7\u00f5es mineiras de classe mundial, estamos a moldar o futuro da ind\u00fastria atrav\u00e9s de tecnologias mais inteligentes, mais ecol\u00f3gicas e mais eficientes. Investimos fortemente em automa\u00e7\u00e3o orientada por IA e em designs de poupan\u00e7a de energia para ajudar os nossos clientes a alcan\u00e7ar opera\u00e7\u00f5es sustent\u00e1veis e econ\u00f3micas. \u00c0 medida que nos expandimos para novos mercados em \u00c1frica e na Europa, continuamos empenhados em promover parcerias de longo prazo baseadas na inova\u00e7\u00e3o, integridade e sucesso partilhado. Guiada pelos nossos valores fundamentais de excel\u00eancia e foco no cliente, a CSTMG pretende liderar o sector mineiro global em dire\u00e7\u00e3o a um futuro mais produtivo e ambientalmente respons\u00e1vel.<\/p>\n<\/div>\n<\/div>\n<\/div>\n<\/div>\n<\/div>\n<\/div>","protected":false},"excerpt":{"rendered":"<p>About CSTMG Who We Are CSTMG is a nationally recognized high-tech enterprise dedicated to the research, development, and manufacturing of premium mining machinery. With a sprawling 200,000+ m\u00b2 production base and 109,000 m\u00b2 of advanced workshops, we combine scale with precision engineering. Our team of 690 professionals includes distinguished industry experts and a skilled technical &#8230; <\/p>\n<p class=\"read-more-container\"><a title=\"Sobre n\u00f3s\" class=\"read-more button\" href=\"https:\/\/cstmg.com\/pt\/about-us\/#more-285\" aria-label=\"Leia mais sobre About Us\">Ler mais<\/a><\/p>","protected":false},"author":1,"featured_media":0,"parent":0,"menu_order":0,"comment_status":"closed","ping_status":"closed","template":"","meta":{"footnotes":""},"class_list":{"0":"post-285","1":"page","2":"type-page","3":"status-publish","5":"no-featured-image-padding"},"_links":{"self":[{"href":"https:\/\/cstmg.com\/pt\/wp-json\/wp\/v2\/pages\/285","targetHints":{"allow":["GET"]}}],"collection":[{"href":"https:\/\/cstmg.com\/pt\/wp-json\/wp\/v2\/pages"}],"about":[{"href":"https:\/\/cstmg.com\/pt\/wp-json\/wp\/v2\/types\/page"}],"author":[{"embeddable":true,"href":"https:\/\/cstmg.com\/pt\/wp-json\/wp\/v2\/users\/1"}],"replies":[{"embeddable":true,"href":"https:\/\/cstmg.com\/pt\/wp-json\/wp\/v2\/comments?post=285"}],"version-history":[{"count":0,"href":"https:\/\/cstmg.com\/pt\/wp-json\/wp\/v2\/pages\/285\/revisions"}],"wp:attachment":[{"href":"https:\/\/cstmg.com\/pt\/wp-json\/wp\/v2\/media?parent=285"}],"curies":[{"name":"wp","href":"https:\/\/api.w.org\/{rel}","templated":true}]}}