{"id":1314,"date":"2025-08-14T17:04:58","date_gmt":"2025-08-14T09:04:58","guid":{"rendered":"https:\/\/cstmg.com\/?page_id=1314"},"modified":"2025-10-30T11:58:32","modified_gmt":"2025-10-30T03:58:32","slug":"solucao","status":"publish","type":"page","link":"https:\/\/cstmg.com\/pt\/solution\/","title":{"rendered":"Solu\u00e7\u00e3o"},"content":{"rendered":"<div class=\"gb-element-d265ae9a\">\n<div class=\"gb-element-61b9365e\">\n<div>\n<h1 class=\"gb-text\">Solu\u00e7\u00e3o<\/h1>\n<\/div>\n<\/div>\n<\/div>\n\n\n\n<div class=\"gb-element-dfb64bea\">\n<div class=\"gb-element-2b665d94\">\n<div>\n<div class=\"gb-element-e1f8f794\">\n<div>\n<h2 class=\"gb-text\">Instala\u00e7\u00e3o de tritura\u00e7\u00e3o de carv\u00e3o<\/h2>\n\n\n\n<div class=\"gb-element-d79e564b\">\n<div class=\"gb-element-b328a986\">\n<a class=\"gb-element-1cf814a2\" href=\"https:\/\/cstmg.com\/pt\/alimentador-de-placa\/\" target=\"_blank\" rel=\"noopener\">\n<div class=\"gb-element-07c577be\">\n<p class=\"gb-text gb-text-0c406665\">Alimentador de avental<\/p>\n<\/div>\n<\/a>\n\n\n\n<a class=\"gb-element-17ba2daf\" href=\"https:\/\/cstmg.com\/pt\/disjuntor-de-alimentacao\/\" target=\"_blank\" rel=\"noopener\">\n<div class=\"gb-element-e335d9d2\">\n<p class=\"gb-text gb-text-d4ac8211\">Disjuntor de alimenta\u00e7\u00e3o<\/p>\n<\/div>\n<\/a>\n\n\n\n<a class=\"gb-element-4f664f0d\" href=\"https:\/\/cstmg.com\/pt\/dimensionador-de-minerais\/\" target=\"_blank\" rel=\"noopener\">\n<div class=\"gb-element-ebbd77a2\">\n<p class=\"gb-text gb-text-b3777cee\">Calibrador de minerais<\/p>\n<\/div>\n<\/a>\n\n\n\n<a class=\"gb-element-325a4aa7\" href=\"#popmake-87\">\n<div class=\"gb-element-85fbe6f0\">\n<p class=\"gb-text gb-text-ab167e58\">Triturador de martelo<\/p>\n<\/div>\n<\/a>\n\n\n\n<a class=\"gb-element-dc6f9927\" href=\"https:\/\/cstmg.com\/pt\/ecra-banana\/\" target=\"_blank\" rel=\"noopener\">\n<div class=\"gb-element-a06ed493\">\n<p class=\"gb-text gb-text-aa72133c\">Ecr\u00e3 Banana<\/p>\n<\/div>\n<\/a>\n\n\n\n<a class=\"gb-element-b0623040\" href=\"https:\/\/cstmg.com\/pt\/ecra-de-rolos\/\" target=\"_blank\" rel=\"noopener\">\n<div class=\"gb-element-b72f16f3\">\n<p class=\"gb-text gb-text-8bb1c19a\">Ecr\u00e3 de rolos<\/p>\n<\/div>\n<\/a>\n\n\n\n<a class=\"gb-element-2519010b\" href=\"https:\/\/cstmg.com\/pt\/ecra-de-fluxo-invertido\/\" target=\"_blank\" rel=\"noopener\">\n<div class=\"gb-element-bfc18559\">\n<p class=\"gb-text gb-text-18589cb7\">Ecr\u00e3 de fluxo invertido<\/p>\n<\/div>\n<\/a>\n<\/div>\n<\/div>\n\n\n\n<div class=\"gb-element-545f0546\">\n<a class=\"gb-text gb-text-f300063c\" href=\"#popmake-87\">Obter um or\u00e7amento gratuito agora<\/a>\n<\/div>\n<\/div>\n<\/div>\n<\/div>\n<\/div>\n<\/div>\n\n\n\n<div>\n<div class=\"gb-element-d6684bef\">\n<div>\n<div class=\"gb-element-9d4d3912\">\n<div>\n<div class=\"gb-element-db16e664\">\n<img decoding=\"async\" width=\"1610\" height=\"540\" class=\"gb-media-3409a3ff\" alt=\"\" src=\"http:\/\/cstmg.com\/wp-content\/uploads\/2025\/10\/metal-ore-crushing-solution.jpg\" title=\"solu\u00e7\u00e3o para tritura\u00e7\u00e3o de min\u00e9rio met\u00e1lico\" srcset=\"https:\/\/cstmg.com\/wp-content\/uploads\/2025\/10\/metal-ore-crushing-solution.jpg 1610w, https:\/\/cstmg.com\/wp-content\/uploads\/2025\/10\/metal-ore-crushing-solution-300x101.jpg 300w, https:\/\/cstmg.com\/wp-content\/uploads\/2025\/10\/metal-ore-crushing-solution-1024x343.jpg 1024w, https:\/\/cstmg.com\/wp-content\/uploads\/2025\/10\/metal-ore-crushing-solution-768x258.jpg 768w, https:\/\/cstmg.com\/wp-content\/uploads\/2025\/10\/metal-ore-crushing-solution-1536x515.jpg 1536w, https:\/\/cstmg.com\/wp-content\/uploads\/2025\/10\/metal-ore-crushing-solution-18x6.jpg 18w\" sizes=\"(max-width: 1610px) 100vw, 1610px\" \/>\n\n\n\n<div class=\"gb-element-6ac9e668\">\n<h2 class=\"gb-text\">Extra\u00e7\u00e3o de metais<\/h2>\n\n\n\n<div class=\"gb-element-e9893891\">\n<div class=\"gb-element-12709953\">\n<a class=\"gb-element-16927aa0\" href=\"https:\/\/cstmg.com\/pt\/alimentador-de-placa\/\" target=\"_blank\" rel=\"noopener\">\n<div class=\"gb-element-1e8ff469\">\n<p class=\"gb-text gb-text-3db352a8\">Alimentador de avental<\/p>\n<\/div>\n<\/a>\n\n\n\n<a class=\"gb-element-446c66e0\" href=\"https:\/\/cstmg.com\/pt\/dimensionador-de-minerais\/\" target=\"_blank\" rel=\"noopener\">\n<div class=\"gb-element-24b2a68a\">\n<p class=\"gb-text gb-text-7bc08455\">Calibrador de minerais<\/p>\n<\/div>\n<\/a>\n\n\n\n<a class=\"gb-element-27cb5a96\" href=\"#popmake-87\">\n<div class=\"gb-element-7391dd97\">\n<p class=\"gb-text gb-text-b42616a6\">Triturador de mand\u00edbulas<\/p>\n<\/div>\n<\/a>\n\n\n\n<a class=\"gb-element-475b8465\" href=\"#popmake-87\">\n<div class=\"gb-element-52ea47f3\">\n<p class=\"gb-text gb-text-547f1d20\">Triturador de impacto<\/p>\n<\/div>\n<\/a>\n\n\n\n<a class=\"gb-element-2efe315e\" href=\"#popmake-87\">\n<div class=\"gb-element-d3994a09\">\n<p class=\"gb-text gb-text-bbf377a8\">Triturador de martelo<\/p>\n<\/div>\n<\/a>\n\n\n\n<a class=\"gb-element-91d11656\" href=\"#popmake-87\">\n<div class=\"gb-element-bbda4793\">\n<p class=\"gb-text gb-text-cb19ece3\">Triturador de cone<\/p>\n<\/div>\n<\/a>\n\n\n\n<a class=\"gb-element-0318fe4f\" href=\"#popmake-87\">\n<div class=\"gb-element-39d3c26c\">\n<p class=\"gb-text gb-text-53c8926d\">Triturador VSI<\/p>\n<\/div>\n<\/a>\n\n\n\n<a class=\"gb-element-ae883136\" href=\"https:\/\/cstmg.com\/pt\/ecra-de-rolos\/\" target=\"_blank\" rel=\"noopener\">\n<div class=\"gb-element-c9ec4a5e\">\n<p class=\"gb-text gb-text-57374d43\">Ecr\u00e3 de rolos<\/p>\n<\/div>\n<\/a>\n\n\n\n<a class=\"gb-element-69e1c178\" href=\"#popmake-87\" target=\"_blank\" rel=\"noopener\">\n<div class=\"gb-element-427eebb1\">\n<p class=\"gb-text gb-text-f7da95bd\">Alimentador vibrat\u00f3rio<\/p>\n<\/div>\n<\/a>\n\n\n\n<a class=\"gb-element-8d8314fd\" href=\"https:\/\/cstmg.com\/pt\/ecra-vibratorio-circular\/\" target=\"_blank\" rel=\"noopener\">\n<div class=\"gb-element-93e088bd\">\n<p class=\"gb-text gb-text-aa691095\">Peneira vibrat\u00f3ria circular<\/p>\n<\/div>\n<\/a>\n\n\n\n<a class=\"gb-element-d7f00763\" href=\"https:\/\/cstmg.com\/pt\/ecra-vibratorio-linear\/\" target=\"_blank\" rel=\"noopener\">\n<div class=\"gb-element-c8f5cb65\">\n<p class=\"gb-text gb-text-b0aa4f01\">Peneira vibrat\u00f3ria linear<\/p>\n<\/div>\n<\/a>\n\n\n\n<a class=\"gb-element-da7bb9d2\" href=\"#popmake-87\">\n<div class=\"gb-element-99dea3ba\">\n<p class=\"gb-text gb-text-5a151deb\">Peneira vibrat\u00f3ria de alta amplitude<\/p>\n<\/div>\n<\/a>\n\n\n\n<a class=\"gb-element-81f3a773\" href=\"#popmake-87\">\n<div class=\"gb-element-8cf910e8\">\n<p class=\"gb-text gb-text-d43543e2\">Peneira vibrat\u00f3ria de prote\u00e7\u00e3o ambiental<\/p>\n<\/div>\n<\/a>\n\n\n\n<a class=\"gb-element-94834d98\" href=\"#popmake-87\">\n<div class=\"gb-element-c12c7c18\">\n<p class=\"gb-text gb-text-c19bde1e\">M\u00e1quina vibrat\u00f3ria para extra\u00e7\u00e3o de min\u00e9rio<\/p>\n<\/div>\n<\/a>\n\n\n\n<a class=\"gb-element-87f1cccd\" href=\"#popmake-87\">\n<div class=\"gb-element-f43affe5\">\n<p class=\"gb-text gb-text-98efe470\">Filtro de correia a v\u00e1cuo pressurizado superior<\/p>\n<\/div>\n<\/a>\n\n\n\n<a class=\"gb-element-7ecda050\" href=\"#popmake-87\">\n<div class=\"gb-element-d3ed6bb7\">\n<p class=\"gb-text gb-text-7a9432fd\">Alimentador vibrat\u00f3rio de plasm\u00eddeos duplos<\/p>\n<\/div>\n<\/a>\n\n\n\n<a class=\"gb-element-cb768fbf\" href=\"#popmake-87\">\n<div class=\"gb-element-fce6add2\">\n<p class=\"gb-text gb-text-952d0c34\">M\u00e1quina de sele\u00e7\u00e3o de detectores de alta velocidade<\/p>\n<\/div>\n<\/a>\n\n\n\n<a class=\"gb-element-98e3782b\" href=\"#popmake-87\">\n<div class=\"gb-element-b8364c37\">\n<p class=\"gb-text gb-text-4c7dee4c\">Esta\u00e7\u00e3o de britagem semi-m\u00f3vel a c\u00e9u aberto<\/p>\n<\/div>\n<\/a>\n\n\n\n<a class=\"gb-element-a6557394\" href=\"#popmake-87\">\n<div class=\"gb-element-06080f0f\">\n<p class=\"gb-text gb-text-ca77cc99\">M\u00e1quina flutuante<\/p>\n<\/div>\n<\/a>\n\n\n\n<a class=\"gb-element-286ef897\" href=\"#popmake-87\">\n<div class=\"gb-element-e2ca6c99\">\n<p class=\"gb-text gb-text-ac146f87\">Alimentador de correia para servi\u00e7o pesado<\/p>\n<\/div>\n<\/a>\n\n\n\n<a class=\"gb-element-100afeda\" href=\"#popmake-87\">\n<div class=\"gb-element-3e2d8787\">\n<p class=\"gb-text gb-text-1a219c60\">Rolo de moagem de press\u00e3o<\/p>\n<\/div>\n<\/a>\n<\/div>\n<\/div>\n\n\n\n<div class=\"gb-element-1829f6f4\">\n<a class=\"gb-text gb-text-1c8e90b9\" href=\"#popmake-87\">Obter um or\u00e7amento gratuito agora<\/a>\n<\/div>\n<\/div>\n<\/div>\n<\/div>\n\n\n\n<div class=\"gb-element-c9863381\">\n<div class=\"gb-element-bc1edefe\">\n<img decoding=\"async\" width=\"800\" height=\"280\" class=\"gb-media-fbd54206\" alt=\"\" src=\"http:\/\/cstmg.com\/wp-content\/uploads\/2025\/08\/sand-gravel.jpg\" title=\"areia-cascalho\" srcset=\"https:\/\/cstmg.com\/wp-content\/uploads\/2025\/08\/sand-gravel.jpg 800w, https:\/\/cstmg.com\/wp-content\/uploads\/2025\/08\/sand-gravel-300x105.jpg 300w, https:\/\/cstmg.com\/wp-content\/uploads\/2025\/08\/sand-gravel-768x269.jpg 768w\" sizes=\"(max-width: 800px) 100vw, 800px\" \/>\n\n\n\n<div class=\"gb-element-93e98a7d\">\n<h2 class=\"gb-text\">Areia e agregados<\/h2>\n\n\n\n<div class=\"gb-element-d858c351\">\n<div class=\"gb-element-c0b4b36e\">\n<a class=\"gb-element-2275aca7\" href=\"https:\/\/cstmg.com\/pt\/alimentador-de-placa\/\" target=\"_blank\" rel=\"noopener\">\n<div class=\"gb-element-3094b59e\">\n<p class=\"gb-text gb-text-d7ba1fc0\">Alimentador de avental<\/p>\n<\/div>\n<\/a>\n\n\n\n<a class=\"gb-element-09137432\" href=\"https:\/\/cstmg.com\/pt\/dimensionador-de-minerais\/\" target=\"_blank\" rel=\"noopener\">\n<div class=\"gb-element-c17d70b6\">\n<p class=\"gb-text gb-text-b8525918\">Calibrador de minerais<\/p>\n<\/div>\n<\/a>\n\n\n\n<a class=\"gb-element-460e8889\" href=\"#popmake-87\">\n<div class=\"gb-element-cf8020a0\">\n<p class=\"gb-text gb-text-d16434b8\">Triturador de mand\u00edbulas<\/p>\n<\/div>\n<\/a>\n\n\n\n<a class=\"gb-element-5f552cbd\" href=\"#popmake-87\">\n<div class=\"gb-element-a4710653\">\n<p class=\"gb-text gb-text-d334c828\">Triturador de impacto<\/p>\n<\/div>\n<\/a>\n\n\n\n<a class=\"gb-element-19fd1944\" href=\"#popmake-87\">\n<div class=\"gb-element-bec4962c\">\n<p class=\"gb-text gb-text-03ac55f2\">Triturador de martelo<\/p>\n<\/div>\n<\/a>\n\n\n\n<a class=\"gb-element-57fa58e5\" href=\"#popmake-87\">\n<div class=\"gb-element-45a12ca0\">\n<p class=\"gb-text gb-text-9ea1c269\">Triturador de cone<\/p>\n<\/div>\n<\/a>\n\n\n\n<a class=\"gb-element-cb76c133\" href=\"#popmake-87\">\n<div class=\"gb-element-179ebd20\">\n<p class=\"gb-text gb-text-b28134ed\">Triturador VSI<\/p>\n<\/div>\n<\/a>\n\n\n\n<a class=\"gb-element-cec88e29\" href=\"https:\/\/cstmg.com\/pt\/ecra-de-rolos\/\" target=\"_blank\" rel=\"noopener\">\n<div class=\"gb-element-61a62f78\">\n<p class=\"gb-text gb-text-3af303bf\">Ecr\u00e3 de rolos<\/p>\n<\/div>\n<\/a>\n\n\n\n<a class=\"gb-element-ecfe79cd\" href=\"https:\/\/cstmg.com\/pt\/ecra-banana\/\" target=\"_blank\" rel=\"noopener\">\n<div class=\"gb-element-42ecca31\">\n<p class=\"gb-text gb-text-16d9f640\">Ecr\u00e3 Banana<\/p>\n<\/div>\n<\/a>\n\n\n\n<a class=\"gb-element-3db43467\" href=\"https:\/\/cstmg.com\/pt\/ecra-de-fluxo-invertido\/\" target=\"_blank\" rel=\"noopener\">\n<div class=\"gb-element-cdb2b4d5\">\n<p class=\"gb-text gb-text-670b2942\">Ecr\u00e3 de fluxo invertido<\/p>\n<\/div>\n<\/a>\n\n\n\n<a class=\"gb-element-8f470b83\" href=\"https:\/\/cstmg.com\/pt\/ecra-vibratorio-circular\/\" target=\"_blank\" rel=\"noopener\">\n<div class=\"gb-element-9d490486\">\n<p class=\"gb-text gb-text-aed6cee0\">Peneira vibrat\u00f3ria circular<\/p>\n<\/div>\n<\/a>\n\n\n\n<a class=\"gb-element-9e002ba2\" href=\"https:\/\/cstmg.com\/pt\/ecra-vibratorio-linear\/\" target=\"_blank\" rel=\"noopener\">\n<div class=\"gb-element-ae862756\">\n<p class=\"gb-text gb-text-465f0290\">Peneira vibrat\u00f3ria linear<\/p>\n<\/div>\n<\/a>\n\n\n\n<a class=\"gb-element-86dcc7c7\" href=\"#popmake-87\">\n<div class=\"gb-element-f23ea43b\">\n<p class=\"gb-text gb-text-aa42d2fd\">Peneira vibrat\u00f3ria de prote\u00e7\u00e3o ambiental<\/p>\n<\/div>\n<\/a>\n\n\n\n<a class=\"gb-element-8365a792\" href=\"#popmake-87\">\n<div class=\"gb-element-3d34da53\">\n<p class=\"gb-text gb-text-028cf5f6\">Peneira vibrat\u00f3ria de alta amplitude<\/p>\n<\/div>\n<\/a>\n\n\n\n<a class=\"gb-element-6a046302\" href=\"#popmake-87\">\n<div class=\"gb-element-f1967966\">\n<p class=\"gb-text gb-text-f489d3cc\">M\u00e1quina vibrat\u00f3ria para extra\u00e7\u00e3o de min\u00e9rio<\/p>\n<\/div>\n<\/a>\n<\/div>\n<\/div>\n\n\n\n<div class=\"gb-element-06441b20\">\n<a class=\"gb-text gb-text-7bd2e39f\" href=\"#popmake-87\">Obter um or\u00e7amento gratuito agora<\/a>\n<\/div>\n<\/div>\n<\/div>\n<\/div>\n\n\n\n<div>\n<div class=\"gb-element-f9bef7fa\">\n<img decoding=\"async\" width=\"800\" height=\"280\" class=\"gb-media-1ece58be\" alt=\"\" src=\"http:\/\/cstmg.com\/wp-content\/uploads\/2025\/08\/crushing-plant.jpg\" title=\"planta de tritura\u00e7\u00e3o\" srcset=\"https:\/\/cstmg.com\/wp-content\/uploads\/2025\/08\/crushing-plant.jpg 800w, https:\/\/cstmg.com\/wp-content\/uploads\/2025\/08\/crushing-plant-300x105.jpg 300w, https:\/\/cstmg.com\/wp-content\/uploads\/2025\/08\/crushing-plant-768x269.jpg 768w\" sizes=\"(max-width: 800px) 100vw, 800px\" \/>\n\n\n\n<div class=\"gb-element-f2760c1e\">\n<h2 class=\"gb-text\">Instala\u00e7\u00e3o de tritura\u00e7\u00e3o<\/h2>\n\n\n\n<div class=\"gb-element-0d0a8ff8\">\n<div class=\"gb-element-f38a8d12\">\n<a class=\"gb-element-39dea1bc\" href=\"https:\/\/cstmg.com\/pt\/alimentador-de-placa\/\" target=\"_blank\" rel=\"noopener\">\n<div class=\"gb-element-4f50f373\">\n<p class=\"gb-text gb-text-27b2003e\">Alimentador de avental<\/p>\n<\/div>\n<\/a>\n\n\n\n<a class=\"gb-element-989b8f3a\" href=\"https:\/\/cstmg.com\/pt\/dimensionador-de-minerais\/\" target=\"_blank\" rel=\"noopener\">\n<div class=\"gb-element-33af844e\">\n<p class=\"gb-text gb-text-9f607649\">Calibrador de minerais<\/p>\n<\/div>\n<\/a>\n\n\n\n<a class=\"gb-element-ba397917\" href=\"https:\/\/cstmg.com\/pt\/ecra-de-rolos\/\" target=\"_blank\" rel=\"noopener\">\n<div class=\"gb-element-5e1f643f\">\n<p class=\"gb-text gb-text-851368b2\">Ecr\u00e3 de rolos<\/p>\n<\/div>\n<\/a>\n\n\n\n<a class=\"gb-element-3a2ceaed\" href=\"https:\/\/cstmg.com\/pt\/disjuntor-de-alimentacao\/\" target=\"_blank\" rel=\"noopener\">\n<div class=\"gb-element-a0a0d643\">\n<p class=\"gb-text gb-text-3773cc7e\">Disjuntor de alimenta\u00e7\u00e3o<\/p>\n<\/div>\n<\/a>\n\n\n\n<a class=\"gb-element-343b3603\" href=\"https:\/\/cstmg.com\/pt\/ecra-banana\/\" target=\"_blank\" rel=\"noopener\">\n<div class=\"gb-element-6f1f2800\">\n<p class=\"gb-text gb-text-9f2fae5f\">Ecr\u00e3 Banana<\/p>\n<\/div>\n<\/a>\n\n\n\n<a class=\"gb-element-e88dbcdb\" href=\"https:\/\/cstmg.com\/pt\/ecra-de-fluxo-invertido\/\" target=\"_blank\" rel=\"noopener\">\n<div class=\"gb-element-32e34ab0\">\n<p class=\"gb-text gb-text-d645c87f\">Ecr\u00e3 de fluxo invertido<\/p>\n<\/div>\n<\/a>\n\n\n\n<a class=\"gb-element-f0acd46f\" href=\"https:\/\/cstmg.com\/pt\/ecra-vibratorio-circular\/\" target=\"_blank\" rel=\"noopener\">\n<div class=\"gb-element-aa2345fb\">\n<p class=\"gb-text gb-text-908ffc38\">Peneira vibrat\u00f3ria circular<\/p>\n<\/div>\n<\/a>\n\n\n\n<a class=\"gb-element-774b7d3c\" href=\"#popmake-87\">\n<div class=\"gb-element-9e9f7f06\">\n<p class=\"gb-text gb-text-d1ca35c4\">Esta\u00e7\u00e3o de britagem semi-m\u00f3vel a c\u00e9u aberto<\/p>\n<\/div>\n<\/a>\n\n\n\n<a class=\"gb-element-08cb0046\" href=\"#popmake-87\">\n<div class=\"gb-element-13fd6871\">\n<p class=\"gb-text gb-text-5e8a5d70\">Alimentador de correia para pregos quantitativo pesado<\/p>\n<\/div>\n<\/a>\n<\/div>\n<\/div>\n\n\n\n<div class=\"gb-element-72af74ae\">\n<a class=\"gb-text gb-text-03f42c80\" href=\"#popmake-87\">Obter um or\u00e7amento gratuito agora<\/a>\n<\/div>\n<\/div>\n<\/div>\n<\/div>\n<\/div>\n<\/div>\n<\/div>\n<\/div>","protected":false},"excerpt":{"rendered":"<p>Solution Coal Crushing Plant Apron Feeder Feeder Breaker Mineral Sizer Hammer Crusher Banana Screen Roller Screen Flip Flow Screen Get A Free Quote Now Metal Mining Apron Feeder Mineral Sizer Jaw Crusher Impact Crusher Hammer Crusher Cone Crusher VSI Crusher Roller Screen Vibrating Feeder Circular Vibrating Screen Linear Vibrating Screen High Amplitude Vibrating Screen Environmental &#8230; <\/p>\n<p class=\"read-more-container\"><a title=\"Solu\u00e7\u00e3o\" class=\"read-more button\" href=\"https:\/\/cstmg.com\/pt\/solution\/#more-1314\" aria-label=\"Leia mais sobre Solution\">Ler mais<\/a><\/p>","protected":false},"author":1,"featured_media":0,"parent":0,"menu_order":0,"comment_status":"closed","ping_status":"closed","template":"","meta":{"footnotes":""},"class_list":{"0":"post-1314","1":"page","2":"type-page","3":"status-publish","5":"no-featured-image-padding"},"_links":{"self":[{"href":"https:\/\/cstmg.com\/pt\/wp-json\/wp\/v2\/pages\/1314","targetHints":{"allow":["GET"]}}],"collection":[{"href":"https:\/\/cstmg.com\/pt\/wp-json\/wp\/v2\/pages"}],"about":[{"href":"https:\/\/cstmg.com\/pt\/wp-json\/wp\/v2\/types\/page"}],"author":[{"embeddable":true,"href":"https:\/\/cstmg.com\/pt\/wp-json\/wp\/v2\/users\/1"}],"replies":[{"embeddable":true,"href":"https:\/\/cstmg.com\/pt\/wp-json\/wp\/v2\/comments?post=1314"}],"version-history":[{"count":0,"href":"https:\/\/cstmg.com\/pt\/wp-json\/wp\/v2\/pages\/1314\/revisions"}],"wp:attachment":[{"href":"https:\/\/cstmg.com\/pt\/wp-json\/wp\/v2\/media?parent=1314"}],"curies":[{"name":"wp","href":"https:\/\/api.w.org\/{rel}","templated":true}]}}