{"id":1033,"date":"2025-07-30T09:19:30","date_gmt":"2025-07-30T09:19:30","guid":{"rendered":"https:\/\/cstmg.com\/?page_id=1033"},"modified":"2025-12-18T15:01:29","modified_gmt":"2025-12-18T07:01:29","slug":"forca-comercial","status":"publish","type":"page","link":"https:\/\/cstmg.com\/pt\/business-strength\/","title":{"rendered":"For\u00e7a comercial"},"content":{"rendered":"<div class=\"gb-element-d265ae9a\">\n<div class=\"gb-element-61b9365e\">\n<div>\n<h1 class=\"gb-text\">For\u00e7a comercial<\/h1>\n<\/div>\n<\/div>\n<\/div>\n\n\n\n<div>\n<div class=\"gb-element-c5bd73e0\">\n<div>\n<div class=\"gb-element-89184799\">\n<div>\n<div>\n<h2 class=\"gb-text\">Lideran\u00e7a tecnol\u00f3gica<\/h2>\n<\/div>\n<\/div>\n\n\n\n<div>\n<div>\n<p class=\"gb-text\">O CSTMG mant\u00e9m um rigoroso sistema de gest\u00e3o da qualidade e emprega metodologias de teste de produtos de ponta. Como pioneiros na ind\u00fastria, fomos dos primeiros a obter a certifica\u00e7\u00e3o do Sistema de Gest\u00e3o da Qualidade ISO9001, mantendo consistentemente a qualidade dos produtos a n\u00edveis l\u00edderes na ind\u00fastria. A nossa excel\u00eancia tecnol\u00f3gica \u00e9 demonstrada atrav\u00e9s da propriedade de <mark style=\"background-color:rgba(0, 0, 0, 0)\" class=\"has-inline-color has-global-color-10-color\">mais de 60 patentes nacionais e v\u00e1rios pr\u00e9mios<\/mark>incluindo prestigiadas distin\u00e7\u00f5es cient\u00edficas e tecnol\u00f3gicas a n\u00edvel nacional e provincial.<\/p>\n<\/div>\n<\/div>\n<\/div>\n<\/div>\n<\/div>\n<\/div>\n\n\n\n<div class=\"gb-element-78ac933a\">\n<div class=\"gb-element-8bfe9e0f\">\n<div>\n<div>\n<div class=\"gb-element-78732d0f\">\n<div class=\"gb-element-cb1b41a4\">\n<div class=\"gb-element-98f34da1\">\n<h2 class=\"gb-text\">Fabrico inteligente<\/h2>\n\n\n\n<p>A CSTMG destaca-se no fabrico inteligente com equipamento de processamento avan\u00e7ado como&nbsp;<em>Tornos verticais para trabalhos pesados<\/em>e&nbsp;<em>M\u00e1quinas de corte a plasma CNC<\/em>garantindo uma engenharia de precis\u00e3o. Os nossos&nbsp;<em>Sistema de controlo centralizado el\u00e9trico<\/em>integra a automa\u00e7\u00e3o inteligente para esta\u00e7\u00f5es de britagem, com arm\u00e1rios GGD controlados por PLC, arrancadores suaves e regula\u00e7\u00e3o de velocidade de frequ\u00eancia vari\u00e1vel para uma produ\u00e7\u00e3o optimizada. Desde o processamento CNC automatizado \u00e0 monitoriza\u00e7\u00e3o em tempo real com sensores inteligentes, a CSTMG combina tecnologia de ponta com protocolos de seguran\u00e7a robustos (prote\u00e7\u00e3o contra sobrecarga, paragens de emerg\u00eancia) para aumentar a efici\u00eancia e a fiabilidade nas ind\u00fastrias mineira e pesada.<\/p>\n<\/div>\n<\/div>\n\n\n\n<div>\n<div>\n<div class=\"gb-element-aec7447d\">\n<div>\n<div>\n<figure class=\"wp-block-embed is-type-video is-provider-youtube wp-block-embed-youtube wp-embed-aspect-16-9 wp-has-aspect-ratio\"><div class=\"wp-block-embed__wrapper\">\n<iframe title=\"Triturador de rolos duplos a trabalhar na planta de tritura\u00e7\u00e3o\" width=\"563\" height=\"1000\" src=\"https:\/\/www.youtube.com\/embed\/ANRD0I9OQJs?feature=oembed\" frameborder=\"0\" allow=\"accelerometer; autoplay; clipboard-write; encrypted-media; gyroscope; picture-in-picture; web-share\" referrerpolicy=\"strict-origin-when-cross-origin\" allowfullscreen><\/iframe>\n<\/div><\/figure>\n<\/div>\n<\/div>\n\n\n\n<div>\n<div>\n<figure class=\"wp-block-embed is-type-video is-provider-youtube wp-block-embed-youtube wp-embed-aspect-16-9 wp-has-aspect-ratio\"><div class=\"wp-block-embed__wrapper\">\n<iframe title=\"Teste do triturador de quatro rolos e desempenho de tritura\u00e7\u00e3o\" width=\"1200\" height=\"675\" src=\"https:\/\/www.youtube.com\/embed\/R37-jhU81fI?feature=oembed\" frameborder=\"0\" allow=\"accelerometer; autoplay; clipboard-write; encrypted-media; gyroscope; picture-in-picture; web-share\" referrerpolicy=\"strict-origin-when-cross-origin\" allowfullscreen><\/iframe>\n<\/div><\/figure>\n<\/div>\n<\/div>\n\n\n\n<div>\n<div>\n<figure class=\"wp-block-embed is-type-video is-provider-youtube wp-block-embed-youtube wp-embed-aspect-16-9 wp-has-aspect-ratio\"><div class=\"wp-block-embed__wrapper\">\n<iframe title=\"V\u00eddeo de funcionamento do disjuntor alimentador\" width=\"1200\" height=\"675\" src=\"https:\/\/www.youtube.com\/embed\/FFda5QT91PA?feature=oembed\" frameborder=\"0\" allow=\"accelerometer; autoplay; clipboard-write; encrypted-media; gyroscope; picture-in-picture; web-share\" referrerpolicy=\"strict-origin-when-cross-origin\" allowfullscreen><\/iframe>\n<\/div><\/figure>\n<\/div>\n<\/div>\n\n\n\n<div>\n<div>\n<figure class=\"wp-block-embed is-type-video is-provider-youtube wp-block-embed-youtube wp-embed-aspect-16-9 wp-has-aspect-ratio\"><div class=\"wp-block-embed__wrapper\">\n<iframe title=\"Peneira vibrat\u00f3ria circular: Opera\u00e7\u00e3o no local e produ\u00e7\u00e3o na f\u00e1brica\" width=\"1200\" height=\"675\" src=\"https:\/\/www.youtube.com\/embed\/vKA7TNNfG7o?feature=oembed\" frameborder=\"0\" allow=\"accelerometer; autoplay; clipboard-write; encrypted-media; gyroscope; picture-in-picture; web-share\" referrerpolicy=\"strict-origin-when-cross-origin\" allowfullscreen><\/iframe>\n<\/div><\/figure>\n<\/div>\n<\/div>\n<\/div>\n<\/div>\n<\/div>\n<\/div>\n<\/div>\n\n\n\n<div class=\"gb-element-f58fccf8\">\n<h1 class=\"gb-text gb-text-24516321\"><em>CSTMG<\/em><\/h1>\n<\/div>\n<\/div>\n<\/div>\n<\/div>\n\n\n\n<div>\n<div class=\"gb-element-7721b498\">\n<div>\n<div>\n<div class=\"gb-element-b773380c\">\n<div class=\"gb-element-44cfd413\">\n<img decoding=\"async\" width=\"700\" height=\"462\" class=\"gb-media-99ec43ae\" alt=\"\" src=\"http:\/\/cstmg.com\/wp-content\/uploads\/2025\/10\/about1.jpg\" title=\"cerca de 1\" srcset=\"https:\/\/cstmg.com\/wp-content\/uploads\/2025\/10\/about1.jpg 700w, https:\/\/cstmg.com\/wp-content\/uploads\/2025\/10\/about1-300x198.jpg 300w, https:\/\/cstmg.com\/wp-content\/uploads\/2025\/10\/about1-18x12.jpg 18w\" sizes=\"(max-width: 700px) 100vw, 700px\" \/>\n<\/div>\n\n\n\n<div class=\"gb-element-92384c2a\">\n<div>\n<h2 class=\"gb-text\">Produ\u00e7\u00e3o enxuta<\/h2>\n\n\n\n<p class=\"gb-text\">A CSTMG adoptou os princ\u00edpios da produ\u00e7\u00e3o optimizada para maximizar a efici\u00eancia e minimizar o desperd\u00edcio nas nossas opera\u00e7\u00f5es de fabrico. Ao implementar fluxos de materiais just-in-time, maquina\u00e7\u00e3o de precis\u00e3o automatizada e sistemas de invent\u00e1rio inteligentes, simplific\u00e1mos os processos de produ\u00e7\u00e3o, mantendo ao mesmo tempo padr\u00f5es de qualidade rigorosos. A nossa cultura de melhoria cont\u00ednua, apoiada pela monitoriza\u00e7\u00e3o IoT em tempo real e pela inova\u00e7\u00e3o impulsionada pelos funcion\u00e1rios, alcan\u00e7ou resultados mensur\u00e1veis, incluindo ciclos de produ\u00e7\u00e3o 20% mais r\u00e1pidos e uma redu\u00e7\u00e3o de 15% no desperd\u00edcio de material.<\/p>\n\n\n\n<p>Estas metodologias lean aumentam a nossa competitividade no fornecimento de maquinaria pesada de elevado desempenho, optimizando a utiliza\u00e7\u00e3o de recursos ao longo do ciclo de vida da produ\u00e7\u00e3o.<\/p>\n<\/div>\n<\/div>\n<\/div>\n<\/div>\n<\/div>\n<\/div>\n<\/div>\n\n\n\n<div class=\"gb-element-ab5d4a2e\"><div class=\"carousel-slider-outer carousel-slider-outer-image-carousel carousel-slider-outer-1146\" style=\"--carousel-slider-nav-color:#f1f1f1;--carousel-slider-active-nav-color:#00d1b2;--carousel-slider-arrow-size:48px;--carousel-slider-bullet-size:10px\">\n<div id=\"&#039;id-1146\" class=\"carousel-slider carousel-slider-1146 arrows-visibility-hover dots-visibility-never arrows-inside dots-center dots-circle owl-carousel\" data-slide-type=\"image-carousel\" data-owl-settings='{\"nav\":true,\"dots\":false,\"slideBy\":1,\"stagePadding\":0,\"margin\":10,\"loop\":true,\"lazyLoad\":false,\"autoplay\":true,\"autoplayTimeout\":5000,\"autoplaySpeed\":500,\"autoplayHoverPause\":true,\"autoWidth\":false,\"responsive\":{\"300\":{\"items\":2},\"576\":{\"items\":2},\"768\":{\"items\":2},\"1024\":{\"items\":3},\"1280\":{\"items\":4},\"1536\":{\"items\":5}}}'>\n<div class=\"carousel-slider__item\">\n\t<img decoding=\"async\" width=\"450\" height=\"320\" src=\"https:\/\/cstmg.com\/wp-content\/uploads\/2025\/10\/business-strength-4.png\" class=\"attachment-medium_large size-medium_large\" alt=\"\" srcset=\"https:\/\/cstmg.com\/wp-content\/uploads\/2025\/10\/business-strength-4.png 450w, https:\/\/cstmg.com\/wp-content\/uploads\/2025\/10\/business-strength-4-300x213.png 300w, https:\/\/cstmg.com\/wp-content\/uploads\/2025\/10\/business-strength-4-18x12.png 18w\" sizes=\"(max-width: 450px) 100vw, 450px\" \/><\/a><\/div>\n\n<div class=\"carousel-slider__item\">\n\t<img decoding=\"async\" width=\"450\" height=\"320\" src=\"https:\/\/cstmg.com\/wp-content\/uploads\/2025\/10\/business-strength-5.png\" class=\"attachment-medium_large size-medium_large\" alt=\"\" srcset=\"https:\/\/cstmg.com\/wp-content\/uploads\/2025\/10\/business-strength-5.png 450w, https:\/\/cstmg.com\/wp-content\/uploads\/2025\/10\/business-strength-5-300x213.png 300w, https:\/\/cstmg.com\/wp-content\/uploads\/2025\/10\/business-strength-5-18x12.png 18w\" sizes=\"(max-width: 450px) 100vw, 450px\" \/><\/a><\/div>\n\n<div class=\"carousel-slider__item\">\n\t<img decoding=\"async\" width=\"450\" height=\"320\" src=\"https:\/\/cstmg.com\/wp-content\/uploads\/2025\/10\/business-strength-3.png\" class=\"attachment-medium_large size-medium_large\" alt=\"\" srcset=\"https:\/\/cstmg.com\/wp-content\/uploads\/2025\/10\/business-strength-3.png 450w, https:\/\/cstmg.com\/wp-content\/uploads\/2025\/10\/business-strength-3-300x213.png 300w, https:\/\/cstmg.com\/wp-content\/uploads\/2025\/10\/business-strength-3-18x12.png 18w\" sizes=\"(max-width: 450px) 100vw, 450px\" \/><\/a><\/div>\n\n<div class=\"carousel-slider__item\">\n\t<img decoding=\"async\" width=\"450\" height=\"320\" src=\"https:\/\/cstmg.com\/wp-content\/uploads\/2025\/10\/business-strength-1.png\" class=\"attachment-medium_large size-medium_large\" alt=\"\" srcset=\"https:\/\/cstmg.com\/wp-content\/uploads\/2025\/10\/business-strength-1.png 450w, https:\/\/cstmg.com\/wp-content\/uploads\/2025\/10\/business-strength-1-300x213.png 300w, https:\/\/cstmg.com\/wp-content\/uploads\/2025\/10\/business-strength-1-18x12.png 18w\" sizes=\"(max-width: 450px) 100vw, 450px\" \/><\/a><\/div>\n\n<div class=\"carousel-slider__item\">\n\t<img decoding=\"async\" width=\"450\" height=\"320\" src=\"https:\/\/cstmg.com\/wp-content\/uploads\/2025\/10\/business-strength-2.png\" class=\"attachment-medium_large size-medium_large\" alt=\"\" srcset=\"https:\/\/cstmg.com\/wp-content\/uploads\/2025\/10\/business-strength-2.png 450w, https:\/\/cstmg.com\/wp-content\/uploads\/2025\/10\/business-strength-2-300x213.png 300w, https:\/\/cstmg.com\/wp-content\/uploads\/2025\/10\/business-strength-2-18x12.png 18w\" sizes=\"(max-width: 450px) 100vw, 450px\" \/><\/a><\/div>\n\n<div class=\"carousel-slider__item\">\n\t<img decoding=\"async\" width=\"450\" height=\"320\" src=\"https:\/\/cstmg.com\/wp-content\/uploads\/2025\/10\/business-strength-6.png\" class=\"attachment-medium_large size-medium_large\" alt=\"\" srcset=\"https:\/\/cstmg.com\/wp-content\/uploads\/2025\/10\/business-strength-6.png 450w, https:\/\/cstmg.com\/wp-content\/uploads\/2025\/10\/business-strength-6-300x213.png 300w, https:\/\/cstmg.com\/wp-content\/uploads\/2025\/10\/business-strength-6-18x12.png 18w\" sizes=\"(max-width: 450px) 100vw, 450px\" \/><\/a><\/div>\n\n<div class=\"carousel-slider__item\">\n\t<img decoding=\"async\" width=\"450\" height=\"320\" src=\"https:\/\/cstmg.com\/wp-content\/uploads\/2025\/10\/business-strength-7.png\" class=\"attachment-medium_large size-medium_large\" alt=\"\" srcset=\"https:\/\/cstmg.com\/wp-content\/uploads\/2025\/10\/business-strength-7.png 450w, https:\/\/cstmg.com\/wp-content\/uploads\/2025\/10\/business-strength-7-300x213.png 300w, https:\/\/cstmg.com\/wp-content\/uploads\/2025\/10\/business-strength-7-18x12.png 18w\" sizes=\"(max-width: 450px) 100vw, 450px\" \/><\/a><\/div>\n\n<div class=\"carousel-slider__item\">\n\t<img decoding=\"async\" width=\"450\" height=\"320\" src=\"https:\/\/cstmg.com\/wp-content\/uploads\/2025\/10\/business-strength-8.png\" class=\"attachment-medium_large size-medium_large\" alt=\"\" srcset=\"https:\/\/cstmg.com\/wp-content\/uploads\/2025\/10\/business-strength-8.png 450w, https:\/\/cstmg.com\/wp-content\/uploads\/2025\/10\/business-strength-8-300x213.png 300w, https:\/\/cstmg.com\/wp-content\/uploads\/2025\/10\/business-strength-8-18x12.png 18w\" sizes=\"(max-width: 450px) 100vw, 450px\" \/><\/a><\/div>\n\n<div class=\"carousel-slider__item\">\n\t<img decoding=\"async\" width=\"450\" height=\"320\" src=\"https:\/\/cstmg.com\/wp-content\/uploads\/2025\/10\/business-strength-9.png\" class=\"attachment-medium_large size-medium_large\" alt=\"\" srcset=\"https:\/\/cstmg.com\/wp-content\/uploads\/2025\/10\/business-strength-9.png 450w, https:\/\/cstmg.com\/wp-content\/uploads\/2025\/10\/business-strength-9-300x213.png 300w, https:\/\/cstmg.com\/wp-content\/uploads\/2025\/10\/business-strength-9-18x12.png 18w\" sizes=\"(max-width: 450px) 100vw, 450px\" \/><\/a><\/div>\n\n<div class=\"carousel-slider__item\">\n\t<img decoding=\"async\" width=\"450\" height=\"320\" src=\"https:\/\/cstmg.com\/wp-content\/uploads\/2025\/10\/business-strength-10.png\" class=\"attachment-medium_large size-medium_large\" alt=\"\" srcset=\"https:\/\/cstmg.com\/wp-content\/uploads\/2025\/10\/business-strength-10.png 450w, https:\/\/cstmg.com\/wp-content\/uploads\/2025\/10\/business-strength-10-300x213.png 300w, https:\/\/cstmg.com\/wp-content\/uploads\/2025\/10\/business-strength-10-18x12.png 18w\" sizes=\"(max-width: 450px) 100vw, 450px\" \/><\/a><\/div>\n\n<div class=\"carousel-slider__item\">\n\t<img decoding=\"async\" width=\"450\" height=\"320\" src=\"https:\/\/cstmg.com\/wp-content\/uploads\/2025\/10\/business-strength-11.png\" class=\"attachment-medium_large size-medium_large\" alt=\"\" srcset=\"https:\/\/cstmg.com\/wp-content\/uploads\/2025\/10\/business-strength-11.png 450w, https:\/\/cstmg.com\/wp-content\/uploads\/2025\/10\/business-strength-11-300x213.png 300w, https:\/\/cstmg.com\/wp-content\/uploads\/2025\/10\/business-strength-11-18x12.png 18w\" sizes=\"(max-width: 450px) 100vw, 450px\" \/><\/a><\/div>\n\n<div class=\"carousel-slider__item\">\n\t<img decoding=\"async\" width=\"450\" height=\"320\" src=\"https:\/\/cstmg.com\/wp-content\/uploads\/2025\/10\/business-strength-12.png\" class=\"attachment-medium_large size-medium_large\" alt=\"\" srcset=\"https:\/\/cstmg.com\/wp-content\/uploads\/2025\/10\/business-strength-12.png 450w, https:\/\/cstmg.com\/wp-content\/uploads\/2025\/10\/business-strength-12-300x213.png 300w, https:\/\/cstmg.com\/wp-content\/uploads\/2025\/10\/business-strength-12-18x12.png 18w\" sizes=\"(max-width: 450px) 100vw, 450px\" \/><\/a><\/div>\n\n<div class=\"carousel-slider__item\">\n\t<img decoding=\"async\" width=\"450\" height=\"320\" src=\"https:\/\/cstmg.com\/wp-content\/uploads\/2025\/10\/business-strength-13.png\" class=\"attachment-medium_large size-medium_large\" alt=\"\" srcset=\"https:\/\/cstmg.com\/wp-content\/uploads\/2025\/10\/business-strength-13.png 450w, https:\/\/cstmg.com\/wp-content\/uploads\/2025\/10\/business-strength-13-300x213.png 300w, https:\/\/cstmg.com\/wp-content\/uploads\/2025\/10\/business-strength-13-18x12.png 18w\" sizes=\"(max-width: 450px) 100vw, 450px\" \/><\/a><\/div>\n\n<div class=\"carousel-slider__item\">\n\t<img decoding=\"async\" width=\"450\" height=\"320\" src=\"https:\/\/cstmg.com\/wp-content\/uploads\/2025\/10\/business-strength-14.png\" class=\"attachment-medium_large size-medium_large\" alt=\"\" srcset=\"https:\/\/cstmg.com\/wp-content\/uploads\/2025\/10\/business-strength-14.png 450w, https:\/\/cstmg.com\/wp-content\/uploads\/2025\/10\/business-strength-14-300x213.png 300w, https:\/\/cstmg.com\/wp-content\/uploads\/2025\/10\/business-strength-14-18x12.png 18w\" sizes=\"(max-width: 450px) 100vw, 450px\" \/><\/a><\/div>\n\n<div class=\"carousel-slider__item\">\n\t<img decoding=\"async\" width=\"450\" height=\"320\" src=\"https:\/\/cstmg.com\/wp-content\/uploads\/2025\/10\/business-strength-15.png\" class=\"attachment-medium_large size-medium_large\" alt=\"\" srcset=\"https:\/\/cstmg.com\/wp-content\/uploads\/2025\/10\/business-strength-15.png 450w, https:\/\/cstmg.com\/wp-content\/uploads\/2025\/10\/business-strength-15-300x213.png 300w, https:\/\/cstmg.com\/wp-content\/uploads\/2025\/10\/business-strength-15-18x12.png 18w\" sizes=\"(max-width: 450px) 100vw, 450px\" \/><\/a><\/div>\n\n<div class=\"carousel-slider__item\">\n\t<img decoding=\"async\" width=\"450\" height=\"320\" src=\"https:\/\/cstmg.com\/wp-content\/uploads\/2025\/10\/business-strength-16.png\" class=\"attachment-medium_large size-medium_large\" alt=\"\" srcset=\"https:\/\/cstmg.com\/wp-content\/uploads\/2025\/10\/business-strength-16.png 450w, https:\/\/cstmg.com\/wp-content\/uploads\/2025\/10\/business-strength-16-300x213.png 300w, https:\/\/cstmg.com\/wp-content\/uploads\/2025\/10\/business-strength-16-18x12.png 18w\" sizes=\"(max-width: 450px) 100vw, 450px\" \/><\/a><\/div>\n\n<div class=\"carousel-slider__item\">\n\t<img decoding=\"async\" width=\"450\" height=\"320\" src=\"https:\/\/cstmg.com\/wp-content\/uploads\/2025\/10\/business-strength-17.png\" class=\"attachment-medium_large size-medium_large\" alt=\"\" srcset=\"https:\/\/cstmg.com\/wp-content\/uploads\/2025\/10\/business-strength-17.png 450w, https:\/\/cstmg.com\/wp-content\/uploads\/2025\/10\/business-strength-17-300x213.png 300w, https:\/\/cstmg.com\/wp-content\/uploads\/2025\/10\/business-strength-17-18x12.png 18w\" sizes=\"(max-width: 450px) 100vw, 450px\" \/><\/a><\/div>\n\n<div class=\"carousel-slider__item\">\n\t<img decoding=\"async\" width=\"450\" height=\"320\" src=\"https:\/\/cstmg.com\/wp-content\/uploads\/2025\/10\/business-strength-18.png\" class=\"attachment-medium_large size-medium_large\" alt=\"\" srcset=\"https:\/\/cstmg.com\/wp-content\/uploads\/2025\/10\/business-strength-18.png 450w, https:\/\/cstmg.com\/wp-content\/uploads\/2025\/10\/business-strength-18-300x213.png 300w, https:\/\/cstmg.com\/wp-content\/uploads\/2025\/10\/business-strength-18-18x12.png 18w\" sizes=\"(max-width: 450px) 100vw, 450px\" \/><\/a><\/div>\n\n<div class=\"carousel-slider__item\">\n\t<img decoding=\"async\" width=\"450\" height=\"320\" src=\"https:\/\/cstmg.com\/wp-content\/uploads\/2025\/10\/business-strength-19.png\" class=\"attachment-medium_large size-medium_large\" alt=\"\" srcset=\"https:\/\/cstmg.com\/wp-content\/uploads\/2025\/10\/business-strength-19.png 450w, https:\/\/cstmg.com\/wp-content\/uploads\/2025\/10\/business-strength-19-300x213.png 300w, https:\/\/cstmg.com\/wp-content\/uploads\/2025\/10\/business-strength-19-18x12.png 18w\" sizes=\"(max-width: 450px) 100vw, 450px\" \/><\/a><\/div>\n\n<div class=\"carousel-slider__item\">\n\t<img decoding=\"async\" width=\"450\" height=\"320\" src=\"https:\/\/cstmg.com\/wp-content\/uploads\/2025\/10\/business-strength-20.png\" class=\"attachment-medium_large size-medium_large\" alt=\"\" srcset=\"https:\/\/cstmg.com\/wp-content\/uploads\/2025\/10\/business-strength-20.png 450w, https:\/\/cstmg.com\/wp-content\/uploads\/2025\/10\/business-strength-20-300x213.png 300w, https:\/\/cstmg.com\/wp-content\/uploads\/2025\/10\/business-strength-20-18x12.png 18w\" sizes=\"(max-width: 450px) 100vw, 450px\" \/><\/a><\/div>\n\n<div class=\"carousel-slider__item\">\n\t<img decoding=\"async\" width=\"450\" height=\"320\" src=\"https:\/\/cstmg.com\/wp-content\/uploads\/2025\/10\/business-strength-21.png\" class=\"attachment-medium_large size-medium_large\" alt=\"\" srcset=\"https:\/\/cstmg.com\/wp-content\/uploads\/2025\/10\/business-strength-21.png 450w, https:\/\/cstmg.com\/wp-content\/uploads\/2025\/10\/business-strength-21-300x213.png 300w, https:\/\/cstmg.com\/wp-content\/uploads\/2025\/10\/business-strength-21-18x12.png 18w\" sizes=\"(max-width: 450px) 100vw, 450px\" \/><\/a><\/div>\n\n<\/div><!-- .carousel-slider-1146 -->\n<\/div><!-- .carousel-slider-outer-1146 -->\n\n<\/div>\n\n\n\n<div class=\"gb-element-f88a0118\">\n<div class=\"gb-element-9e0a1063\">\n<div class=\"gb-element-cdeb9352\">\n<div class=\"gb-element-171ae1bf\">\n<h2 class=\"gb-text gb-text-29cb33b1\"><mark style=\"background-color:rgba(0, 0, 0, 0)\" class=\"has-inline-color has-global-color-10-color\">Capacidade de fabrico<\/mark><\/h2>\n\n\n\n<p class=\"gb-text gb-text-0e3fd2c0\">Como fabricante l\u00edder de sistemas de tritura\u00e7\u00e3o, crivagem e manuseamento de materiais a granel, a CSTMG opera mais de 140 unidades de fabrico avan\u00e7adas, incluindo Centros de Maquina\u00e7\u00e3o de P\u00f3rtico de Cinco Eixos e Centros de Maquina\u00e7\u00e3o Horizontal CNC. Esta infraestrutura de ponta, apoiada por rigorosos sistemas de gest\u00e3o de processamento, permite-nos entregar encomendas em grande escala e solu\u00e7\u00f5es personalizadas com precis\u00e3o.<\/p>\n\n\n\n<p class=\"gb-text gb-text-5e9a5b7c\">O nosso portf\u00f3lio de produtos abrange sistemas de tritura\u00e7\u00e3o\/peneiramento de alta capacidade (at\u00e9 3.500 t\/h para minas a c\u00e9u aberto), linhas especializadas de processamento de carv\u00e3o\/xisto betuminoso (30.000 toneladas\/dia) e sistemas de manuseamento de materiais ecol\u00f3gicos - todos certificados com Marcas de Seguran\u00e7a de Produtos Mineiros e apoiados por v\u00e1rias patentes nacionais.<\/p>\n\n\n\n<p class=\"gb-text\">Desde o projeto de engenharia at\u00e9 ao comissionamento, integramos britagem, transporte, controlo de poeiras e automa\u00e7\u00e3o inteligente em solu\u00e7\u00f5es chave-na-m\u00e3o para carv\u00e3o, min\u00e9rios e minerais industriais.<\/p>\n<\/div>\n<\/div>\n<\/div>\n<\/div>","protected":false},"excerpt":{"rendered":"<p>Business Strength Technology Leadership CSTMG maintains a rigorous quality management system and employs cutting-edge product testing methodologies. As an industry pioneer, we were among the first to obtain ISO9001 Quality Management System certification, consistently maintaining product quality at industry-leading levels. Our technological excellence is demonstrated through ownership of over 60 national patents and multiple awards, &#8230; <\/p>\n<p class=\"read-more-container\"><a title=\"For\u00e7a comercial\" class=\"read-more button\" href=\"https:\/\/cstmg.com\/pt\/business-strength\/#more-1033\" aria-label=\"Leia mais sobre Business Strength\">Ler mais<\/a><\/p>","protected":false},"author":1,"featured_media":0,"parent":0,"menu_order":0,"comment_status":"closed","ping_status":"closed","template":"","meta":{"footnotes":""},"class_list":{"0":"post-1033","1":"page","2":"type-page","3":"status-publish","5":"no-featured-image-padding"},"_links":{"self":[{"href":"https:\/\/cstmg.com\/pt\/wp-json\/wp\/v2\/pages\/1033","targetHints":{"allow":["GET"]}}],"collection":[{"href":"https:\/\/cstmg.com\/pt\/wp-json\/wp\/v2\/pages"}],"about":[{"href":"https:\/\/cstmg.com\/pt\/wp-json\/wp\/v2\/types\/page"}],"author":[{"embeddable":true,"href":"https:\/\/cstmg.com\/pt\/wp-json\/wp\/v2\/users\/1"}],"replies":[{"embeddable":true,"href":"https:\/\/cstmg.com\/pt\/wp-json\/wp\/v2\/comments?post=1033"}],"version-history":[{"count":0,"href":"https:\/\/cstmg.com\/pt\/wp-json\/wp\/v2\/pages\/1033\/revisions"}],"wp:attachment":[{"href":"https:\/\/cstmg.com\/pt\/wp-json\/wp\/v2\/media?parent=1033"}],"curies":[{"name":"wp","href":"https:\/\/api.w.org\/{rel}","templated":true}]}}