{"id":285,"date":"2025-07-15T03:02:06","date_gmt":"2025-07-15T03:02:06","guid":{"rendered":"https:\/\/cstmg.com\/?page_id=285"},"modified":"2025-10-30T18:07:33","modified_gmt":"2025-10-30T10:07:33","slug":"chi-siamo","status":"publish","type":"page","link":"https:\/\/cstmg.com\/it\/about-us\/","title":{"rendered":"Chi siamo"},"content":{"rendered":"<div class=\"gb-element-d265ae9a\">\n<div class=\"gb-element-61b9365e\">\n<div>\n<h1 class=\"gb-text\">Informazioni sul CSTMG<\/h1>\n<\/div>\n<\/div>\n<\/div>\n\n\n\n<div>\n<div class=\"gb-element-c5bd73e0\">\n<div>\n<div class=\"gb-element-c28c58e4\">\n<div class=\"gb-element-1685e405\">\n<img decoding=\"async\" width=\"700\" height=\"462\" class=\"gb-media-5aa84a1e\" alt=\"\" src=\"http:\/\/cstmg.com\/wp-content\/uploads\/2025\/10\/about1.jpg\" title=\"circa1\" srcset=\"https:\/\/cstmg.com\/wp-content\/uploads\/2025\/10\/about1.jpg 700w, https:\/\/cstmg.com\/wp-content\/uploads\/2025\/10\/about1-300x198.jpg 300w, https:\/\/cstmg.com\/wp-content\/uploads\/2025\/10\/about1-18x12.jpg 18w\" sizes=\"(max-width: 700px) 100vw, 700px\" \/>\n<\/div>\n\n\n\n<div class=\"gb-element-766800d9\">\n<div class=\"gb-element-195cafd8\">\n<h2 class=\"gb-text\">Chi siamo<\/h2>\n\n\n\n<p>Il CSTMG \u00e8 un'azienda high-tech riconosciuta a livello nazionale che si occupa di <strong>la ricerca, lo sviluppo e la produzione di macchinari per l'estrazione mineraria di alta qualit\u00e0<\/strong>. Con una base produttiva di oltre 200.000 m\u00b2 e 109.000 m\u00b2 di officine avanzate, combiniamo scala e ingegneria di precisione. Il nostro team di 690 professionisti comprende illustri esperti del settore e una forza lavoro tecnica qualificata, che guida l'innovazione in ogni progetto. Con un patrimonio totale di 438 milioni di RMB e oltre 60 brevetti nazionali, sosteniamo i pi\u00f9 alti standard di qualit\u00e0, certificati dalla norma ISO 9001. Le nostre attrezzature, dalle stazioni di frantumazione ai sistemi di vagliatura, sono destinate a settori critici come il carbone, l'industria mineraria e la metallurgia, con un'impronta crescente in tutto il sud-est asiatico e oltre.<\/p>\n<\/div>\n<\/div>\n<\/div>\n<\/div>\n<\/div>\n<\/div>\n\n\n\n<div>\n<div class=\"gb-element-05bf6871\">\n<div>\n<div class=\"gb-element-37b7d454\">\n<div class=\"gb-element-2e15a3b1\">\n<img decoding=\"async\" width=\"700\" height=\"462\" class=\"gb-media-86436708\" alt=\"\" src=\"http:\/\/cstmg.com\/wp-content\/uploads\/2025\/10\/about2.jpg\" title=\"circa2\" srcset=\"https:\/\/cstmg.com\/wp-content\/uploads\/2025\/10\/about2.jpg 700w, https:\/\/cstmg.com\/wp-content\/uploads\/2025\/10\/about2-300x198.jpg 300w, https:\/\/cstmg.com\/wp-content\/uploads\/2025\/10\/about2-18x12.jpg 18w\" sizes=\"(max-width: 700px) 100vw, 700px\" \/>\n<\/div>\n\n\n\n<div class=\"gb-element-fa81dd76\">\n<div class=\"gb-element-25acd5b4\">\n<h2 class=\"gb-text\">Cosa facciamo<\/h2>\n\n\n\n<p>Siamo specializzati nella fornitura di attrezzature minerarie robuste e ad alte prestazioni, progettate per massimizzare la produttivit\u00e0 negli ambienti pi\u00f9 difficili. Il nostro portafoglio prodotti comprende <strong>impianti di frantumazione mobili e stazionari, frantoi a doppio rullo per un'efficiente selezione dei minerali, alimentatori a nastro e a cestello per una gestione precisa dei materiali e vagli vibranti avanzati per una classificazione ottimale.<\/strong>. Queste soluzioni sono progettate per soddisfare le rigorose esigenze di miniere di carbone, cave e centrali elettriche, garantendo l'affidabilit\u00e0 in condizioni estreme. Oltre alla produzione, forniamo un'assistenza completa, dalla progettazione e installazione personalizzata alla formazione degli operatori e alla manutenzione, garantendo un'integrazione perfetta e un successo operativo a lungo termine per i nostri clienti in tutto il mondo.<\/p>\n<\/div>\n<\/div>\n<\/div>\n<\/div>\n<\/div>\n<\/div>\n\n\n\n<div>\n<div class=\"gb-element-cda0895c\">\n<div>\n<div class=\"gb-element-80a854f7\">\n<div class=\"gb-element-f71b83b1\">\n<img decoding=\"async\" width=\"700\" height=\"462\" class=\"gb-media-e9df87bd\" alt=\"\" src=\"http:\/\/cstmg.com\/wp-content\/uploads\/2025\/10\/about3.jpg\" title=\"circa 3\" srcset=\"https:\/\/cstmg.com\/wp-content\/uploads\/2025\/10\/about3.jpg 700w, https:\/\/cstmg.com\/wp-content\/uploads\/2025\/10\/about3-300x198.jpg 300w, https:\/\/cstmg.com\/wp-content\/uploads\/2025\/10\/about3-18x12.jpg 18w\" sizes=\"(max-width: 700px) 100vw, 700px\" \/>\n<\/div>\n\n\n\n<div class=\"gb-element-b831dd91\">\n<div class=\"gb-element-b55cfe51\">\n<h2 class=\"gb-text\">Forza CSTMG<\/h2>\n\n\n\n<p>CSTMG si distingue per l'innovazione continua, la qualit\u00e0 superiore e l'impegno costante verso i clienti. Le nostre scoperte in materia di R&amp;S, <strong>testimoniato da oltre 60 brevetti e molteplici riconoscimenti nazionali<\/strong>hanno ridefinito gli standard del settore in termini di efficienza e durata. Ogni prodotto \u00e8 sottoposto a test rigorosi nei nostri impianti all'avanguardia, che garantiscono una maggiore durata e tempi di inattivit\u00e0 ridotti. Con una comprovata esperienza in mercati diversi, dalle temperature gelide del Kazakistan ai climi umidi del sud-est asiatico, adattiamo la nostra tecnologia alle sfide locali mantenendo la conformit\u00e0 ambientale globale. La nostra rete di assistenza dedicata garantisce una risposta rapida e un supporto a vita, rafforzando la nostra reputazione di partner di fiducia nella produzione mineraria e di aggregati.<\/p>\n<\/div>\n<\/div>\n<\/div>\n<\/div>\n<\/div>\n<\/div>\n\n\n\n<div>\n<div class=\"gb-element-2f1979e0\">\n<div>\n<div class=\"gb-element-4c24ca3e\">\n<div class=\"gb-element-80496905\">\n<img decoding=\"async\" width=\"700\" height=\"462\" class=\"gb-media-c04c685b\" alt=\"\" src=\"http:\/\/cstmg.com\/wp-content\/uploads\/2025\/10\/about4.jpg\" title=\"circa 4\" srcset=\"https:\/\/cstmg.com\/wp-content\/uploads\/2025\/10\/about4.jpg 700w, https:\/\/cstmg.com\/wp-content\/uploads\/2025\/10\/about4-300x198.jpg 300w, https:\/\/cstmg.com\/wp-content\/uploads\/2025\/10\/about4-18x12.jpg 18w\" sizes=\"(max-width: 700px) 100vw, 700px\" \/>\n<\/div>\n\n\n\n<div class=\"gb-element-b25874f3\">\n<div class=\"gb-element-fbe7922f\">\n<h2 class=\"gb-text\">La nostra visione<\/h2>\n\n\n\n<p>Guidati dalla missione di creare soluzioni minerarie di livello mondiale, stiamo plasmando il futuro del settore attraverso tecnologie pi\u00f9 intelligenti, pi\u00f9 ecologiche e pi\u00f9 efficienti. Investiamo molto nell'automazione guidata dall'intelligenza artificiale e nei progetti di risparmio energetico per aiutare i nostri clienti a realizzare operazioni sostenibili ed economicamente vantaggiose. Mentre ci espandiamo in nuovi mercati in Africa e in Europa, rimaniamo impegnati a promuovere partnership a lungo termine basate su innovazione, integrit\u00e0 e successo condiviso. Guidata dai nostri valori fondamentali di eccellenza e attenzione al cliente, CSTMG mira a guidare il settore minerario globale verso un futuro pi\u00f9 produttivo e responsabile dal punto di vista ambientale.<\/p>\n<\/div>\n<\/div>\n<\/div>\n<\/div>\n<\/div>\n<\/div>","protected":false},"excerpt":{"rendered":"<p>About CSTMG Who We Are CSTMG is a nationally recognized high-tech enterprise dedicated to the research, development, and manufacturing of premium mining machinery. With a sprawling 200,000+ m\u00b2 production base and 109,000 m\u00b2 of advanced workshops, we combine scale with precision engineering. Our team of 690 professionals includes distinguished industry experts and a skilled technical &#8230; <\/p>\n<p class=\"read-more-container\"><a title=\"Chi siamo\" class=\"read-more button\" href=\"https:\/\/cstmg.com\/it\/about-us\/#more-285\" aria-label=\"Per saperne di pi\u00f9 su About Us\">Leggi tutto<\/a><\/p>","protected":false},"author":1,"featured_media":0,"parent":0,"menu_order":0,"comment_status":"closed","ping_status":"closed","template":"","meta":{"footnotes":""},"class_list":{"0":"post-285","1":"page","2":"type-page","3":"status-publish","5":"no-featured-image-padding"},"_links":{"self":[{"href":"https:\/\/cstmg.com\/it\/wp-json\/wp\/v2\/pages\/285","targetHints":{"allow":["GET"]}}],"collection":[{"href":"https:\/\/cstmg.com\/it\/wp-json\/wp\/v2\/pages"}],"about":[{"href":"https:\/\/cstmg.com\/it\/wp-json\/wp\/v2\/types\/page"}],"author":[{"embeddable":true,"href":"https:\/\/cstmg.com\/it\/wp-json\/wp\/v2\/users\/1"}],"replies":[{"embeddable":true,"href":"https:\/\/cstmg.com\/it\/wp-json\/wp\/v2\/comments?post=285"}],"version-history":[{"count":0,"href":"https:\/\/cstmg.com\/it\/wp-json\/wp\/v2\/pages\/285\/revisions"}],"wp:attachment":[{"href":"https:\/\/cstmg.com\/it\/wp-json\/wp\/v2\/media?parent=285"}],"curies":[{"name":"wp","href":"https:\/\/api.w.org\/{rel}","templated":true}]}}