{"id":1033,"date":"2025-07-30T09:19:30","date_gmt":"2025-07-30T09:19:30","guid":{"rendered":"https:\/\/cstmg.com\/?page_id=1033"},"modified":"2025-12-18T15:01:29","modified_gmt":"2025-12-18T07:01:29","slug":"forza-del-business","status":"publish","type":"page","link":"https:\/\/cstmg.com\/it\/business-strength\/","title":{"rendered":"Forza commerciale"},"content":{"rendered":"<div class=\"gb-element-d265ae9a\">\n<div class=\"gb-element-61b9365e\">\n<div>\n<h1 class=\"gb-text\">Forza commerciale<\/h1>\n<\/div>\n<\/div>\n<\/div>\n\n\n\n<div>\n<div class=\"gb-element-c5bd73e0\">\n<div>\n<div class=\"gb-element-89184799\">\n<div>\n<div>\n<h2 class=\"gb-text\">Leadership tecnologica<\/h2>\n<\/div>\n<\/div>\n\n\n\n<div>\n<div>\n<p class=\"gb-text\">CSTMG applica un rigoroso sistema di gestione della qualit\u00e0 e impiega metodologie di test dei prodotti all'avanguardia. In qualit\u00e0 di pionieri del settore, siamo stati tra i primi a ottenere la certificazione del sistema di gestione della qualit\u00e0 ISO9001, mantenendo costantemente la qualit\u00e0 dei prodotti a livelli leader del settore. La nostra eccellenza tecnologica \u00e8 dimostrata dalla propriet\u00e0 di <mark style=\"background-color:rgba(0, 0, 0, 0)\" class=\"has-inline-color has-global-color-10-color\">oltre 60 brevetti nazionali e molteplici riconoscimenti<\/mark>tra cui prestigiose onorificenze scientifiche e tecnologiche a livello nazionale e provinciale.<\/p>\n<\/div>\n<\/div>\n<\/div>\n<\/div>\n<\/div>\n<\/div>\n\n\n\n<div class=\"gb-element-78ac933a\">\n<div class=\"gb-element-8bfe9e0f\">\n<div>\n<div>\n<div class=\"gb-element-78732d0f\">\n<div class=\"gb-element-cb1b41a4\">\n<div class=\"gb-element-98f34da1\">\n<h2 class=\"gb-text\">Produzione intelligente<\/h2>\n\n\n\n<p>Il CSTMG eccelle nella produzione intelligente con attrezzature di lavorazione avanzate quali&nbsp;<em>Torni verticali per impieghi gravosi<\/em>e&nbsp;<em>Macchine per il taglio al plasma CNC<\/em>garantendo un'ingegneria di precisione. Il nostro&nbsp;<em>Sistema di controllo centralizzato elettrico<\/em>integra un'automazione intelligente per le stazioni di frantumazione, con armadi GGD controllati da PLC, soft starter e regolazione della velocit\u00e0 a frequenza variabile per ottimizzare la produzione. Dall'elaborazione automatizzata dei CNC al monitoraggio in tempo reale con sensori intelligenti, CSTMG combina una tecnologia all'avanguardia con solidi protocolli di sicurezza (protezione da sovraccarico, arresti di emergenza) per migliorare l'efficienza e l'affidabilit\u00e0 dell'industria mineraria e pesante.<\/p>\n<\/div>\n<\/div>\n\n\n\n<div>\n<div>\n<div class=\"gb-element-aec7447d\">\n<div>\n<div>\n<figure class=\"wp-block-embed is-type-video is-provider-youtube wp-block-embed-youtube wp-embed-aspect-16-9 wp-has-aspect-ratio\"><div class=\"wp-block-embed__wrapper\">\n<iframe title=\"Frantoio a doppio rullo in funzione nell&#039;impianto di frantumazione\" width=\"563\" height=\"1000\" src=\"https:\/\/www.youtube.com\/embed\/ANRD0I9OQJs?feature=oembed\" frameborder=\"0\" allow=\"accelerometer; autoplay; clipboard-write; encrypted-media; gyroscope; picture-in-picture; web-share\" referrerpolicy=\"strict-origin-when-cross-origin\" allowfullscreen><\/iframe>\n<\/div><\/figure>\n<\/div>\n<\/div>\n\n\n\n<div>\n<div>\n<figure class=\"wp-block-embed is-type-video is-provider-youtube wp-block-embed-youtube wp-embed-aspect-16-9 wp-has-aspect-ratio\"><div class=\"wp-block-embed__wrapper\">\n<iframe title=\"Test del frantoio a quattro rulli e prestazioni di frantumazione\" width=\"1200\" height=\"675\" src=\"https:\/\/www.youtube.com\/embed\/R37-jhU81fI?feature=oembed\" frameborder=\"0\" allow=\"accelerometer; autoplay; clipboard-write; encrypted-media; gyroscope; picture-in-picture; web-share\" referrerpolicy=\"strict-origin-when-cross-origin\" allowfullscreen><\/iframe>\n<\/div><\/figure>\n<\/div>\n<\/div>\n\n\n\n<div>\n<div>\n<figure class=\"wp-block-embed is-type-video is-provider-youtube wp-block-embed-youtube wp-embed-aspect-16-9 wp-has-aspect-ratio\"><div class=\"wp-block-embed__wrapper\">\n<iframe title=\"Video dimostrativo del funzionamento dell&#039;interruttore dell&#039;alimentatore\" width=\"1200\" height=\"675\" src=\"https:\/\/www.youtube.com\/embed\/FFda5QT91PA?feature=oembed\" frameborder=\"0\" allow=\"accelerometer; autoplay; clipboard-write; encrypted-media; gyroscope; picture-in-picture; web-share\" referrerpolicy=\"strict-origin-when-cross-origin\" allowfullscreen><\/iframe>\n<\/div><\/figure>\n<\/div>\n<\/div>\n\n\n\n<div>\n<div>\n<figure class=\"wp-block-embed is-type-video is-provider-youtube wp-block-embed-youtube wp-embed-aspect-16-9 wp-has-aspect-ratio\"><div class=\"wp-block-embed__wrapper\">\n<iframe title=\"Vaglio vibrante circolare: Funzionamento in loco e produzione in fabbrica\" width=\"1200\" height=\"675\" src=\"https:\/\/www.youtube.com\/embed\/vKA7TNNfG7o?feature=oembed\" frameborder=\"0\" allow=\"accelerometer; autoplay; clipboard-write; encrypted-media; gyroscope; picture-in-picture; web-share\" referrerpolicy=\"strict-origin-when-cross-origin\" allowfullscreen><\/iframe>\n<\/div><\/figure>\n<\/div>\n<\/div>\n<\/div>\n<\/div>\n<\/div>\n<\/div>\n<\/div>\n\n\n\n<div class=\"gb-element-f58fccf8\">\n<h1 class=\"gb-text gb-text-24516321\"><em>CSTMG<\/em><\/h1>\n<\/div>\n<\/div>\n<\/div>\n<\/div>\n\n\n\n<div>\n<div class=\"gb-element-7721b498\">\n<div>\n<div>\n<div class=\"gb-element-b773380c\">\n<div class=\"gb-element-44cfd413\">\n<img decoding=\"async\" width=\"700\" height=\"462\" class=\"gb-media-99ec43ae\" alt=\"\" src=\"http:\/\/cstmg.com\/wp-content\/uploads\/2025\/10\/about1.jpg\" title=\"circa1\" srcset=\"https:\/\/cstmg.com\/wp-content\/uploads\/2025\/10\/about1.jpg 700w, https:\/\/cstmg.com\/wp-content\/uploads\/2025\/10\/about1-300x198.jpg 300w, https:\/\/cstmg.com\/wp-content\/uploads\/2025\/10\/about1-18x12.jpg 18w\" sizes=\"(max-width: 700px) 100vw, 700px\" \/>\n<\/div>\n\n\n\n<div class=\"gb-element-92384c2a\">\n<div>\n<h2 class=\"gb-text\">Produzione snella<\/h2>\n\n\n\n<p class=\"gb-text\">CSTMG ha adottato i principi della produzione snella per massimizzare l'efficienza e ridurre al minimo gli sprechi nelle nostre operazioni di produzione. Grazie all'implementazione di flussi di materiali just-in-time, lavorazioni di precisione automatizzate e sistemi di inventario intelligenti, abbiamo snellito i processi di produzione mantenendo rigorosi standard di qualit\u00e0. La nostra cultura del miglioramento continuo, supportata dal monitoraggio IoT in tempo reale e dall'innovazione guidata dai dipendenti, ha ottenuto risultati misurabili, tra cui 20% di cicli di produzione pi\u00f9 rapidi e 15% di riduzione degli scarti di materiale.<\/p>\n\n\n\n<p>Queste metodologie snelle aumentano la nostra competitivit\u00e0 nella fornitura di macchinari pesanti ad alte prestazioni, ottimizzando l'utilizzo delle risorse durante l'intero ciclo di vita della produzione.<\/p>\n<\/div>\n<\/div>\n<\/div>\n<\/div>\n<\/div>\n<\/div>\n<\/div>\n\n\n\n<div class=\"gb-element-ab5d4a2e\"><div class=\"carousel-slider-outer carousel-slider-outer-image-carousel carousel-slider-outer-1146\" style=\"--carousel-slider-nav-color:#f1f1f1;--carousel-slider-active-nav-color:#00d1b2;--carousel-slider-arrow-size:48px;--carousel-slider-bullet-size:10px\">\n<div id=\"&#039;id-1146\" class=\"carousel-slider carousel-slider-1146 arrows-visibility-hover dots-visibility-never arrows-inside dots-center dots-circle owl-carousel\" data-slide-type=\"image-carousel\" data-owl-settings='{\"nav\":true,\"dots\":false,\"slideBy\":1,\"stagePadding\":0,\"margin\":10,\"loop\":true,\"lazyLoad\":false,\"autoplay\":true,\"autoplayTimeout\":5000,\"autoplaySpeed\":500,\"autoplayHoverPause\":true,\"autoWidth\":false,\"responsive\":{\"300\":{\"items\":2},\"576\":{\"items\":2},\"768\":{\"items\":2},\"1024\":{\"items\":3},\"1280\":{\"items\":4},\"1536\":{\"items\":5}}}'>\n<div class=\"carousel-slider__item\">\n\t<img decoding=\"async\" width=\"450\" height=\"320\" src=\"https:\/\/cstmg.com\/wp-content\/uploads\/2025\/10\/business-strength-4.png\" class=\"attachment-medium_large size-medium_large\" alt=\"\" srcset=\"https:\/\/cstmg.com\/wp-content\/uploads\/2025\/10\/business-strength-4.png 450w, https:\/\/cstmg.com\/wp-content\/uploads\/2025\/10\/business-strength-4-300x213.png 300w, https:\/\/cstmg.com\/wp-content\/uploads\/2025\/10\/business-strength-4-18x12.png 18w\" sizes=\"(max-width: 450px) 100vw, 450px\" \/><\/a><\/div>\n\n<div class=\"carousel-slider__item\">\n\t<img decoding=\"async\" width=\"450\" height=\"320\" src=\"https:\/\/cstmg.com\/wp-content\/uploads\/2025\/10\/business-strength-5.png\" class=\"attachment-medium_large size-medium_large\" alt=\"\" srcset=\"https:\/\/cstmg.com\/wp-content\/uploads\/2025\/10\/business-strength-5.png 450w, https:\/\/cstmg.com\/wp-content\/uploads\/2025\/10\/business-strength-5-300x213.png 300w, https:\/\/cstmg.com\/wp-content\/uploads\/2025\/10\/business-strength-5-18x12.png 18w\" sizes=\"(max-width: 450px) 100vw, 450px\" \/><\/a><\/div>\n\n<div class=\"carousel-slider__item\">\n\t<img decoding=\"async\" width=\"450\" height=\"320\" src=\"https:\/\/cstmg.com\/wp-content\/uploads\/2025\/10\/business-strength-3.png\" class=\"attachment-medium_large size-medium_large\" alt=\"\" srcset=\"https:\/\/cstmg.com\/wp-content\/uploads\/2025\/10\/business-strength-3.png 450w, https:\/\/cstmg.com\/wp-content\/uploads\/2025\/10\/business-strength-3-300x213.png 300w, https:\/\/cstmg.com\/wp-content\/uploads\/2025\/10\/business-strength-3-18x12.png 18w\" sizes=\"(max-width: 450px) 100vw, 450px\" \/><\/a><\/div>\n\n<div class=\"carousel-slider__item\">\n\t<img decoding=\"async\" width=\"450\" height=\"320\" src=\"https:\/\/cstmg.com\/wp-content\/uploads\/2025\/10\/business-strength-1.png\" class=\"attachment-medium_large size-medium_large\" alt=\"\" srcset=\"https:\/\/cstmg.com\/wp-content\/uploads\/2025\/10\/business-strength-1.png 450w, https:\/\/cstmg.com\/wp-content\/uploads\/2025\/10\/business-strength-1-300x213.png 300w, https:\/\/cstmg.com\/wp-content\/uploads\/2025\/10\/business-strength-1-18x12.png 18w\" sizes=\"(max-width: 450px) 100vw, 450px\" \/><\/a><\/div>\n\n<div class=\"carousel-slider__item\">\n\t<img decoding=\"async\" width=\"450\" height=\"320\" src=\"https:\/\/cstmg.com\/wp-content\/uploads\/2025\/10\/business-strength-2.png\" class=\"attachment-medium_large size-medium_large\" alt=\"\" srcset=\"https:\/\/cstmg.com\/wp-content\/uploads\/2025\/10\/business-strength-2.png 450w, https:\/\/cstmg.com\/wp-content\/uploads\/2025\/10\/business-strength-2-300x213.png 300w, https:\/\/cstmg.com\/wp-content\/uploads\/2025\/10\/business-strength-2-18x12.png 18w\" sizes=\"(max-width: 450px) 100vw, 450px\" \/><\/a><\/div>\n\n<div class=\"carousel-slider__item\">\n\t<img decoding=\"async\" width=\"450\" height=\"320\" src=\"https:\/\/cstmg.com\/wp-content\/uploads\/2025\/10\/business-strength-6.png\" class=\"attachment-medium_large size-medium_large\" alt=\"\" srcset=\"https:\/\/cstmg.com\/wp-content\/uploads\/2025\/10\/business-strength-6.png 450w, https:\/\/cstmg.com\/wp-content\/uploads\/2025\/10\/business-strength-6-300x213.png 300w, https:\/\/cstmg.com\/wp-content\/uploads\/2025\/10\/business-strength-6-18x12.png 18w\" sizes=\"(max-width: 450px) 100vw, 450px\" \/><\/a><\/div>\n\n<div class=\"carousel-slider__item\">\n\t<img decoding=\"async\" width=\"450\" height=\"320\" src=\"https:\/\/cstmg.com\/wp-content\/uploads\/2025\/10\/business-strength-7.png\" class=\"attachment-medium_large size-medium_large\" alt=\"\" srcset=\"https:\/\/cstmg.com\/wp-content\/uploads\/2025\/10\/business-strength-7.png 450w, https:\/\/cstmg.com\/wp-content\/uploads\/2025\/10\/business-strength-7-300x213.png 300w, https:\/\/cstmg.com\/wp-content\/uploads\/2025\/10\/business-strength-7-18x12.png 18w\" sizes=\"(max-width: 450px) 100vw, 450px\" \/><\/a><\/div>\n\n<div class=\"carousel-slider__item\">\n\t<img decoding=\"async\" width=\"450\" height=\"320\" src=\"https:\/\/cstmg.com\/wp-content\/uploads\/2025\/10\/business-strength-8.png\" class=\"attachment-medium_large size-medium_large\" alt=\"\" srcset=\"https:\/\/cstmg.com\/wp-content\/uploads\/2025\/10\/business-strength-8.png 450w, https:\/\/cstmg.com\/wp-content\/uploads\/2025\/10\/business-strength-8-300x213.png 300w, https:\/\/cstmg.com\/wp-content\/uploads\/2025\/10\/business-strength-8-18x12.png 18w\" sizes=\"(max-width: 450px) 100vw, 450px\" \/><\/a><\/div>\n\n<div class=\"carousel-slider__item\">\n\t<img decoding=\"async\" width=\"450\" height=\"320\" src=\"https:\/\/cstmg.com\/wp-content\/uploads\/2025\/10\/business-strength-9.png\" class=\"attachment-medium_large size-medium_large\" alt=\"\" srcset=\"https:\/\/cstmg.com\/wp-content\/uploads\/2025\/10\/business-strength-9.png 450w, https:\/\/cstmg.com\/wp-content\/uploads\/2025\/10\/business-strength-9-300x213.png 300w, https:\/\/cstmg.com\/wp-content\/uploads\/2025\/10\/business-strength-9-18x12.png 18w\" sizes=\"(max-width: 450px) 100vw, 450px\" \/><\/a><\/div>\n\n<div class=\"carousel-slider__item\">\n\t<img decoding=\"async\" width=\"450\" height=\"320\" src=\"https:\/\/cstmg.com\/wp-content\/uploads\/2025\/10\/business-strength-10.png\" class=\"attachment-medium_large size-medium_large\" alt=\"\" srcset=\"https:\/\/cstmg.com\/wp-content\/uploads\/2025\/10\/business-strength-10.png 450w, https:\/\/cstmg.com\/wp-content\/uploads\/2025\/10\/business-strength-10-300x213.png 300w, https:\/\/cstmg.com\/wp-content\/uploads\/2025\/10\/business-strength-10-18x12.png 18w\" sizes=\"(max-width: 450px) 100vw, 450px\" \/><\/a><\/div>\n\n<div class=\"carousel-slider__item\">\n\t<img decoding=\"async\" width=\"450\" height=\"320\" src=\"https:\/\/cstmg.com\/wp-content\/uploads\/2025\/10\/business-strength-11.png\" class=\"attachment-medium_large size-medium_large\" alt=\"\" srcset=\"https:\/\/cstmg.com\/wp-content\/uploads\/2025\/10\/business-strength-11.png 450w, https:\/\/cstmg.com\/wp-content\/uploads\/2025\/10\/business-strength-11-300x213.png 300w, https:\/\/cstmg.com\/wp-content\/uploads\/2025\/10\/business-strength-11-18x12.png 18w\" sizes=\"(max-width: 450px) 100vw, 450px\" \/><\/a><\/div>\n\n<div class=\"carousel-slider__item\">\n\t<img decoding=\"async\" width=\"450\" height=\"320\" src=\"https:\/\/cstmg.com\/wp-content\/uploads\/2025\/10\/business-strength-12.png\" class=\"attachment-medium_large size-medium_large\" alt=\"\" srcset=\"https:\/\/cstmg.com\/wp-content\/uploads\/2025\/10\/business-strength-12.png 450w, https:\/\/cstmg.com\/wp-content\/uploads\/2025\/10\/business-strength-12-300x213.png 300w, https:\/\/cstmg.com\/wp-content\/uploads\/2025\/10\/business-strength-12-18x12.png 18w\" sizes=\"(max-width: 450px) 100vw, 450px\" \/><\/a><\/div>\n\n<div class=\"carousel-slider__item\">\n\t<img decoding=\"async\" width=\"450\" height=\"320\" src=\"https:\/\/cstmg.com\/wp-content\/uploads\/2025\/10\/business-strength-13.png\" class=\"attachment-medium_large size-medium_large\" alt=\"\" srcset=\"https:\/\/cstmg.com\/wp-content\/uploads\/2025\/10\/business-strength-13.png 450w, https:\/\/cstmg.com\/wp-content\/uploads\/2025\/10\/business-strength-13-300x213.png 300w, https:\/\/cstmg.com\/wp-content\/uploads\/2025\/10\/business-strength-13-18x12.png 18w\" sizes=\"(max-width: 450px) 100vw, 450px\" \/><\/a><\/div>\n\n<div class=\"carousel-slider__item\">\n\t<img decoding=\"async\" width=\"450\" height=\"320\" src=\"https:\/\/cstmg.com\/wp-content\/uploads\/2025\/10\/business-strength-14.png\" class=\"attachment-medium_large size-medium_large\" alt=\"\" srcset=\"https:\/\/cstmg.com\/wp-content\/uploads\/2025\/10\/business-strength-14.png 450w, https:\/\/cstmg.com\/wp-content\/uploads\/2025\/10\/business-strength-14-300x213.png 300w, https:\/\/cstmg.com\/wp-content\/uploads\/2025\/10\/business-strength-14-18x12.png 18w\" sizes=\"(max-width: 450px) 100vw, 450px\" \/><\/a><\/div>\n\n<div class=\"carousel-slider__item\">\n\t<img decoding=\"async\" width=\"450\" height=\"320\" src=\"https:\/\/cstmg.com\/wp-content\/uploads\/2025\/10\/business-strength-15.png\" class=\"attachment-medium_large size-medium_large\" alt=\"\" srcset=\"https:\/\/cstmg.com\/wp-content\/uploads\/2025\/10\/business-strength-15.png 450w, https:\/\/cstmg.com\/wp-content\/uploads\/2025\/10\/business-strength-15-300x213.png 300w, https:\/\/cstmg.com\/wp-content\/uploads\/2025\/10\/business-strength-15-18x12.png 18w\" sizes=\"(max-width: 450px) 100vw, 450px\" \/><\/a><\/div>\n\n<div class=\"carousel-slider__item\">\n\t<img decoding=\"async\" width=\"450\" height=\"320\" src=\"https:\/\/cstmg.com\/wp-content\/uploads\/2025\/10\/business-strength-16.png\" class=\"attachment-medium_large size-medium_large\" alt=\"\" srcset=\"https:\/\/cstmg.com\/wp-content\/uploads\/2025\/10\/business-strength-16.png 450w, https:\/\/cstmg.com\/wp-content\/uploads\/2025\/10\/business-strength-16-300x213.png 300w, https:\/\/cstmg.com\/wp-content\/uploads\/2025\/10\/business-strength-16-18x12.png 18w\" sizes=\"(max-width: 450px) 100vw, 450px\" \/><\/a><\/div>\n\n<div class=\"carousel-slider__item\">\n\t<img decoding=\"async\" width=\"450\" height=\"320\" src=\"https:\/\/cstmg.com\/wp-content\/uploads\/2025\/10\/business-strength-17.png\" class=\"attachment-medium_large size-medium_large\" alt=\"\" srcset=\"https:\/\/cstmg.com\/wp-content\/uploads\/2025\/10\/business-strength-17.png 450w, https:\/\/cstmg.com\/wp-content\/uploads\/2025\/10\/business-strength-17-300x213.png 300w, https:\/\/cstmg.com\/wp-content\/uploads\/2025\/10\/business-strength-17-18x12.png 18w\" sizes=\"(max-width: 450px) 100vw, 450px\" \/><\/a><\/div>\n\n<div class=\"carousel-slider__item\">\n\t<img decoding=\"async\" width=\"450\" height=\"320\" src=\"https:\/\/cstmg.com\/wp-content\/uploads\/2025\/10\/business-strength-18.png\" class=\"attachment-medium_large size-medium_large\" alt=\"\" srcset=\"https:\/\/cstmg.com\/wp-content\/uploads\/2025\/10\/business-strength-18.png 450w, https:\/\/cstmg.com\/wp-content\/uploads\/2025\/10\/business-strength-18-300x213.png 300w, https:\/\/cstmg.com\/wp-content\/uploads\/2025\/10\/business-strength-18-18x12.png 18w\" sizes=\"(max-width: 450px) 100vw, 450px\" \/><\/a><\/div>\n\n<div class=\"carousel-slider__item\">\n\t<img decoding=\"async\" width=\"450\" height=\"320\" src=\"https:\/\/cstmg.com\/wp-content\/uploads\/2025\/10\/business-strength-19.png\" class=\"attachment-medium_large size-medium_large\" alt=\"\" srcset=\"https:\/\/cstmg.com\/wp-content\/uploads\/2025\/10\/business-strength-19.png 450w, https:\/\/cstmg.com\/wp-content\/uploads\/2025\/10\/business-strength-19-300x213.png 300w, https:\/\/cstmg.com\/wp-content\/uploads\/2025\/10\/business-strength-19-18x12.png 18w\" sizes=\"(max-width: 450px) 100vw, 450px\" \/><\/a><\/div>\n\n<div class=\"carousel-slider__item\">\n\t<img decoding=\"async\" width=\"450\" height=\"320\" src=\"https:\/\/cstmg.com\/wp-content\/uploads\/2025\/10\/business-strength-20.png\" class=\"attachment-medium_large size-medium_large\" alt=\"\" srcset=\"https:\/\/cstmg.com\/wp-content\/uploads\/2025\/10\/business-strength-20.png 450w, https:\/\/cstmg.com\/wp-content\/uploads\/2025\/10\/business-strength-20-300x213.png 300w, https:\/\/cstmg.com\/wp-content\/uploads\/2025\/10\/business-strength-20-18x12.png 18w\" sizes=\"(max-width: 450px) 100vw, 450px\" \/><\/a><\/div>\n\n<div class=\"carousel-slider__item\">\n\t<img decoding=\"async\" width=\"450\" height=\"320\" src=\"https:\/\/cstmg.com\/wp-content\/uploads\/2025\/10\/business-strength-21.png\" class=\"attachment-medium_large size-medium_large\" alt=\"\" srcset=\"https:\/\/cstmg.com\/wp-content\/uploads\/2025\/10\/business-strength-21.png 450w, https:\/\/cstmg.com\/wp-content\/uploads\/2025\/10\/business-strength-21-300x213.png 300w, https:\/\/cstmg.com\/wp-content\/uploads\/2025\/10\/business-strength-21-18x12.png 18w\" sizes=\"(max-width: 450px) 100vw, 450px\" \/><\/a><\/div>\n\n<\/div><!-- .carousel-slider-1146 -->\n<\/div><!-- .carousel-slider-outer-1146 -->\n\n<\/div>\n\n\n\n<div class=\"gb-element-f88a0118\">\n<div class=\"gb-element-9e0a1063\">\n<div class=\"gb-element-cdeb9352\">\n<div class=\"gb-element-171ae1bf\">\n<h2 class=\"gb-text gb-text-29cb33b1\"><mark style=\"background-color:rgba(0, 0, 0, 0)\" class=\"has-inline-color has-global-color-10-color\">Capacit\u00e0 produttiva<\/mark><\/h2>\n\n\n\n<p class=\"gb-text gb-text-0e3fd2c0\">In qualit\u00e0 di produttore leader di sistemi di frantumazione, vagliatura e movimentazione di materiali sfusi, CSTMG gestisce oltre 140 unit\u00e0 produttive avanzate, tra cui centri di lavoro a portale a cinque assi e centri di lavoro orizzontali CNC. Questa infrastruttura all'avanguardia, supportata da rigorosi sistemi di gestione delle lavorazioni, ci consente di consegnare con precisione ordini su larga scala e soluzioni personalizzate.<\/p>\n\n\n\n<p class=\"gb-text gb-text-5e9a5b7c\">Il nostro portafoglio prodotti comprende sistemi di frantumazione e vagliatura ad alta capacit\u00e0 (fino a 3.500 t\/h per miniere a cielo aperto), linee specializzate per il trattamento di carbone\/scisto bituminoso (30.000 tonnellate al giorno) e sistemi di movimentazione dei materiali ecocompatibili, tutti certificati con marchi di sicurezza dei prodotti minerari e supportati da diversi brevetti nazionali.<\/p>\n\n\n\n<p class=\"gb-text\">Dalla progettazione alla messa in servizio, integriamo frantumazione, trasporto, controllo delle polveri e automazione intelligente in soluzioni chiavi in mano per carbone, minerali e minerali industriali.<\/p>\n<\/div>\n<\/div>\n<\/div>\n<\/div>","protected":false},"excerpt":{"rendered":"<p>Business Strength Technology Leadership CSTMG maintains a rigorous quality management system and employs cutting-edge product testing methodologies. As an industry pioneer, we were among the first to obtain ISO9001 Quality Management System certification, consistently maintaining product quality at industry-leading levels. Our technological excellence is demonstrated through ownership of over 60 national patents and multiple awards, &#8230; <\/p>\n<p class=\"read-more-container\"><a title=\"Forza commerciale\" class=\"read-more button\" href=\"https:\/\/cstmg.com\/it\/business-strength\/#more-1033\" aria-label=\"Per saperne di pi\u00f9 su Business Strength\">Leggi tutto<\/a><\/p>","protected":false},"author":1,"featured_media":0,"parent":0,"menu_order":0,"comment_status":"closed","ping_status":"closed","template":"","meta":{"footnotes":""},"class_list":{"0":"post-1033","1":"page","2":"type-page","3":"status-publish","5":"no-featured-image-padding"},"_links":{"self":[{"href":"https:\/\/cstmg.com\/it\/wp-json\/wp\/v2\/pages\/1033","targetHints":{"allow":["GET"]}}],"collection":[{"href":"https:\/\/cstmg.com\/it\/wp-json\/wp\/v2\/pages"}],"about":[{"href":"https:\/\/cstmg.com\/it\/wp-json\/wp\/v2\/types\/page"}],"author":[{"embeddable":true,"href":"https:\/\/cstmg.com\/it\/wp-json\/wp\/v2\/users\/1"}],"replies":[{"embeddable":true,"href":"https:\/\/cstmg.com\/it\/wp-json\/wp\/v2\/comments?post=1033"}],"version-history":[{"count":0,"href":"https:\/\/cstmg.com\/it\/wp-json\/wp\/v2\/pages\/1033\/revisions"}],"wp:attachment":[{"href":"https:\/\/cstmg.com\/it\/wp-json\/wp\/v2\/media?parent=1033"}],"curies":[{"name":"wp","href":"https:\/\/api.w.org\/{rel}","templated":true}]}}