{"id":755,"date":"2025-07-22T07:04:20","date_gmt":"2025-07-22T07:04:20","guid":{"rendered":"https:\/\/cstmg.com\/?page_id=755"},"modified":"2025-11-04T17:52:07","modified_gmt":"2025-11-04T09:52:07","slug":"produits","status":"publish","type":"page","link":"https:\/\/cstmg.com\/fr\/products\/","title":{"rendered":"Produits"},"content":{"rendered":"<div class=\"gb-element-d265ae9a\">\n<div class=\"gb-element-61b9365e\">\n<div>\n<h1 class=\"gb-text\">Produits<\/h1>\n<\/div>\n<\/div>\n<\/div>\n\n\n\n<div>\n<div class=\"gb-element-a457fff3\">\n<div>\n<h2 class=\"gb-text gb-text-d74cecb1\">\u00c9quipement d'alimentation<\/h2>\n\n\n\n<div>\n<div class=\"gb-element-e7a4bf2a\">\n<div class=\"gb-element-5889b2d9\">\n<div>\n<div class=\"gb-element-43a0bbb1\">\n<div>\n<img decoding=\"async\" width=\"1000\" height=\"470\" class=\"gb-media-4f6e5334\" alt=\"\" src=\"http:\/\/cstmg.com\/wp-content\/uploads\/2025\/10\/apron-feeder.png\" title=\"alimentateur \u00e0 tablier\" srcset=\"https:\/\/cstmg.com\/wp-content\/uploads\/2025\/10\/apron-feeder.png 1000w, https:\/\/cstmg.com\/wp-content\/uploads\/2025\/10\/apron-feeder-300x141.png 300w, https:\/\/cstmg.com\/wp-content\/uploads\/2025\/10\/apron-feeder-768x361.png 768w, https:\/\/cstmg.com\/wp-content\/uploads\/2025\/10\/apron-feeder-18x8.png 18w\" sizes=\"(max-width: 1000px) 100vw, 1000px\" \/>\n<\/div>\n\n\n\n<div>\n<h3 class=\"gb-text\">Alimentateur \u00e0 tablier<\/h3>\n\n\n\n<p class=\"gb-text gb-text-53e734e7\">Longueur (m) : 2-20<\/p>\n\n\n\n<p class=\"gb-text gb-text-068043c7\">Capacit\u00e9 (m\u00b3\/h) : 50-4,000<\/p>\n\n\n\n<p class=\"gb-text gb-text-942ed83b\">Taille maximale d'alimentation (mm) : 350-1,800<\/p>\n\n\n\n<div class=\"gb-element-c88e9bf6\">\n<p class=\"gb-text gb-text-e209ccf2\"><a href=\"#popmake-87\" data-type=\"internal\" data-id=\"#popmake-87\"><strong>\u2192 Citer maintenant<\/strong><\/a><\/p>\n<\/div>\n<\/div>\n<\/div>\n<\/div>\n<\/div>\n\n\n\n<div class=\"gb-element-f509e1fa\">\n<div>\n<div class=\"gb-element-c0e51752\">\n<div>\n<img decoding=\"async\" width=\"1000\" height=\"470\" class=\"gb-media-5dc958d4\" alt=\"\" src=\"http:\/\/cstmg.com\/wp-content\/uploads\/2025\/11\/feeder-breaker-sale.png\" title=\"alimentation-rupture-vente\" srcset=\"https:\/\/cstmg.com\/wp-content\/uploads\/2025\/11\/feeder-breaker-sale.png 1000w, https:\/\/cstmg.com\/wp-content\/uploads\/2025\/11\/feeder-breaker-sale-300x141.png 300w, https:\/\/cstmg.com\/wp-content\/uploads\/2025\/11\/feeder-breaker-sale-768x361.png 768w, https:\/\/cstmg.com\/wp-content\/uploads\/2025\/11\/feeder-breaker-sale-18x8.png 18w\" sizes=\"(max-width: 1000px) 100vw, 1000px\" \/>\n<\/div>\n\n\n\n<div>\n<h3 class=\"gb-text\">Alimentateur Brise-charge<\/h3>\n\n\n\n<p class=\"gb-text gb-text-b713fb95\">Capacit\u00e9 (t\/h) : 500-5,000<\/p>\n\n\n\n<p class=\"gb-text gb-text-bdf0206c\">Longueur du convoyeur (m) : 6-30<\/p>\n\n\n\n<p class=\"gb-text gb-text-a4fb68b2\">Largeur du convoyeur (mm) : 1,350-2,750<\/p>\n\n\n\n<div class=\"gb-element-758fab6f\">\n<p class=\"gb-text gb-text-2da2c270\"><a href=\"#popmake-87\" data-type=\"internal\" data-id=\"#popmake-87\"><strong>\u2192 Citer maintenant<\/strong><\/a><\/p>\n<\/div>\n<\/div>\n<\/div>\n<\/div>\n<\/div>\n<\/div>\n<\/div>\n<\/div>\n<\/div>\n<\/div>\n\n\n\n<div class=\"gb-element-7028b747\">\n<div class=\"gb-element-16f606d7\">\n<div>\n<h2 class=\"gb-text gb-text-8af67e91\">Mat\u00e9riel de concassage<\/h2>\n\n\n\n<div>\n<div class=\"gb-element-20a30486\">\n<div class=\"gb-element-0ea6729f\">\n<div>\n<div class=\"gb-element-5a8fc28d\">\n<div>\n<img decoding=\"async\" width=\"1000\" height=\"470\" class=\"gb-media-ef513273\" alt=\"\" src=\"http:\/\/cstmg.com\/wp-content\/uploads\/2025\/11\/double-roller-sizer-sale.png\" title=\"double-rouleau-calibre-vente\" srcset=\"https:\/\/cstmg.com\/wp-content\/uploads\/2025\/11\/double-roller-sizer-sale.png 1000w, https:\/\/cstmg.com\/wp-content\/uploads\/2025\/11\/double-roller-sizer-sale-300x141.png 300w, https:\/\/cstmg.com\/wp-content\/uploads\/2025\/11\/double-roller-sizer-sale-768x361.png 768w, https:\/\/cstmg.com\/wp-content\/uploads\/2025\/11\/double-roller-sizer-sale-18x8.png 18w\" sizes=\"(max-width: 1000px) 100vw, 1000px\" \/>\n<\/div>\n\n\n\n<div>\n<h3 class=\"gb-text\">Calibreur de min\u00e9raux<\/h3>\n\n\n\n<p class=\"gb-text gb-text-c0c24787\">Taille de sortie (mm) : 50-300<\/p>\n\n\n\n<p class=\"gb-text gb-text-ffa047e2\">Capacit\u00e9 (t\/h) : 250-10,000<\/p>\n\n\n\n<p class=\"gb-text gb-text-e0397833\">Taille maximale de l'alimentation (mm) : 200-1,500<\/p>\n\n\n\n<div class=\"gb-element-4b27b8d7\">\n<p class=\"gb-text gb-text-f65b0ffe\"><a href=\"#popmake-87\" data-type=\"internal\" data-id=\"#popmake-87\"><strong>\u2192 Citer maintenant<\/strong><\/a><\/p>\n<\/div>\n<\/div>\n<\/div>\n<\/div>\n<\/div>\n\n\n\n<div class=\"gb-element-28fbe496\">\n<div>\n<div class=\"gb-element-d97c28cd\">\n<div>\n<img decoding=\"async\" width=\"1000\" height=\"470\" class=\"gb-media-81a5e228\" alt=\"\" src=\"http:\/\/cstmg.com\/wp-content\/uploads\/2025\/07\/jaw-crusher.png\" title=\"concasseur \u00e0 m\u00e2choires\" srcset=\"https:\/\/cstmg.com\/wp-content\/uploads\/2025\/07\/jaw-crusher.png 1000w, https:\/\/cstmg.com\/wp-content\/uploads\/2025\/07\/jaw-crusher-300x141.png 300w, https:\/\/cstmg.com\/wp-content\/uploads\/2025\/07\/jaw-crusher-768x361.png 768w\" sizes=\"(max-width: 1000px) 100vw, 1000px\" \/>\n<\/div>\n\n\n\n<div>\n<h3 class=\"gb-text\">Concasseur \u00e0 m\u00e2choires<\/h3>\n\n\n\n<p class=\"gb-text gb-text-17508c68\">Taille de sortie (mm) : 70-300<\/p>\n\n\n\n<p class=\"gb-text gb-text-3d0567cc\">Capacit\u00e9 (t\/h) : 130-1,150<\/p>\n\n\n\n<p class=\"gb-text gb-text-5ae885a1\">Taille maximale de l'alimentation (mm) : 560-960<\/p>\n\n\n\n<div class=\"gb-element-d43d9576\">\n<p class=\"gb-text gb-text-f15a30dd\"><a href=\"#popmake-87\" data-type=\"internal\" data-id=\"#popmake-87\"><strong>\u2192 Citer maintenant<\/strong><\/a><\/p>\n<\/div>\n<\/div>\n<\/div>\n<\/div>\n<\/div>\n\n\n\n<div class=\"gb-element-a105482e\">\n<div>\n<div class=\"gb-element-980644fa\">\n<div>\n<img decoding=\"async\" width=\"1000\" height=\"470\" class=\"gb-media-c0590528\" alt=\"\" src=\"http:\/\/cstmg.com\/wp-content\/uploads\/2025\/11\/impact-crushers-sale.png\" title=\"concasseurs-\u00e0-impact-\u00e0-vente\" srcset=\"https:\/\/cstmg.com\/wp-content\/uploads\/2025\/11\/impact-crushers-sale.png 1000w, https:\/\/cstmg.com\/wp-content\/uploads\/2025\/11\/impact-crushers-sale-300x141.png 300w, https:\/\/cstmg.com\/wp-content\/uploads\/2025\/11\/impact-crushers-sale-768x361.png 768w, https:\/\/cstmg.com\/wp-content\/uploads\/2025\/11\/impact-crushers-sale-18x8.png 18w\" sizes=\"(max-width: 1000px) 100vw, 1000px\" \/>\n<\/div>\n\n\n\n<div>\n<h3 class=\"gb-text\">Concasseur \u00e0 percussion<\/h3>\n\n\n\n<p class=\"gb-text gb-text-e7222b65\">Diam\u00e8tre du rotor (mm) : 1,300-1,600<\/p>\n\n\n\n<p class=\"gb-text gb-text-72414565\">Capacit\u00e9 (t\/h) : 300-1,000<\/p>\n\n\n\n<p class=\"gb-text gb-text-cf7fedff\">Taille maximale de l'alimentation (mm) : 600-800<\/p>\n\n\n\n<div class=\"gb-element-a7b28210\">\n<p class=\"gb-text gb-text-c5b222ac\"><a href=\"#popmake-87\" data-type=\"internal\" data-id=\"#popmake-87\"><strong>\u2192 Citer maintenant<\/strong><\/a><\/p>\n<\/div>\n<\/div>\n<\/div>\n<\/div>\n<\/div>\n\n\n\n<div class=\"gb-element-fc0b0171\">\n<div>\n<div class=\"gb-element-2112fb56\">\n<div>\n<img decoding=\"async\" width=\"1000\" height=\"470\" class=\"gb-media-4907cb7f\" alt=\"\" src=\"http:\/\/cstmg.com\/wp-content\/uploads\/2025\/07\/single-cylinder-hydraulic-cone-crusher.png\" title=\"concasseur \u00e0 c\u00f4ne hydraulique monocylindrique\" srcset=\"https:\/\/cstmg.com\/wp-content\/uploads\/2025\/07\/single-cylinder-hydraulic-cone-crusher.png 1000w, https:\/\/cstmg.com\/wp-content\/uploads\/2025\/07\/single-cylinder-hydraulic-cone-crusher-300x141.png 300w, https:\/\/cstmg.com\/wp-content\/uploads\/2025\/07\/single-cylinder-hydraulic-cone-crusher-768x361.png 768w\" sizes=\"(max-width: 1000px) 100vw, 1000px\" \/>\n<\/div>\n\n\n\n<div>\n<h3 class=\"gb-text\">Concasseur \u00e0 c\u00f4ne<\/h3>\n\n\n\n<p class=\"gb-text gb-text-765efbd3\">Capacit\u00e9 (t\/h) : 27-1,270<\/p>\n\n\n\n<p class=\"gb-text gb-text-6a09ef9b\">Taille minimale d'\u00e9vacuation (mm) : 9-38<\/p>\n\n\n\n<p class=\"gb-text gb-text-1a5668b1\">Type : Monocylindre \/ multicylindre<\/p>\n\n\n\n<div class=\"gb-element-eda485a4\">\n<p class=\"gb-text gb-text-065272e2\"><a href=\"#popmake-87\" data-type=\"internal\" data-id=\"#popmake-87\"><strong>\u2192 Citer maintenant<\/strong><\/a><\/p>\n<\/div>\n<\/div>\n<\/div>\n<\/div>\n<\/div>\n\n\n\n<div class=\"gb-element-93913cf4\">\n<div>\n<div class=\"gb-element-05a53d4e\">\n<div>\n<img decoding=\"async\" width=\"1000\" height=\"470\" class=\"gb-media-57741d0b\" alt=\"\" src=\"http:\/\/cstmg.com\/wp-content\/uploads\/2025\/07\/hammer-crusher.png\" title=\"broyeur \u00e0 marteaux\" srcset=\"https:\/\/cstmg.com\/wp-content\/uploads\/2025\/07\/hammer-crusher.png 1000w, https:\/\/cstmg.com\/wp-content\/uploads\/2025\/07\/hammer-crusher-300x141.png 300w, https:\/\/cstmg.com\/wp-content\/uploads\/2025\/07\/hammer-crusher-768x361.png 768w\" sizes=\"(max-width: 1000px) 100vw, 1000px\" \/>\n<\/div>\n\n\n\n<div>\n<h3 class=\"gb-text\">Broyeur \u00e0 marteaux<\/h3>\n\n\n\n<p class=\"gb-text gb-text-56518bd5\">Diam\u00e8tre du rotor (mm) : 1,600-3,000<\/p>\n\n\n\n<p class=\"gb-text gb-text-e813125a\">Capacit\u00e9 (t\/h) : 200-5,500<\/p>\n\n\n\n<p class=\"gb-text gb-text-168ec537\">Taille d'alimentation maximale (mm) : \u2264700-\u22641,100<\/p>\n\n\n\n<div class=\"gb-element-70d1a882\">\n<p class=\"gb-text gb-text-3ca8df0f\"><a href=\"#popmake-87\" data-type=\"internal\" data-id=\"#popmake-87\"><strong>\u2192 Citer maintenant<\/strong><\/a><\/p>\n<\/div>\n<\/div>\n<\/div>\n<\/div>\n<\/div>\n\n\n\n<div class=\"gb-element-728f0aff\">\n<div>\n<div class=\"gb-element-ef9288ad\">\n<div>\n<img decoding=\"async\" width=\"1000\" height=\"470\" class=\"gb-media-68390644\" alt=\"\" src=\"http:\/\/cstmg.com\/wp-content\/uploads\/2025\/11\/vsi-crusher.png\" title=\"concasseur \u00e0 percussion\" srcset=\"https:\/\/cstmg.com\/wp-content\/uploads\/2025\/11\/vsi-crusher.png 1000w, https:\/\/cstmg.com\/wp-content\/uploads\/2025\/11\/vsi-crusher-300x141.png 300w, https:\/\/cstmg.com\/wp-content\/uploads\/2025\/11\/vsi-crusher-768x361.png 768w, https:\/\/cstmg.com\/wp-content\/uploads\/2025\/11\/vsi-crusher-18x8.png 18w\" sizes=\"(max-width: 1000px) 100vw, 1000px\" \/>\n<\/div>\n\n\n\n<div>\n<h3 class=\"gb-text\">Concasseur VSI<\/h3>\n\n\n\n<p class=\"gb-text gb-text-7934fc48\">Capacit\u00e9 (t\/h) : 120-520<\/p>\n\n\n\n<p class=\"gb-text gb-text-8eaef9af\">Mat\u00e9riau tendre Taille d'alimentation maximale (mm) : 35-60<\/p>\n\n\n\n<p class=\"gb-text gb-text-b1f563f6\">Mat\u00e9riau dur Taille d'alimentation max : 30-50<\/p>\n\n\n\n<div class=\"gb-element-24bcd81d\">\n<p class=\"gb-text gb-text-21f6b3df\"><a href=\"#popmake-87\" data-type=\"internal\" data-id=\"#popmake-87\"><strong>\u2192 Citer maintenant<\/strong><\/a><\/p>\n<\/div>\n<\/div>\n<\/div>\n<\/div>\n<\/div>\n<\/div>\n<\/div>\n<\/div>\n<\/div>\n<\/div>\n\n\n\n<div>\n<div class=\"gb-element-c8601ed5\">\n<div>\n<h2 class=\"gb-text gb-text-3c2acdce\">\u00c9quipement de criblage<\/h2>\n\n\n\n<div>\n<div class=\"gb-element-0e5b6153\">\n<div class=\"gb-element-65fb7f2b\">\n<div>\n<div class=\"gb-element-b7ba7be6\">\n<div>\n<img decoding=\"async\" width=\"1000\" height=\"470\" class=\"gb-media-145e2adb\" alt=\"\" src=\"http:\/\/cstmg.com\/wp-content\/uploads\/2025\/11\/banana-screen-sale.png\" title=\"banane-\u00e9cran-vente\" srcset=\"https:\/\/cstmg.com\/wp-content\/uploads\/2025\/11\/banana-screen-sale.png 1000w, https:\/\/cstmg.com\/wp-content\/uploads\/2025\/11\/banana-screen-sale-300x141.png 300w, https:\/\/cstmg.com\/wp-content\/uploads\/2025\/11\/banana-screen-sale-768x361.png 768w, https:\/\/cstmg.com\/wp-content\/uploads\/2025\/11\/banana-screen-sale-18x8.png 18w\" sizes=\"(max-width: 1000px) 100vw, 1000px\" \/>\n<\/div>\n\n\n\n<div>\n<h3 class=\"gb-text\">\u00c9cran banane<\/h3>\n\n\n\n<p class=\"gb-text gb-text-10e2dd51\">Capacit\u00e9 (t\/h) : 50-2,500<\/p>\n\n\n\n<p class=\"gb-text gb-text-22716b8a\">Largeur d'\u00e9cran max. Largeur de l'\u00e9cran (mm) : 4,300<\/p>\n\n\n\n<p class=\"gb-text gb-text-d540b0d6\">Longueur max. de l'\u00e9cran (mm) Longueur de l'\u00e9cran (mm) : 8,500<\/p>\n\n\n\n<div class=\"gb-element-af6ab375\">\n<p class=\"gb-text gb-text-2ed77786\"><a href=\"#popmake-87\" data-type=\"internal\" data-id=\"#popmake-87\"><strong>\u2192 Citer maintenant<\/strong><\/a><\/p>\n<\/div>\n<\/div>\n<\/div>\n<\/div>\n<\/div>\n\n\n\n<div class=\"gb-element-4f3999fa\">\n<div>\n<div class=\"gb-element-99f88887\">\n<div>\n<img decoding=\"async\" width=\"1000\" height=\"470\" class=\"gb-media-56dd9fea\" alt=\"\" src=\"http:\/\/cstmg.com\/wp-content\/uploads\/2025\/11\/roller-screen-sale.png\" title=\"vente-d&#039;\u00e9crans-\u00e0-rouleaux\" srcset=\"https:\/\/cstmg.com\/wp-content\/uploads\/2025\/11\/roller-screen-sale.png 1000w, https:\/\/cstmg.com\/wp-content\/uploads\/2025\/11\/roller-screen-sale-300x141.png 300w, https:\/\/cstmg.com\/wp-content\/uploads\/2025\/11\/roller-screen-sale-768x361.png 768w, https:\/\/cstmg.com\/wp-content\/uploads\/2025\/11\/roller-screen-sale-18x8.png 18w\" sizes=\"(max-width: 1000px) 100vw, 1000px\" \/>\n<\/div>\n\n\n\n<div>\n<h3 class=\"gb-text\">\u00c9cran \u00e0 rouleaux<\/h3>\n\n\n\n<p class=\"gb-text gb-text-7d17c3ab\">Capacit\u00e9 (t\/h) : 150-1,800<\/p>\n\n\n\n<p class=\"gb-text gb-text-5eb9da87\">Largeur de l'\u00e9cran (mm) : 1,200-2,400<\/p>\n\n\n\n<p class=\"gb-text gb-text-99b081da\">Taille graduelle des particules (mm) : 10-100<\/p>\n\n\n\n<div class=\"gb-element-a0984b05\">\n<p class=\"gb-text gb-text-3ca0bd2c\"><a href=\"#popmake-87\" data-type=\"internal\" data-id=\"#popmake-87\"><strong>\u2192 Citer maintenant<\/strong><\/a><\/p>\n<\/div>\n<\/div>\n<\/div>\n<\/div>\n<\/div>\n\n\n\n<div class=\"gb-element-066144fb\">\n<div>\n<div class=\"gb-element-57f9de9b\">\n<div>\n<img decoding=\"async\" width=\"1000\" height=\"470\" class=\"gb-media-b4c2c526\" alt=\"\" src=\"http:\/\/cstmg.com\/wp-content\/uploads\/2025\/07\/vibrating-flip-flow-screen.png\" title=\"tamis vibrant \u00e0 bascule et \u00e0 flux\" srcset=\"https:\/\/cstmg.com\/wp-content\/uploads\/2025\/07\/vibrating-flip-flow-screen.png 1000w, https:\/\/cstmg.com\/wp-content\/uploads\/2025\/07\/vibrating-flip-flow-screen-300x141.png 300w, https:\/\/cstmg.com\/wp-content\/uploads\/2025\/07\/vibrating-flip-flow-screen-768x361.png 768w\" sizes=\"(max-width: 1000px) 100vw, 1000px\" \/>\n<\/div>\n\n\n\n<div>\n<h3 class=\"gb-text\">Tamis vibrant Flip Flow<\/h3>\n\n\n\n<p class=\"gb-text gb-text-06e6413f\">Capacit\u00e9 (t\/h) : 100-1,300<\/p>\n\n\n\n<p class=\"gb-text gb-text-a62c228d\">Taille de l'alimentation (mm) : \u226480-\u2264100<\/p>\n\n\n\n<p class=\"gb-text gb-text-edd901b1\">Taille des mailles de la plaque de criblage (mm) : 0.5-8 ; 8-30<\/p>\n\n\n\n<div class=\"gb-element-d8b7ec10\">\n<p class=\"gb-text gb-text-53a23305\"><a href=\"#popmake-87\" data-type=\"internal\" data-id=\"#popmake-87\"><strong>\u2192 Citer maintenant<\/strong><\/a><\/p>\n<\/div>\n<\/div>\n<\/div>\n<\/div>\n<\/div>\n\n\n\n<div class=\"gb-element-041bbb0f\">\n<div>\n<div class=\"gb-element-9b2ce665\">\n<div>\n<img decoding=\"async\" width=\"1000\" height=\"470\" class=\"gb-media-39969ca4\" alt=\"\" src=\"http:\/\/cstmg.com\/wp-content\/uploads\/2025\/10\/flip-flow-screen.png\" title=\"tamis \u00e0 flux invers\u00e9\" srcset=\"https:\/\/cstmg.com\/wp-content\/uploads\/2025\/10\/flip-flow-screen.png 1000w, https:\/\/cstmg.com\/wp-content\/uploads\/2025\/10\/flip-flow-screen-300x141.png 300w, https:\/\/cstmg.com\/wp-content\/uploads\/2025\/10\/flip-flow-screen-768x361.png 768w, https:\/\/cstmg.com\/wp-content\/uploads\/2025\/10\/flip-flow-screen-18x8.png 18w\" sizes=\"(max-width: 1000px) 100vw, 1000px\" \/>\n<\/div>\n\n\n\n<div>\n<h3 class=\"gb-text\">Tamis m\u00e9canique \u00e0 flux invers\u00e9<\/h3>\n\n\n\n<p class=\"gb-text gb-text-55725e25\">Capacit\u00e9 (t\/h) : 150-1,400<\/p>\n\n\n\n<p class=\"gb-text gb-text-e54bb8c7\">Taille de l'alimentation (mm) : \u226480-\u2264100<\/p>\n\n\n\n<p class=\"gb-text gb-text-f6c1af9c\">Taille des mailles de la plaque de criblage (mm) : 3-13 ; 14-30<\/p>\n\n\n\n<div class=\"gb-element-546d979b\">\n<p class=\"gb-text gb-text-7154906d\"><a href=\"#popmake-87\" data-type=\"internal\" data-id=\"#popmake-87\"><strong>\u2192 Citer maintenant<\/strong><\/a><\/p>\n<\/div>\n<\/div>\n<\/div>\n<\/div>\n<\/div>\n\n\n\n<div class=\"gb-element-fcfe9f86\">\n<div>\n<div class=\"gb-element-9560f747\">\n<div>\n<img decoding=\"async\" width=\"1000\" height=\"470\" class=\"gb-media-5304dd06\" alt=\"\" src=\"http:\/\/cstmg.com\/wp-content\/uploads\/2025\/11\/circular-vibrating-screen-sale.png\" title=\"vente-de-cribles-vibrants-circulaires\" srcset=\"https:\/\/cstmg.com\/wp-content\/uploads\/2025\/11\/circular-vibrating-screen-sale.png 1000w, https:\/\/cstmg.com\/wp-content\/uploads\/2025\/11\/circular-vibrating-screen-sale-300x141.png 300w, https:\/\/cstmg.com\/wp-content\/uploads\/2025\/11\/circular-vibrating-screen-sale-768x361.png 768w, https:\/\/cstmg.com\/wp-content\/uploads\/2025\/11\/circular-vibrating-screen-sale-18x8.png 18w\" sizes=\"(max-width: 1000px) 100vw, 1000px\" \/>\n<\/div>\n\n\n\n<div>\n<h3 class=\"gb-text\">Tamis vibrant circulaire<\/h3>\n\n\n\n<p class=\"gb-text gb-text-0f3ba28b\">Nombre de couches : 2-3<\/p>\n\n\n\n<p class=\"gb-text gb-text-4931e509\">Capacit\u00e9 (t\/h) : 60-1,500<\/p>\n\n\n\n<p class=\"gb-text gb-text-8f0d23a9\">Taille d'entr\u00e9e maximale (mm) : 200<\/p>\n\n\n\n<div class=\"gb-element-65421915\">\n<p class=\"gb-text gb-text-ccea1ae8\"><a href=\"#popmake-87\" data-type=\"internal\" data-id=\"#popmake-87\"><strong>\u2192 Citer maintenant<\/strong><\/a><\/p>\n<\/div>\n<\/div>\n<\/div>\n<\/div>\n<\/div>\n\n\n\n<div class=\"gb-element-ff7293d8\">\n<div>\n<div class=\"gb-element-e7c75999\">\n<div>\n<img decoding=\"async\" width=\"1000\" height=\"470\" class=\"gb-media-42e5509d\" alt=\"\" src=\"http:\/\/cstmg.com\/wp-content\/uploads\/2025\/11\/linear-vibrating-screens-sale.png\" title=\"vente-de-cribles-vibrants-lin\u00e9aires\" srcset=\"https:\/\/cstmg.com\/wp-content\/uploads\/2025\/11\/linear-vibrating-screens-sale.png 1000w, https:\/\/cstmg.com\/wp-content\/uploads\/2025\/11\/linear-vibrating-screens-sale-300x141.png 300w, https:\/\/cstmg.com\/wp-content\/uploads\/2025\/11\/linear-vibrating-screens-sale-768x361.png 768w, https:\/\/cstmg.com\/wp-content\/uploads\/2025\/11\/linear-vibrating-screens-sale-18x8.png 18w\" sizes=\"(max-width: 1000px) 100vw, 1000px\" \/>\n<\/div>\n\n\n\n<div>\n<h3 class=\"gb-text\">Tamis vibrant lin\u00e9aire<\/h3>\n\n\n\n<p class=\"gb-text gb-text-bd44a4f9\">Nombre de couches : 1-2<\/p>\n\n\n\n<p class=\"gb-text gb-text-9f850808\">Capacit\u00e9 (t\/h) : 40-950<\/p>\n\n\n\n<p class=\"gb-text gb-text-dac37f3e\">Taille d'entr\u00e9e maximale (mm) : 100<\/p>\n\n\n\n<div class=\"gb-element-bd53e27f\">\n<p class=\"gb-text gb-text-27ac01a9\"><a href=\"#popmake-87\" data-type=\"internal\" data-id=\"#popmake-87\"><strong>\u2192 Citer maintenant<\/strong><\/a><\/p>\n<\/div>\n<\/div>\n<\/div>\n<\/div>\n<\/div>\n<\/div>\n<\/div>\n<\/div>\n<\/div>\n<\/div>\n\n\n\n<div class=\"gb-element-95655ec7\">\n<div class=\"gb-element-32a3542c\">\n<div>\n<div>\n<div class=\"gb-element-5fe70425\">\n<div class=\"gb-element-1695e0cb\">\n<div>\n<h2 class=\"gb-text gb-text-90b4cdd4\">Demande de renseignements<\/h2>\n\n\n\n<p class=\"gb-text gb-text-3947703b\">Pour nous aider \u00e0 vous recommander la solution optimale pour votre exploitation, veuillez nous fournir les informations suivantes : <\/p>\n\n\n\n<div class=\"gb-element-2cd48fdd\">\n<ul class=\"wp-block-list\">\n<li>l'emplacement de votre projet et votre demande ; <\/li>\n\n\n\n<li>le type de mat\u00e9riau, la taille de l'alimentation, l'humidit\u00e9 et la duret\u00e9 ; <\/li>\n\n\n\n<li>la capacit\u00e9 requise et la taille cible de la production ; les probl\u00e8mes d'\u00e9quipement actuels (le cas \u00e9ch\u00e9ant) ; <\/li>\n\n\n\n<li>et toutes les exigences particuli\u00e8res telles que le contr\u00f4le de la poussi\u00e8re ou les limitations d'espace.<\/li>\n<\/ul>\n<\/div>\n\n\n\n<p class=\"gb-text gb-text-2988062f\">En indiquant vos coordonn\u00e9es, nos ing\u00e9nieurs pourront pr\u00e9parer une proposition personnalis\u00e9e avec des sp\u00e9cifications d'\u00e9quipement, des recommandations d'agencement et des estimations de performance dans les 24 heures.<\/p>\n\n\n\n<p class=\"gb-text gb-text-aef5a9d0\">Pour un service plus rapide, joignez \u00e0 votre demande les rapports d'essai des mat\u00e9riaux ou les photos du site dont vous disposez.<\/p>\n<\/div>\n<\/div>\n\n\n\n<div class=\"gb-element-0895e991\">\n<div class=\"wp-block-contact-form-7-contact-form-selector\">\n<div class=\"wpcf7 no-js\" id=\"wpcf7-f8-o1\" lang=\"en-US\" dir=\"ltr\" data-wpcf7-id=\"8\">\n<div class=\"screen-reader-response\"><p role=\"status\" aria-live=\"polite\" aria-atomic=\"true\"><\/p> <ul><\/ul><\/div>\n<form action=\"\/fr\/wp-json\/wp\/v2\/pages\/755#wpcf7-f8-o1\" method=\"post\" class=\"wpcf7-form init\" aria-label=\"Formulaire de contact\" novalidate=\"novalidate\" data-status=\"init\" data-trp-original-action=\"\/fr\/wp-json\/wp\/v2\/pages\/755#wpcf7-f8-o1\">\n<fieldset class=\"hidden-fields-container\"><input type=\"hidden\" name=\"_wpcf7\" value=\"8\" \/><input type=\"hidden\" name=\"_wpcf7_version\" value=\"6.1.5\" \/><input type=\"hidden\" name=\"_wpcf7_locale\" value=\"en_US\" \/><input type=\"hidden\" name=\"_wpcf7_unit_tag\" value=\"wpcf7-f8-o1\" \/><input type=\"hidden\" name=\"_wpcf7_container_post\" value=\"0\" \/><input type=\"hidden\" name=\"_wpcf7_posted_data_hash\" value=\"\" \/>\n<\/fieldset>\n<p><label><span class=\"wpcf7-form-control-wrap\" data-name=\"your-name\"><input size=\"40\" maxlength=\"400\" class=\"wpcf7-form-control wpcf7-text wpcf7-validates-as-required\" aria-required=\"true\" aria-invalid=\"false\" placeholder=\"Nom*\" value=\"\" type=\"text\" name=\"your-name\" \/><\/span><\/label>\n<\/p>\n<p><label><span class=\"wpcf7-form-control-wrap\" data-name=\"your-email\"><input size=\"40\" maxlength=\"400\" class=\"wpcf7-form-control wpcf7-email wpcf7-validates-as-required wpcf7-text wpcf7-validates-as-email\" aria-required=\"true\" aria-invalid=\"false\" placeholder=\"Courriel*\" value=\"\" type=\"email\" name=\"your-email\" \/><\/span><\/label>\n<\/p>\n<p><label><span class=\"wpcf7-form-control-wrap\" data-name=\"your-tel\"><input size=\"40\" maxlength=\"400\" class=\"wpcf7-form-control wpcf7-tel wpcf7-validates-as-required wpcf7-text wpcf7-validates-as-tel\" aria-required=\"true\" aria-invalid=\"false\" placeholder=\"T\u00e9l\u00e9phone*\" value=\"\" type=\"tel\" name=\"your-tel\" \/><\/span><\/label>\n<\/p>\n<p><label><span class=\"wpcf7-form-control-wrap\" data-name=\"your-message\"><textarea cols=\"40\" rows=\"10\" maxlength=\"2000\" class=\"wpcf7-form-control wpcf7-textarea wpcf7-validates-as-required\" aria-required=\"true\" aria-invalid=\"false\" placeholder=\"Message* : 1. Quelle est votre mati\u00e8re premi\u00e8re ? 2. Quelle est votre capacit\u00e9 (t\/h) ? 3. Quelle est votre taille d&#039;entr\u00e9e et de sortie ? 4. Quel est votre budget ?\" name=\"your-message\"><\/textarea><\/span> <\/label>\n<\/p>\n<p><input class=\"wpcf7-form-control wpcf7-submit has-spinner\" type=\"submit\" value=\"Soumettre\" \/>\n<\/p><input type=\"hidden\" id=\"ct_checkjs_cf7_b337e84de8752b27eda3a12363109e80\" name=\"ct_checkjs_cf7\" value=\"0\" \/><script >setTimeout(function(){var ct_input_name = \"ct_checkjs_cf7_b337e84de8752b27eda3a12363109e80\";if (document.getElementById(ct_input_name) !== null) {var ct_input_value = document.getElementById(ct_input_name).value;document.getElementById(ct_input_name).value = document.getElementById(ct_input_name).value.replace(ct_input_value, '862209049748d14345e3753e09c94599f237015c48c74fba19e87ff00118c922');}}, 1000);<\/script><input type='hidden' class='wpcf7-pum' value='{\"closepopup\":false,\"closedelay\":0,\"openpopup\":false,\"openpopup_id\":0}' \/><div class=\"wpcf7-response-output\" aria-hidden=\"true\"><\/div>\n<input type=\"hidden\" name=\"trp-form-language\" value=\"fr\"\/><\/form>\n<\/div>\n<\/div>\n<\/div>\n<\/div>\n<\/div>\n<\/div>\n<\/div>\n<\/div>","protected":false},"excerpt":{"rendered":"<p>Products Feeding Equipment Apron Feeder Length (m): 2-20 Capacity (m\u00b3\/h): 50-4,000 Max feeding size (mm): 350-1,800 \u2192 Quote Now Feeder Breaker Capacity (t\/h): 500-5,000 Conveyor length (m): 6-30 Conveyor width (mm): 1,350-2,750 \u2192 Quote Now Crushing Equipment Mineral Sizer Output size (mm): 50-300 Capacity (t\/h): 250-10,000 Max feed size(mm): 200-1,500 \u2192 Quote Now Jaw Crusher &#8230; <\/p>\n<p class=\"read-more-container\"><a title=\"Produits\" class=\"read-more button\" href=\"https:\/\/cstmg.com\/fr\/products\/#more-755\" aria-label=\"En savoir plus sur Products\">Lire plus<\/a><\/p>","protected":false},"author":1,"featured_media":0,"parent":0,"menu_order":0,"comment_status":"closed","ping_status":"closed","template":"","meta":{"footnotes":""},"class_list":{"0":"post-755","1":"page","2":"type-page","3":"status-publish","5":"no-featured-image-padding"},"_links":{"self":[{"href":"https:\/\/cstmg.com\/fr\/wp-json\/wp\/v2\/pages\/755","targetHints":{"allow":["GET"]}}],"collection":[{"href":"https:\/\/cstmg.com\/fr\/wp-json\/wp\/v2\/pages"}],"about":[{"href":"https:\/\/cstmg.com\/fr\/wp-json\/wp\/v2\/types\/page"}],"author":[{"embeddable":true,"href":"https:\/\/cstmg.com\/fr\/wp-json\/wp\/v2\/users\/1"}],"replies":[{"embeddable":true,"href":"https:\/\/cstmg.com\/fr\/wp-json\/wp\/v2\/comments?post=755"}],"version-history":[{"count":0,"href":"https:\/\/cstmg.com\/fr\/wp-json\/wp\/v2\/pages\/755\/revisions"}],"wp:attachment":[{"href":"https:\/\/cstmg.com\/fr\/wp-json\/wp\/v2\/media?parent=755"}],"curies":[{"name":"wp","href":"https:\/\/api.w.org\/{rel}","templated":true}]}}