{"id":323,"date":"2025-07-15T02:42:34","date_gmt":"2025-07-15T02:42:34","guid":{"rendered":"https:\/\/cstmg.com\/?page_id=323"},"modified":"2025-09-22T15:25:58","modified_gmt":"2025-09-22T07:25:58","slug":"nous-contacter","status":"publish","type":"page","link":"https:\/\/cstmg.com\/fr\/contact-us\/","title":{"rendered":"Nous contacter"},"content":{"rendered":"<div class=\"gb-element-d265ae9a\">\n<div class=\"gb-element-61b9365e\">\n<div>\n<h1 class=\"gb-text\">Nous contacter<\/h1>\n<\/div>\n<\/div>\n<\/div>\n\n\n\n<div class=\"gb-element-53e74d5c\">\n<div class=\"gb-element-5527291e\">\n<div>\n<div class=\"gb-element-58b9e66c\">\n<div class=\"gb-element-804fa209\">\n<div>\n<h2 class=\"gb-text\">Adresse de communication<\/h2>\n\n\n\n<p>Zhengzhou, Henan, Chine<\/p>\n\n\n\n<h3 class=\"gb-text\">Courriel<\/h3>\n\n\n\n<p class=\"gb-text gb-text-9cb2063b\"><a href=\"mailto:inquiry@cstmg.com\">inquiry@cstmg.com<\/a><\/p>\n\n\n\n<h3 class=\"gb-text\">Whatsapp<\/h3>\n\n\n\n<p class=\"gb-text gb-text-db644b26\">+86 17513252158<\/p>\n<\/div>\n<\/div>\n\n\n\n<div>\n<div class=\"gb-element-461afb51\">\n<h2 class=\"gb-text\">Devis de votre plan personnalis\u00e9<\/h2>\n\n\n\n<div>\n<div class=\"wp-block-contact-form-7-contact-form-selector\">\n<div class=\"wpcf7 no-js\" id=\"wpcf7-f8-o1\" lang=\"en-US\" dir=\"ltr\" data-wpcf7-id=\"8\">\n<div class=\"screen-reader-response\"><p role=\"status\" aria-live=\"polite\" aria-atomic=\"true\"><\/p> <ul><\/ul><\/div>\n<form action=\"\/fr\/wp-json\/wp\/v2\/pages\/323#wpcf7-f8-o1\" method=\"post\" class=\"wpcf7-form init\" aria-label=\"Formulaire de contact\" novalidate=\"novalidate\" data-status=\"init\" data-trp-original-action=\"\/fr\/wp-json\/wp\/v2\/pages\/323#wpcf7-f8-o1\">\n<fieldset class=\"hidden-fields-container\"><input type=\"hidden\" name=\"_wpcf7\" value=\"8\" \/><input type=\"hidden\" name=\"_wpcf7_version\" value=\"6.1.5\" \/><input type=\"hidden\" name=\"_wpcf7_locale\" value=\"en_US\" \/><input type=\"hidden\" name=\"_wpcf7_unit_tag\" value=\"wpcf7-f8-o1\" \/><input type=\"hidden\" name=\"_wpcf7_container_post\" value=\"0\" \/><input type=\"hidden\" name=\"_wpcf7_posted_data_hash\" value=\"\" \/>\n<\/fieldset>\n<p><label><span class=\"wpcf7-form-control-wrap\" data-name=\"your-name\"><input size=\"40\" maxlength=\"400\" class=\"wpcf7-form-control wpcf7-text wpcf7-validates-as-required\" aria-required=\"true\" aria-invalid=\"false\" placeholder=\"Nom*\" value=\"\" type=\"text\" name=\"your-name\" \/><\/span><\/label>\n<\/p>\n<p><label><span class=\"wpcf7-form-control-wrap\" data-name=\"your-email\"><input size=\"40\" maxlength=\"400\" class=\"wpcf7-form-control wpcf7-email wpcf7-validates-as-required wpcf7-text wpcf7-validates-as-email\" aria-required=\"true\" aria-invalid=\"false\" placeholder=\"Courriel*\" value=\"\" type=\"email\" name=\"your-email\" \/><\/span><\/label>\n<\/p>\n<p><label><span class=\"wpcf7-form-control-wrap\" data-name=\"your-tel\"><input size=\"40\" maxlength=\"400\" class=\"wpcf7-form-control wpcf7-tel wpcf7-validates-as-required wpcf7-text wpcf7-validates-as-tel\" aria-required=\"true\" aria-invalid=\"false\" placeholder=\"T\u00e9l\u00e9phone*\" value=\"\" type=\"tel\" name=\"your-tel\" \/><\/span><\/label>\n<\/p>\n<p><label><span class=\"wpcf7-form-control-wrap\" data-name=\"your-message\"><textarea cols=\"40\" rows=\"10\" maxlength=\"2000\" class=\"wpcf7-form-control wpcf7-textarea wpcf7-validates-as-required\" aria-required=\"true\" aria-invalid=\"false\" placeholder=\"Message* : 1. Quelle est votre mati\u00e8re premi\u00e8re ? 2. Quelle est votre capacit\u00e9 (t\/h) ? 3. Quelle est votre taille d&#039;entr\u00e9e et de sortie ? 4. Quel est votre budget ?\" name=\"your-message\"><\/textarea><\/span> <\/label>\n<\/p>\n<p><input class=\"wpcf7-form-control wpcf7-submit has-spinner\" type=\"submit\" value=\"Soumettre\" \/>\n<\/p><input type=\"hidden\" id=\"ct_checkjs_cf7_e995f98d56967d946471af29d7bf99f1\" name=\"ct_checkjs_cf7\" value=\"0\" \/><script >setTimeout(function(){var ct_input_name = \"ct_checkjs_cf7_e995f98d56967d946471af29d7bf99f1\";if (document.getElementById(ct_input_name) !== null) {var ct_input_value = document.getElementById(ct_input_name).value;document.getElementById(ct_input_name).value = document.getElementById(ct_input_name).value.replace(ct_input_value, '862209049748d14345e3753e09c94599f237015c48c74fba19e87ff00118c922');}}, 1000);<\/script><input type='hidden' class='wpcf7-pum' value='{\"closepopup\":false,\"closedelay\":0,\"openpopup\":false,\"openpopup_id\":0}' \/><div class=\"wpcf7-response-output\" aria-hidden=\"true\"><\/div>\n<input type=\"hidden\" name=\"trp-form-language\" value=\"fr\"\/><\/form>\n<\/div>\n<\/div>\n<\/div>\n<\/div>\n<\/div>\n<\/div>\n<\/div>\n<\/div>\n<\/div>\n\n\n\n<div class=\"gb-element-34e86aea\">\n<div class=\"gb-element-652eead3\">\n<div>\n<h3 class=\"gb-text\">Nous attendons votre message<\/h3>\n\n\n\n<p>Nous vous contacterons d\u00e8s que possible apr\u00e8s avoir re\u00e7u votre message !<\/p>\n\n\n\n<div class=\"gb-element-d3f22b6c\">\n<a class=\"gb-text gb-text-b10a1626\" href=\"#popmake-87\">Envoyez vos besoins ici<\/a>\n<\/div>\n<\/div>\n<\/div>\n<\/div>","protected":false},"excerpt":{"rendered":"<p>Contact Us Communication Address Zhengzhou, Henan, China Email inquiry@cstmg.com Whatsapp +86 17513252158 Quote Your Custom Plan We Look Forward To Your Message We will contact you as soon as possible after receiving your message! Send Your Requirements Here<\/p>","protected":false},"author":1,"featured_media":0,"parent":0,"menu_order":0,"comment_status":"closed","ping_status":"closed","template":"","meta":{"footnotes":""},"class_list":{"0":"post-323","1":"page","2":"type-page","3":"status-publish","5":"no-featured-image-padding"},"_links":{"self":[{"href":"https:\/\/cstmg.com\/fr\/wp-json\/wp\/v2\/pages\/323","targetHints":{"allow":["GET"]}}],"collection":[{"href":"https:\/\/cstmg.com\/fr\/wp-json\/wp\/v2\/pages"}],"about":[{"href":"https:\/\/cstmg.com\/fr\/wp-json\/wp\/v2\/types\/page"}],"author":[{"embeddable":true,"href":"https:\/\/cstmg.com\/fr\/wp-json\/wp\/v2\/users\/1"}],"replies":[{"embeddable":true,"href":"https:\/\/cstmg.com\/fr\/wp-json\/wp\/v2\/comments?post=323"}],"version-history":[{"count":0,"href":"https:\/\/cstmg.com\/fr\/wp-json\/wp\/v2\/pages\/323\/revisions"}],"wp:attachment":[{"href":"https:\/\/cstmg.com\/fr\/wp-json\/wp\/v2\/media?parent=323"}],"curies":[{"name":"wp","href":"https:\/\/api.w.org\/{rel}","templated":true}]}}