{"id":285,"date":"2025-07-15T03:02:06","date_gmt":"2025-07-15T03:02:06","guid":{"rendered":"https:\/\/cstmg.com\/?page_id=285"},"modified":"2025-10-30T18:07:33","modified_gmt":"2025-10-30T10:07:33","slug":"a-propos-de-nous","status":"publish","type":"page","link":"https:\/\/cstmg.com\/fr\/about-us\/","title":{"rendered":"A propos de nous"},"content":{"rendered":"<div class=\"gb-element-d265ae9a\">\n<div class=\"gb-element-61b9365e\">\n<div>\n<h1 class=\"gb-text\">\u00c0 propos du CSTMG<\/h1>\n<\/div>\n<\/div>\n<\/div>\n\n\n\n<div>\n<div class=\"gb-element-c5bd73e0\">\n<div>\n<div class=\"gb-element-c28c58e4\">\n<div class=\"gb-element-1685e405\">\n<img decoding=\"async\" width=\"700\" height=\"462\" class=\"gb-media-5aa84a1e\" alt=\"\" src=\"http:\/\/cstmg.com\/wp-content\/uploads\/2025\/10\/about1.jpg\" title=\"environ 1\" srcset=\"https:\/\/cstmg.com\/wp-content\/uploads\/2025\/10\/about1.jpg 700w, https:\/\/cstmg.com\/wp-content\/uploads\/2025\/10\/about1-300x198.jpg 300w, https:\/\/cstmg.com\/wp-content\/uploads\/2025\/10\/about1-18x12.jpg 18w\" sizes=\"(max-width: 700px) 100vw, 700px\" \/>\n<\/div>\n\n\n\n<div class=\"gb-element-766800d9\">\n<div class=\"gb-element-195cafd8\">\n<h2 class=\"gb-text\">Qui sommes-nous ?<\/h2>\n\n\n\n<p>Le CSTMG est une entreprise de haute technologie reconnue au niveau national qui se consacre \u00e0 <strong>la recherche, le d\u00e9veloppement et la fabrication de machines mini\u00e8res haut de gamme<\/strong>. Avec une base de production tentaculaire de plus de 200 000 m\u00b2 et 109 000 m\u00b2 d'ateliers avanc\u00e9s, nous combinons \u00e9chelle et ing\u00e9nierie de pr\u00e9cision. Notre \u00e9quipe de 690 professionnels comprend d'\u00e9minents experts de l'industrie et une main-d'\u0153uvre technique qualifi\u00e9e, qui stimule l'innovation dans chaque projet. Avec un actif total de 438 millions de RMB et plus de 60 brevets nationaux, nous respectons les normes de qualit\u00e9 les plus strictes, certifi\u00e9es par la norme ISO 9001. Nos \u00e9quipements, qui vont des stations de concassage aux syst\u00e8mes de criblage, sont utilis\u00e9s dans des secteurs critiques tels que le charbon, l'exploitation mini\u00e8re et la m\u00e9tallurgie, avec une pr\u00e9sence croissante dans toute l'Asie du Sud-Est et au-del\u00e0.<\/p>\n<\/div>\n<\/div>\n<\/div>\n<\/div>\n<\/div>\n<\/div>\n\n\n\n<div>\n<div class=\"gb-element-05bf6871\">\n<div>\n<div class=\"gb-element-37b7d454\">\n<div class=\"gb-element-2e15a3b1\">\n<img decoding=\"async\" width=\"700\" height=\"462\" class=\"gb-media-86436708\" alt=\"\" src=\"http:\/\/cstmg.com\/wp-content\/uploads\/2025\/10\/about2.jpg\" title=\"environ 2\" srcset=\"https:\/\/cstmg.com\/wp-content\/uploads\/2025\/10\/about2.jpg 700w, https:\/\/cstmg.com\/wp-content\/uploads\/2025\/10\/about2-300x198.jpg 300w, https:\/\/cstmg.com\/wp-content\/uploads\/2025\/10\/about2-18x12.jpg 18w\" sizes=\"(max-width: 700px) 100vw, 700px\" \/>\n<\/div>\n\n\n\n<div class=\"gb-element-fa81dd76\">\n<div class=\"gb-element-25acd5b4\">\n<h2 class=\"gb-text\">Ce que nous faisons<\/h2>\n\n\n\n<p>Nous sommes sp\u00e9cialis\u00e9s dans la fourniture d'\u00e9quipements miniers robustes et performants, con\u00e7us pour maximiser la productivit\u00e9 dans les environnements les plus exigeants. Notre portefeuille de produits comprend <strong>des installations de concassage mobiles et stationnaires, des concasseurs \u00e0 double rouleau pour un calibrage efficace des min\u00e9raux, des alimentateurs \u00e0 tablier et \u00e0 bande robustes pour une manutention pr\u00e9cise des mat\u00e9riaux, et des cribles vibrants avanc\u00e9s pour un classement optimal.<\/strong>. Ces solutions sont con\u00e7ues pour r\u00e9pondre aux exigences rigoureuses des mines de charbon, des carri\u00e8res et des centrales \u00e9lectriques, garantissant une fiabilit\u00e9 dans des conditions extr\u00eames. Au-del\u00e0 de la fabrication, nous fournissons une assistance compl\u00e8te, depuis la conception et l'installation sur mesure jusqu'\u00e0 la formation et la maintenance des op\u00e9rateurs, afin d'assurer une int\u00e9gration transparente et un succ\u00e8s op\u00e9rationnel \u00e0 long terme pour nos clients dans le monde entier.<\/p>\n<\/div>\n<\/div>\n<\/div>\n<\/div>\n<\/div>\n<\/div>\n\n\n\n<div>\n<div class=\"gb-element-cda0895c\">\n<div>\n<div class=\"gb-element-80a854f7\">\n<div class=\"gb-element-f71b83b1\">\n<img decoding=\"async\" width=\"700\" height=\"462\" class=\"gb-media-e9df87bd\" alt=\"\" src=\"http:\/\/cstmg.com\/wp-content\/uploads\/2025\/10\/about3.jpg\" title=\"environ 3\" srcset=\"https:\/\/cstmg.com\/wp-content\/uploads\/2025\/10\/about3.jpg 700w, https:\/\/cstmg.com\/wp-content\/uploads\/2025\/10\/about3-300x198.jpg 300w, https:\/\/cstmg.com\/wp-content\/uploads\/2025\/10\/about3-18x12.jpg 18w\" sizes=\"(max-width: 700px) 100vw, 700px\" \/>\n<\/div>\n\n\n\n<div class=\"gb-element-b831dd91\">\n<div class=\"gb-element-b55cfe51\">\n<h2 class=\"gb-text\">La force de la CSTMG<\/h2>\n\n\n\n<p>CSTMG se distingue par une innovation incessante, une qualit\u00e9 sup\u00e9rieure et un engagement in\u00e9branlable envers ses clients. Nos avanc\u00e9es en mati\u00e8re de R&amp;D, <strong>attest\u00e9e par plus de 60 brevets et de multiples r\u00e9compenses nationales<\/strong>Les produits de la s\u00e9rie \"B\" ont red\u00e9fini les normes de l'industrie en mati\u00e8re d'efficacit\u00e9 et de long\u00e9vit\u00e9. Chaque produit est soumis \u00e0 des tests rigoureux dans nos installations de pointe, ce qui garantit une dur\u00e9e de vie prolong\u00e9e et des temps d'arr\u00eat r\u00e9duits. Ayant fait ses preuves sur divers march\u00e9s, des temp\u00e9ratures glaciales du Kazakhstan aux climats humides de l'Asie du Sud-Est, nous adaptons notre technologie aux d\u00e9fis locaux tout en respectant l'environnement au niveau mondial. Notre r\u00e9seau de service d\u00e9di\u00e9 assure une r\u00e9ponse rapide et une assistance \u00e0 vie, renfor\u00e7ant notre r\u00e9putation de partenaire de confiance dans la production mini\u00e8re et d'agr\u00e9gats.<\/p>\n<\/div>\n<\/div>\n<\/div>\n<\/div>\n<\/div>\n<\/div>\n\n\n\n<div>\n<div class=\"gb-element-2f1979e0\">\n<div>\n<div class=\"gb-element-4c24ca3e\">\n<div class=\"gb-element-80496905\">\n<img decoding=\"async\" width=\"700\" height=\"462\" class=\"gb-media-c04c685b\" alt=\"\" src=\"http:\/\/cstmg.com\/wp-content\/uploads\/2025\/10\/about4.jpg\" title=\"environ 4\" srcset=\"https:\/\/cstmg.com\/wp-content\/uploads\/2025\/10\/about4.jpg 700w, https:\/\/cstmg.com\/wp-content\/uploads\/2025\/10\/about4-300x198.jpg 300w, https:\/\/cstmg.com\/wp-content\/uploads\/2025\/10\/about4-18x12.jpg 18w\" sizes=\"(max-width: 700px) 100vw, 700px\" \/>\n<\/div>\n\n\n\n<div class=\"gb-element-b25874f3\">\n<div class=\"gb-element-fbe7922f\">\n<h2 class=\"gb-text\">Notre vision<\/h2>\n\n\n\n<p>Anim\u00e9s par la mission de cr\u00e9er des solutions mini\u00e8res de classe mondiale, nous fa\u00e7onnons l'avenir de l'industrie gr\u00e2ce \u00e0 des technologies plus intelligentes, plus \u00e9cologiques et plus efficaces. Nous investissons massivement dans l'automatisation pilot\u00e9e par l'IA et les conceptions \u00e9conomes en \u00e9nergie pour aider nos clients \u00e0 r\u00e9aliser des op\u00e9rations durables et rentables. Alors que nous nous d\u00e9veloppons sur de nouveaux march\u00e9s \u00e0 travers l'Afrique et l'Europe, nous restons d\u00e9termin\u00e9s \u00e0 favoriser des partenariats \u00e0 long terme fond\u00e9s sur l'innovation, l'int\u00e9grit\u00e9 et le succ\u00e8s partag\u00e9. Guid\u00e9 par nos valeurs fondamentales d'excellence et d'orientation client, CSTMG vise \u00e0 mener le secteur minier mondial vers un avenir plus productif et plus respectueux de l'environnement.<\/p>\n<\/div>\n<\/div>\n<\/div>\n<\/div>\n<\/div>\n<\/div>","protected":false},"excerpt":{"rendered":"<p>About CSTMG Who We Are CSTMG is a nationally recognized high-tech enterprise dedicated to the research, development, and manufacturing of premium mining machinery. With a sprawling 200,000+ m\u00b2 production base and 109,000 m\u00b2 of advanced workshops, we combine scale with precision engineering. Our team of 690 professionals includes distinguished industry experts and a skilled technical &#8230; <\/p>\n<p class=\"read-more-container\"><a title=\"A propos de nous\" class=\"read-more button\" href=\"https:\/\/cstmg.com\/fr\/about-us\/#more-285\" aria-label=\"En savoir plus sur About Us\">Lire plus<\/a><\/p>","protected":false},"author":1,"featured_media":0,"parent":0,"menu_order":0,"comment_status":"closed","ping_status":"closed","template":"","meta":{"footnotes":""},"class_list":{"0":"post-285","1":"page","2":"type-page","3":"status-publish","5":"no-featured-image-padding"},"_links":{"self":[{"href":"https:\/\/cstmg.com\/fr\/wp-json\/wp\/v2\/pages\/285","targetHints":{"allow":["GET"]}}],"collection":[{"href":"https:\/\/cstmg.com\/fr\/wp-json\/wp\/v2\/pages"}],"about":[{"href":"https:\/\/cstmg.com\/fr\/wp-json\/wp\/v2\/types\/page"}],"author":[{"embeddable":true,"href":"https:\/\/cstmg.com\/fr\/wp-json\/wp\/v2\/users\/1"}],"replies":[{"embeddable":true,"href":"https:\/\/cstmg.com\/fr\/wp-json\/wp\/v2\/comments?post=285"}],"version-history":[{"count":0,"href":"https:\/\/cstmg.com\/fr\/wp-json\/wp\/v2\/pages\/285\/revisions"}],"wp:attachment":[{"href":"https:\/\/cstmg.com\/fr\/wp-json\/wp\/v2\/media?parent=285"}],"curies":[{"name":"wp","href":"https:\/\/api.w.org\/{rel}","templated":true}]}}