{"id":1034,"date":"2025-07-29T10:53:16","date_gmt":"2025-07-29T10:53:16","guid":{"rendered":"https:\/\/cstmg.com\/?page_id=1034"},"modified":"2025-11-05T19:13:19","modified_gmt":"2025-11-05T11:13:19","slug":"lhistoire","status":"publish","type":"page","link":"https:\/\/cstmg.com\/fr\/history\/","title":{"rendered":"L'histoire"},"content":{"rendered":"<div class=\"gb-element-d265ae9a\">\n<div class=\"gb-element-61b9365e\">\n<div>\n<h1 class=\"gb-text\">L'histoire<\/h1>\n<\/div>\n<\/div>\n<\/div>\n\n\n\n<div>\n<div class=\"gb-element-c5bd73e0\">\n<div>\n<div class=\"gb-element-f41b0146\">\n<div class=\"gb-element-37086dc5\">\n<div>\n<h2 class=\"gb-text\">2009<\/h2>\n\n\n\n<p class=\"gb-text gb-text-1d75aeb3\">En 2009, \u00e0 la suite d'une restructuration des entreprises d'\u00c9tat, notre usine a \u00e9t\u00e9 officiellement \u00e9tablie comme l'entit\u00e9 que nous exploitons aujourd'hui.<\/p>\n\n\n\n<p class=\"gb-text gb-text-60424cd3\">2009<\/p>\n<\/div>\n<\/div>\n\n\n\n<div>\n<div>\n<img decoding=\"async\" width=\"700\" height=\"462\" class=\"gb-media-cc82fd34\" alt=\"\" src=\"http:\/\/cstmg.com\/wp-content\/uploads\/2025\/10\/about1.jpg\" title=\"environ 1\" srcset=\"https:\/\/cstmg.com\/wp-content\/uploads\/2025\/10\/about1.jpg 700w, https:\/\/cstmg.com\/wp-content\/uploads\/2025\/10\/about1-300x198.jpg 300w, https:\/\/cstmg.com\/wp-content\/uploads\/2025\/10\/about1-18x12.jpg 18w\" sizes=\"(max-width: 700px) 100vw, 700px\" \/>\n<\/div>\n<\/div>\n<\/div>\n<\/div>\n<\/div>\n<\/div>\n\n\n\n<div>\n<div class=\"gb-element-479dac40\">\n<div>\n<div class=\"gb-element-5f7fdf41\">\n<div class=\"gb-element-d05c6f13\">\n<div>\n<img decoding=\"async\" width=\"700\" height=\"462\" class=\"gb-media-9f99c9ee\" alt=\"\" src=\"http:\/\/cstmg.com\/wp-content\/uploads\/2025\/10\/history12.jpg\" title=\"histoire12\" srcset=\"https:\/\/cstmg.com\/wp-content\/uploads\/2025\/10\/history12.jpg 700w, https:\/\/cstmg.com\/wp-content\/uploads\/2025\/10\/history12-300x198.jpg 300w, https:\/\/cstmg.com\/wp-content\/uploads\/2025\/10\/history12-18x12.jpg 18w\" sizes=\"(max-width: 700px) 100vw, 700px\" \/>\n<\/div>\n<\/div>\n\n\n\n<div class=\"gb-element-dd57dcb0\">\n<div>\n<h2 class=\"gb-text\">2010<\/h2>\n\n\n\n<p class=\"gb-text gb-text-57a99ef5\">En 2010, notre entreprise a obtenu la certification du syst\u00e8me de gestion de la qualit\u00e9 ISO9001:2000 et a test\u00e9 et lanc\u00e9 avec succ\u00e8s le syst\u00e8me de gestion de l'information de l'entreprise.&nbsp;<em>2ZKD3673 Tamis lin\u00e9aire pour bananes<\/em> \u00e0 la production.<\/p>\n\n\n\n<p class=\"gb-text gb-text-f0d1cc0f\">2010<\/p>\n<\/div>\n<\/div>\n<\/div>\n<\/div>\n<\/div>\n<\/div>\n\n\n\n<div>\n<div class=\"gb-element-0142b20f\">\n<div>\n<div class=\"gb-element-b2eba4ab\">\n<div class=\"gb-element-2c72ec38\">\n<div>\n<h2 class=\"gb-text\">2012<\/h2>\n\n\n\n<p>En 2012, notre entreprise a franchi deux \u00e9tapes importantes :<\/p>\n\n\n\n<div class=\"gb-element-2af5eaba\">\n<ul class=\"wp-block-list\">\n<li>Construction de trois syst\u00e8mes de production de concassage et de criblage dans des mines de charbon \u00e0 ciel ouvert, dans le cadre de la strat\u00e9gie de d\u00e9veloppement occidental de la Chine.<\/li>\n\n\n\n<li>Titre d\u00e9cern\u00e9&nbsp;<em>\"Unit\u00e9 avanc\u00e9e pour la qualit\u00e9 et la solvabilit\u00e9\"<\/em>en reconnaissance de l'excellence op\u00e9rationnelle.<\/li>\n<\/ul>\n<\/div>\n\n\n\n<p class=\"gb-text gb-text-e9760047\">2012<\/p>\n<\/div>\n<\/div>\n\n\n\n<div>\n<div>\n<img decoding=\"async\" width=\"700\" height=\"462\" class=\"gb-media-4c85c944\" alt=\"\" src=\"http:\/\/cstmg.com\/wp-content\/uploads\/2025\/10\/history11.jpg\" title=\"histoire11\" srcset=\"https:\/\/cstmg.com\/wp-content\/uploads\/2025\/10\/history11.jpg 700w, https:\/\/cstmg.com\/wp-content\/uploads\/2025\/10\/history11-300x198.jpg 300w, https:\/\/cstmg.com\/wp-content\/uploads\/2025\/10\/history11-18x12.jpg 18w\" sizes=\"(max-width: 700px) 100vw, 700px\" \/>\n<\/div>\n<\/div>\n<\/div>\n<\/div>\n<\/div>\n<\/div>\n\n\n\n<div>\n<div class=\"gb-element-1802f20e\">\n<div>\n<div class=\"gb-element-93caa712\">\n<div class=\"gb-element-be601d50\">\n<div>\n<img decoding=\"async\" width=\"700\" height=\"462\" class=\"gb-media-9c6311eb\" alt=\"\" src=\"http:\/\/cstmg.com\/wp-content\/uploads\/2025\/10\/history10.jpg\" title=\"histoire10\" srcset=\"https:\/\/cstmg.com\/wp-content\/uploads\/2025\/10\/history10.jpg 700w, https:\/\/cstmg.com\/wp-content\/uploads\/2025\/10\/history10-300x198.jpg 300w, https:\/\/cstmg.com\/wp-content\/uploads\/2025\/10\/history10-18x12.jpg 18w\" sizes=\"(max-width: 700px) 100vw, 700px\" \/>\n<\/div>\n<\/div>\n\n\n\n<div>\n<div>\n<h2 class=\"gb-text\">2015<\/h2>\n\n\n\n<p class=\"gb-text gb-text-2af147da\">En 2015, notre entreprise a renforc\u00e9 son leadership dans le secteur gr\u00e2ce \u00e0 des r\u00e9alisations cl\u00e9s :<\/p>\n\n\n\n<div class=\"gb-element-9c65fde4\">\n<ul class=\"wp-block-list\">\n<li>\u200b<strong>\u200b<\/strong>A obtenu le<strong>\u200b<\/strong><em>Certification du syst\u00e8me de gestion de la sant\u00e9 et de la s\u00e9curit\u00e9 au travail OHSAS 18001:2007<\/em><strong>\u200b<\/strong>La s\u00e9curit\u00e9 au travail est une priorit\u00e9 pour l'Union europ\u00e9enne, qui renforce son engagement en la mati\u00e8re.<\/li>\n\n\n\n<li>S\u00e9curis\u00e9<strong>\u200b<\/strong>des brevets d'invention pour des \u00e9quipements r\u00e9volutionnaires tels que le&nbsp;<em>Station de concassage intelligente \u00e0 double \u00e9tage<\/em>et&nbsp;<em>Nouveau tamis vibrant pour bananes<\/em>qui met en \u00e9vidence nos capacit\u00e9s en mati\u00e8re de recherche et de d\u00e9veloppement.<\/li>\n\n\n\n<li>Obtention de l'autorisation de mettre en place le <em>Xinxiang Heavy Mining Machinery Equipment Engineering Technology Research Center\" (Centre de recherche sur les technologies d'ing\u00e9nierie des machines mini\u00e8res lourdes de Xinxiang)<\/em><strong>\u200b<\/strong>L'objectif est de faire progresser l'innovation technologique dans le secteur minier.<\/li>\n<\/ul>\n<\/div>\n\n\n\n<p class=\"gb-text gb-text-b9cc2e8f\">2015<\/p>\n<\/div>\n<\/div>\n<\/div>\n<\/div>\n<\/div>\n<\/div>\n\n\n\n<div>\n<div class=\"gb-element-27823548\">\n<div>\n<div class=\"gb-element-0791fec2\">\n<div class=\"gb-element-c9357bc8\">\n<div>\n<h2 class=\"gb-text\">2016<\/h2>\n\n\n\n<p class=\"gb-text gb-text-5fc070ca\">Nous avons \u00e9tendu avec succ\u00e8s notre pr\u00e9sence sur les march\u00e9s internationaux, faisant preuve d'une forte comp\u00e9titivit\u00e9 mondiale. Nos capacit\u00e9s d'innovation technologique ont \u00e9t\u00e9 confirm\u00e9es par l'attribution du label \"<em>Concasseur intelligent \u00e0 plusieurs unit\u00e9s<\/em>\"a re\u00e7u un certificat national de brevet d'invention. Parall\u00e8lement, nous avons renforc\u00e9 notre engagement en faveur de la durabilit\u00e9 environnementale en obtenant le certificat de brevet national. <em>Certification du syst\u00e8me de gestion environnementale ISO 14001:2015<\/em>Cette d\u00e9cision marque un nouveau pas en avant dans nos pratiques commerciales responsables.<\/p>\n\n\n\n<p class=\"gb-text gb-text-b71a34a3\">2016<\/p>\n<\/div>\n<\/div>\n\n\n\n<div>\n<div>\n<img decoding=\"async\" width=\"700\" height=\"462\" class=\"gb-media-feeb315e\" alt=\"\" src=\"http:\/\/cstmg.com\/wp-content\/uploads\/2025\/10\/history13.jpg\" title=\"histoire13\" srcset=\"https:\/\/cstmg.com\/wp-content\/uploads\/2025\/10\/history13.jpg 700w, https:\/\/cstmg.com\/wp-content\/uploads\/2025\/10\/history13-300x198.jpg 300w, https:\/\/cstmg.com\/wp-content\/uploads\/2025\/10\/history13-18x12.jpg 18w\" sizes=\"(max-width: 700px) 100vw, 700px\" \/>\n<\/div>\n<\/div>\n<\/div>\n<\/div>\n<\/div>\n<\/div>\n\n\n\n<div>\n<div class=\"gb-element-0f2b2092\">\n<div>\n<div class=\"gb-element-810115dc\">\n<div class=\"gb-element-855f6a8b\">\n<div>\n<img decoding=\"async\" width=\"700\" height=\"462\" class=\"gb-media-c0bba209\" alt=\"\" src=\"http:\/\/cstmg.com\/wp-content\/uploads\/2025\/11\/about5.jpg\" title=\"environ 5\" srcset=\"https:\/\/cstmg.com\/wp-content\/uploads\/2025\/11\/about5.jpg 700w, https:\/\/cstmg.com\/wp-content\/uploads\/2025\/11\/about5-300x198.jpg 300w, https:\/\/cstmg.com\/wp-content\/uploads\/2025\/11\/about5-18x12.jpg 18w\" sizes=\"(max-width: 700px) 100vw, 700px\" \/>\n<\/div>\n<\/div>\n\n\n\n<div class=\"gb-element-d8c9fb67\">\n<div>\n<h2 class=\"gb-text\">2018<\/h2>\n\n\n\n<p class=\"gb-text gb-text-16fa7a1b\">En 2018, notre entreprise a r\u00e9alis\u00e9 d'importantes perc\u00e9es technologiques en d\u00e9veloppant avec succ\u00e8s le syst\u00e8me de gestion des d\u00e9chets de l'entreprise.&nbsp;<em>Nouveau vibrateur de lubrification \u00e0 huile fine \u00e0 bride<\/em>qui a re\u00e7u un certificat de brevet de mod\u00e8le d'utilit\u00e9. La m\u00eame ann\u00e9e, nous avons renforc\u00e9 notre engagement en faveur d'une fabrication durable et intelligente en construisant un syst\u00e8me de production de concassage et de criblage \u00e9cologique, respectueux de l'environnement et intelligent.<\/p>\n\n\n\n<p class=\"gb-text gb-text-bb631b7c\">2018<\/p>\n<\/div>\n<\/div>\n<\/div>\n<\/div>\n<\/div>\n<\/div>\n\n\n\n<div>\n<div class=\"gb-element-b4e9fd70\">\n<div>\n<div class=\"gb-element-0668d53f\">\n<div class=\"gb-element-c6831b16\">\n<div>\n<h2 class=\"gb-text\">2019<\/h2>\n\n\n\n<p class=\"gb-text gb-text-a1688c1f\">Nous avons mis en \u0153uvre avec succ\u00e8s des syst\u00e8mes PLM (gestion du cycle de vie des produits) et ERP (planification des ressources de l'entreprise), ce qui a permis d'am\u00e9liorer l'efficacit\u00e9 et la prise de d\u00e9cisions fond\u00e9es sur des donn\u00e9es dans l'ensemble de nos activit\u00e9s commerciales. En outre, nous avons obtenu la certification de la s\u00e9curit\u00e9 des produits miniers pour le&nbsp;<em>2PLF150\/300 Calibreur de min\u00e9raux<\/em> et a obtenu le certificat de qualification de niveau 3 pour les contrats d'ing\u00e9nierie d'installation m\u00e9canique et \u00e9lectrique, ce qui renforce encore notre expertise dans le secteur et nos normes de conformit\u00e9.<\/p>\n\n\n\n<p class=\"gb-text gb-text-2ff2ee70\">2019<\/p>\n<\/div>\n<\/div>\n\n\n\n<div>\n<div>\n<img decoding=\"async\" width=\"700\" height=\"462\" class=\"gb-media-a218af3b\" alt=\"\" src=\"http:\/\/cstmg.com\/wp-content\/uploads\/2025\/10\/history14.jpg\" title=\"histoire14\" srcset=\"https:\/\/cstmg.com\/wp-content\/uploads\/2025\/10\/history14.jpg 700w, https:\/\/cstmg.com\/wp-content\/uploads\/2025\/10\/history14-300x198.jpg 300w, https:\/\/cstmg.com\/wp-content\/uploads\/2025\/10\/history14-18x12.jpg 18w\" sizes=\"(max-width: 700px) 100vw, 700px\" \/>\n<\/div>\n<\/div>\n<\/div>\n<\/div>\n<\/div>\n<\/div>\n\n\n\n<div>\n<div class=\"gb-element-80254e58\">\n<div>\n<div class=\"gb-element-6077321f\">\n<div class=\"gb-element-05097193\">\n<div>\n<img decoding=\"async\" width=\"700\" height=\"462\" class=\"gb-media-6fadee88\" alt=\"\" src=\"http:\/\/cstmg.com\/wp-content\/uploads\/2025\/10\/history15.jpg\" title=\"histoire15\" srcset=\"https:\/\/cstmg.com\/wp-content\/uploads\/2025\/10\/history15.jpg 700w, https:\/\/cstmg.com\/wp-content\/uploads\/2025\/10\/history15-300x198.jpg 300w, https:\/\/cstmg.com\/wp-content\/uploads\/2025\/10\/history15-18x12.jpg 18w\" sizes=\"(max-width: 700px) 100vw, 700px\" \/>\n<\/div>\n<\/div>\n\n\n\n<div class=\"gb-element-ca5ed345\">\n<div>\n<h2 class=\"gb-text\">2022<\/h2>\n\n\n\n<p class=\"gb-text gb-text-6d2cde84\">Nous avons obtenu des contrats pour plus d'une douzaine de syst\u00e8mes EPC de broyage \u00e0 grande \u00e9chelle pour mines de charbon \u00e0 ciel ouvert (capacit\u00e9 de plus de 3 millions de tonnes par an) sur les march\u00e9s nationaux et internationaux, stimulant ainsi le d\u00e9veloppement de l'industrie r\u00e9gionale du charbon. Notre approche innovante de la&nbsp;<em>Tamis \u00e0 rouleaux \u00e0 grande \u00e9chelle et \u00e0 haut rendement<\/em>e arned the <em>Troisi\u00e8me prix de la science et de la technologie de l'industrie du charbon en Chine<\/em>. L'entreprise a obtenu une am\u00e9lioration significative de ses capacit\u00e9s, notre qualification en mati\u00e8re de construction \u00e9tant pass\u00e9e de la cat\u00e9gorie 3 \u00e0 la cat\u00e9gorie 4, ce qui a permis \u00e0 l'entreprise d'am\u00e9liorer sa comp\u00e9titivit\u00e9.<strong>Grade 2 pour l'ing\u00e9nierie des installations m\u00e9caniques et \u00e9lectriques<\/strong>refl\u00e9tant notre expertise technique croissante et notre position de leader sur le march\u00e9. Ces r\u00e9alisations d\u00e9montrent notre engagement \u00e0 fournir des solutions mini\u00e8res de haute performance tout en faisant progresser les normes de l'industrie gr\u00e2ce \u00e0 l'innovation technologique et \u00e0 l'excellence op\u00e9rationnelle.<\/p>\n\n\n\n<p class=\"gb-text gb-text-9af015ae\">2022<\/p>\n<\/div>\n<\/div>\n<\/div>\n<\/div>\n<\/div>\n<\/div>","protected":false},"excerpt":{"rendered":"<p>History 2009 In 2009, following a restructuring of state-owned enterprises, our factory was formally established as the entity we operate today. 2009 2010 In 2010, our company achieved ISO9001:2000 Quality Management System Certification and successfully trialed and launched the self-developed&nbsp;2ZKD3673 Linear Banana Screen project into production. 2010 2012 In 2012, our company achieved two major &#8230; <\/p>\n<p class=\"read-more-container\"><a title=\"L&#039;histoire\" class=\"read-more button\" href=\"https:\/\/cstmg.com\/fr\/history\/#more-1034\" aria-label=\"En savoir plus sur History\">Lire plus<\/a><\/p>","protected":false},"author":1,"featured_media":0,"parent":0,"menu_order":0,"comment_status":"closed","ping_status":"closed","template":"","meta":{"footnotes":""},"class_list":{"0":"post-1034","1":"page","2":"type-page","3":"status-publish","5":"no-featured-image-padding"},"_links":{"self":[{"href":"https:\/\/cstmg.com\/fr\/wp-json\/wp\/v2\/pages\/1034","targetHints":{"allow":["GET"]}}],"collection":[{"href":"https:\/\/cstmg.com\/fr\/wp-json\/wp\/v2\/pages"}],"about":[{"href":"https:\/\/cstmg.com\/fr\/wp-json\/wp\/v2\/types\/page"}],"author":[{"embeddable":true,"href":"https:\/\/cstmg.com\/fr\/wp-json\/wp\/v2\/users\/1"}],"replies":[{"embeddable":true,"href":"https:\/\/cstmg.com\/fr\/wp-json\/wp\/v2\/comments?post=1034"}],"version-history":[{"count":0,"href":"https:\/\/cstmg.com\/fr\/wp-json\/wp\/v2\/pages\/1034\/revisions"}],"wp:attachment":[{"href":"https:\/\/cstmg.com\/fr\/wp-json\/wp\/v2\/media?parent=1034"}],"curies":[{"name":"wp","href":"https:\/\/api.w.org\/{rel}","templated":true}]}}