{"id":1033,"date":"2025-07-30T09:19:30","date_gmt":"2025-07-30T09:19:30","guid":{"rendered":"https:\/\/cstmg.com\/?page_id=1033"},"modified":"2025-12-18T15:01:29","modified_gmt":"2025-12-18T07:01:29","slug":"la-force-des-entreprises","status":"publish","type":"page","link":"https:\/\/cstmg.com\/fr\/business-strength\/","title":{"rendered":"La force de l'entreprise"},"content":{"rendered":"<div class=\"gb-element-d265ae9a\">\n<div class=\"gb-element-61b9365e\">\n<div>\n<h1 class=\"gb-text\">La force de l'entreprise<\/h1>\n<\/div>\n<\/div>\n<\/div>\n\n\n\n<div>\n<div class=\"gb-element-c5bd73e0\">\n<div>\n<div class=\"gb-element-89184799\">\n<div>\n<div>\n<h2 class=\"gb-text\">Leadership technologique<\/h2>\n<\/div>\n<\/div>\n\n\n\n<div>\n<div>\n<p class=\"gb-text\">Le CSTMG maintient un syst\u00e8me rigoureux de gestion de la qualit\u00e9 et utilise des m\u00e9thodologies de pointe pour tester ses produits. En tant que pionnier de l'industrie, nous avons \u00e9t\u00e9 parmi les premiers \u00e0 obtenir la certification du syst\u00e8me de gestion de la qualit\u00e9 ISO9001, ce qui nous a permis de maintenir la qualit\u00e9 de nos produits \u00e0 des niveaux in\u00e9gal\u00e9s dans l'industrie. Notre excellence technologique est d\u00e9montr\u00e9e par la possession de <mark style=\"background-color:rgba(0, 0, 0, 0)\" class=\"has-inline-color has-global-color-10-color\">plus de 60 brevets nationaux et de multiples r\u00e9compenses<\/mark>La Commission a re\u00e7u de nombreuses distinctions, notamment de prestigieuses distinctions nationales et provinciales dans le domaine de la science et de la technologie.<\/p>\n<\/div>\n<\/div>\n<\/div>\n<\/div>\n<\/div>\n<\/div>\n\n\n\n<div class=\"gb-element-78ac933a\">\n<div class=\"gb-element-8bfe9e0f\">\n<div>\n<div>\n<div class=\"gb-element-78732d0f\">\n<div class=\"gb-element-cb1b41a4\">\n<div class=\"gb-element-98f34da1\">\n<h2 class=\"gb-text\">Fabrication intelligente<\/h2>\n\n\n\n<p>Le CSTMG excelle dans la fabrication intelligente avec des \u00e9quipements de traitement avanc\u00e9s tels que&nbsp;<em>Tours verticaux \u00e0 usage intensif<\/em>et&nbsp;<em>Machines de d\u00e9coupe plasma CNC<\/em>garantissant une ing\u00e9nierie de pr\u00e9cision. Nos services&nbsp;<em>Syst\u00e8me de contr\u00f4le centralis\u00e9 \u00e9lectrique<\/em>int\u00e8gre une automatisation intelligente pour les stations de concassage, avec des armoires GGD command\u00e9es par PLC, des d\u00e9marreurs progressifs et une r\u00e9gulation de la vitesse \u00e0 fr\u00e9quence variable pour une production optimis\u00e9e. Du traitement CNC automatis\u00e9 \u00e0 la surveillance en temps r\u00e9el avec des capteurs intelligents, CSTMG combine une technologie de pointe avec des protocoles de s\u00e9curit\u00e9 robustes (protection contre les surcharges, arr\u00eats d'urgence) pour am\u00e9liorer l'efficacit\u00e9 et la fiabilit\u00e9 dans l'exploitation mini\u00e8re et les industries lourdes.<\/p>\n<\/div>\n<\/div>\n\n\n\n<div>\n<div>\n<div class=\"gb-element-aec7447d\">\n<div>\n<div>\n<figure class=\"wp-block-embed is-type-video is-provider-youtube wp-block-embed-youtube wp-embed-aspect-16-9 wp-has-aspect-ratio\"><div class=\"wp-block-embed__wrapper\">\n<iframe title=\"Concasseur \u00e0 double rouleau fonctionnant dans l&#039;usine de concassage\" width=\"563\" height=\"1000\" src=\"https:\/\/www.youtube.com\/embed\/ANRD0I9OQJs?feature=oembed\" frameborder=\"0\" allow=\"accelerometer; autoplay; clipboard-write; encrypted-media; gyroscope; picture-in-picture; web-share\" referrerpolicy=\"strict-origin-when-cross-origin\" allowfullscreen><\/iframe>\n<\/div><\/figure>\n<\/div>\n<\/div>\n\n\n\n<div>\n<div>\n<figure class=\"wp-block-embed is-type-video is-provider-youtube wp-block-embed-youtube wp-embed-aspect-16-9 wp-has-aspect-ratio\"><div class=\"wp-block-embed__wrapper\">\n<iframe title=\"Test du concasseur \u00e0 quatre rouleaux et performances de concassage\" width=\"1200\" height=\"675\" src=\"https:\/\/www.youtube.com\/embed\/R37-jhU81fI?feature=oembed\" frameborder=\"0\" allow=\"accelerometer; autoplay; clipboard-write; encrypted-media; gyroscope; picture-in-picture; web-share\" referrerpolicy=\"strict-origin-when-cross-origin\" allowfullscreen><\/iframe>\n<\/div><\/figure>\n<\/div>\n<\/div>\n\n\n\n<div>\n<div>\n<figure class=\"wp-block-embed is-type-video is-provider-youtube wp-block-embed-youtube wp-embed-aspect-16-9 wp-has-aspect-ratio\"><div class=\"wp-block-embed__wrapper\">\n<iframe title=\"Vid\u00e9o de fonctionnement du disjoncteur d&#039;alimentation\" width=\"1200\" height=\"675\" src=\"https:\/\/www.youtube.com\/embed\/FFda5QT91PA?feature=oembed\" frameborder=\"0\" allow=\"accelerometer; autoplay; clipboard-write; encrypted-media; gyroscope; picture-in-picture; web-share\" referrerpolicy=\"strict-origin-when-cross-origin\" allowfullscreen><\/iframe>\n<\/div><\/figure>\n<\/div>\n<\/div>\n\n\n\n<div>\n<div>\n<figure class=\"wp-block-embed is-type-video is-provider-youtube wp-block-embed-youtube wp-embed-aspect-16-9 wp-has-aspect-ratio\"><div class=\"wp-block-embed__wrapper\">\n<iframe title=\"Cribles vibrants circulaires : Exploitation sur site et production en usine\" width=\"1200\" height=\"675\" src=\"https:\/\/www.youtube.com\/embed\/vKA7TNNfG7o?feature=oembed\" frameborder=\"0\" allow=\"accelerometer; autoplay; clipboard-write; encrypted-media; gyroscope; picture-in-picture; web-share\" referrerpolicy=\"strict-origin-when-cross-origin\" allowfullscreen><\/iframe>\n<\/div><\/figure>\n<\/div>\n<\/div>\n<\/div>\n<\/div>\n<\/div>\n<\/div>\n<\/div>\n\n\n\n<div class=\"gb-element-f58fccf8\">\n<h1 class=\"gb-text gb-text-24516321\"><em>CSTMG<\/em><\/h1>\n<\/div>\n<\/div>\n<\/div>\n<\/div>\n\n\n\n<div>\n<div class=\"gb-element-7721b498\">\n<div>\n<div>\n<div class=\"gb-element-b773380c\">\n<div class=\"gb-element-44cfd413\">\n<img decoding=\"async\" width=\"700\" height=\"462\" class=\"gb-media-99ec43ae\" alt=\"\" src=\"http:\/\/cstmg.com\/wp-content\/uploads\/2025\/10\/about1.jpg\" title=\"environ 1\" srcset=\"https:\/\/cstmg.com\/wp-content\/uploads\/2025\/10\/about1.jpg 700w, https:\/\/cstmg.com\/wp-content\/uploads\/2025\/10\/about1-300x198.jpg 300w, https:\/\/cstmg.com\/wp-content\/uploads\/2025\/10\/about1-18x12.jpg 18w\" sizes=\"(max-width: 700px) 100vw, 700px\" \/>\n<\/div>\n\n\n\n<div class=\"gb-element-92384c2a\">\n<div>\n<h2 class=\"gb-text\">Production all\u00e9g\u00e9e<\/h2>\n\n\n\n<p class=\"gb-text\">Le CSTMG a adopt\u00e9 les principes de la production all\u00e9g\u00e9e afin de maximiser l'efficacit\u00e9 et de minimiser les d\u00e9chets dans l'ensemble de ses op\u00e9rations de fabrication. En mettant en \u0153uvre des flux de mat\u00e9riaux juste \u00e0 temps, un usinage de pr\u00e9cision automatis\u00e9 et des syst\u00e8mes d'inventaire intelligents, nous avons rationalis\u00e9 les processus de production tout en maintenant des normes de qualit\u00e9 rigoureuses. Notre culture de l'am\u00e9lioration continue, soutenue par une surveillance IoT en temps r\u00e9el et une innovation men\u00e9e par les employ\u00e9s, a permis d'obtenir des r\u00e9sultats mesurables, notamment des cycles de production plus rapides de 20% et une r\u00e9duction des d\u00e9chets mat\u00e9riels de 15%.<\/p>\n\n\n\n<p>Ces m\u00e9thodologies all\u00e9g\u00e9es renforcent notre comp\u00e9titivit\u00e9 dans la fourniture de machines lourdes de haute performance tout en optimisant l'utilisation des ressources tout au long du cycle de production.<\/p>\n<\/div>\n<\/div>\n<\/div>\n<\/div>\n<\/div>\n<\/div>\n<\/div>\n\n\n\n<div class=\"gb-element-ab5d4a2e\"><div class=\"carousel-slider-outer carousel-slider-outer-image-carousel carousel-slider-outer-1146\" style=\"--carousel-slider-nav-color:#f1f1f1;--carousel-slider-active-nav-color:#00d1b2;--carousel-slider-arrow-size:48px;--carousel-slider-bullet-size:10px\">\n<div id=\"&#039;id-1146\" class=\"carousel-slider carousel-slider-1146 arrows-visibility-hover dots-visibility-never arrows-inside dots-center dots-circle owl-carousel\" data-slide-type=\"image-carousel\" data-owl-settings='{\"nav\":true,\"dots\":false,\"slideBy\":1,\"stagePadding\":0,\"margin\":10,\"loop\":true,\"lazyLoad\":false,\"autoplay\":true,\"autoplayTimeout\":5000,\"autoplaySpeed\":500,\"autoplayHoverPause\":true,\"autoWidth\":false,\"responsive\":{\"300\":{\"items\":2},\"576\":{\"items\":2},\"768\":{\"items\":2},\"1024\":{\"items\":3},\"1280\":{\"items\":4},\"1536\":{\"items\":5}}}'>\n<div class=\"carousel-slider__item\">\n\t<img decoding=\"async\" width=\"450\" height=\"320\" src=\"https:\/\/cstmg.com\/wp-content\/uploads\/2025\/10\/business-strength-4.png\" class=\"attachment-medium_large size-medium_large\" alt=\"\" srcset=\"https:\/\/cstmg.com\/wp-content\/uploads\/2025\/10\/business-strength-4.png 450w, https:\/\/cstmg.com\/wp-content\/uploads\/2025\/10\/business-strength-4-300x213.png 300w, https:\/\/cstmg.com\/wp-content\/uploads\/2025\/10\/business-strength-4-18x12.png 18w\" sizes=\"(max-width: 450px) 100vw, 450px\" \/><\/a><\/div>\n\n<div class=\"carousel-slider__item\">\n\t<img decoding=\"async\" width=\"450\" height=\"320\" src=\"https:\/\/cstmg.com\/wp-content\/uploads\/2025\/10\/business-strength-5.png\" class=\"attachment-medium_large size-medium_large\" alt=\"\" srcset=\"https:\/\/cstmg.com\/wp-content\/uploads\/2025\/10\/business-strength-5.png 450w, https:\/\/cstmg.com\/wp-content\/uploads\/2025\/10\/business-strength-5-300x213.png 300w, https:\/\/cstmg.com\/wp-content\/uploads\/2025\/10\/business-strength-5-18x12.png 18w\" sizes=\"(max-width: 450px) 100vw, 450px\" \/><\/a><\/div>\n\n<div class=\"carousel-slider__item\">\n\t<img decoding=\"async\" width=\"450\" height=\"320\" src=\"https:\/\/cstmg.com\/wp-content\/uploads\/2025\/10\/business-strength-3.png\" class=\"attachment-medium_large size-medium_large\" alt=\"\" srcset=\"https:\/\/cstmg.com\/wp-content\/uploads\/2025\/10\/business-strength-3.png 450w, https:\/\/cstmg.com\/wp-content\/uploads\/2025\/10\/business-strength-3-300x213.png 300w, https:\/\/cstmg.com\/wp-content\/uploads\/2025\/10\/business-strength-3-18x12.png 18w\" sizes=\"(max-width: 450px) 100vw, 450px\" \/><\/a><\/div>\n\n<div class=\"carousel-slider__item\">\n\t<img decoding=\"async\" width=\"450\" height=\"320\" src=\"https:\/\/cstmg.com\/wp-content\/uploads\/2025\/10\/business-strength-1.png\" class=\"attachment-medium_large size-medium_large\" alt=\"\" srcset=\"https:\/\/cstmg.com\/wp-content\/uploads\/2025\/10\/business-strength-1.png 450w, https:\/\/cstmg.com\/wp-content\/uploads\/2025\/10\/business-strength-1-300x213.png 300w, https:\/\/cstmg.com\/wp-content\/uploads\/2025\/10\/business-strength-1-18x12.png 18w\" sizes=\"(max-width: 450px) 100vw, 450px\" \/><\/a><\/div>\n\n<div class=\"carousel-slider__item\">\n\t<img decoding=\"async\" width=\"450\" height=\"320\" src=\"https:\/\/cstmg.com\/wp-content\/uploads\/2025\/10\/business-strength-2.png\" class=\"attachment-medium_large size-medium_large\" alt=\"\" srcset=\"https:\/\/cstmg.com\/wp-content\/uploads\/2025\/10\/business-strength-2.png 450w, https:\/\/cstmg.com\/wp-content\/uploads\/2025\/10\/business-strength-2-300x213.png 300w, https:\/\/cstmg.com\/wp-content\/uploads\/2025\/10\/business-strength-2-18x12.png 18w\" sizes=\"(max-width: 450px) 100vw, 450px\" \/><\/a><\/div>\n\n<div class=\"carousel-slider__item\">\n\t<img decoding=\"async\" width=\"450\" height=\"320\" src=\"https:\/\/cstmg.com\/wp-content\/uploads\/2025\/10\/business-strength-6.png\" class=\"attachment-medium_large size-medium_large\" alt=\"\" srcset=\"https:\/\/cstmg.com\/wp-content\/uploads\/2025\/10\/business-strength-6.png 450w, https:\/\/cstmg.com\/wp-content\/uploads\/2025\/10\/business-strength-6-300x213.png 300w, https:\/\/cstmg.com\/wp-content\/uploads\/2025\/10\/business-strength-6-18x12.png 18w\" sizes=\"(max-width: 450px) 100vw, 450px\" \/><\/a><\/div>\n\n<div class=\"carousel-slider__item\">\n\t<img decoding=\"async\" width=\"450\" height=\"320\" src=\"https:\/\/cstmg.com\/wp-content\/uploads\/2025\/10\/business-strength-7.png\" class=\"attachment-medium_large size-medium_large\" alt=\"\" srcset=\"https:\/\/cstmg.com\/wp-content\/uploads\/2025\/10\/business-strength-7.png 450w, https:\/\/cstmg.com\/wp-content\/uploads\/2025\/10\/business-strength-7-300x213.png 300w, https:\/\/cstmg.com\/wp-content\/uploads\/2025\/10\/business-strength-7-18x12.png 18w\" sizes=\"(max-width: 450px) 100vw, 450px\" \/><\/a><\/div>\n\n<div class=\"carousel-slider__item\">\n\t<img decoding=\"async\" width=\"450\" height=\"320\" src=\"https:\/\/cstmg.com\/wp-content\/uploads\/2025\/10\/business-strength-8.png\" class=\"attachment-medium_large size-medium_large\" alt=\"\" srcset=\"https:\/\/cstmg.com\/wp-content\/uploads\/2025\/10\/business-strength-8.png 450w, https:\/\/cstmg.com\/wp-content\/uploads\/2025\/10\/business-strength-8-300x213.png 300w, https:\/\/cstmg.com\/wp-content\/uploads\/2025\/10\/business-strength-8-18x12.png 18w\" sizes=\"(max-width: 450px) 100vw, 450px\" \/><\/a><\/div>\n\n<div class=\"carousel-slider__item\">\n\t<img decoding=\"async\" width=\"450\" height=\"320\" src=\"https:\/\/cstmg.com\/wp-content\/uploads\/2025\/10\/business-strength-9.png\" class=\"attachment-medium_large size-medium_large\" alt=\"\" srcset=\"https:\/\/cstmg.com\/wp-content\/uploads\/2025\/10\/business-strength-9.png 450w, https:\/\/cstmg.com\/wp-content\/uploads\/2025\/10\/business-strength-9-300x213.png 300w, https:\/\/cstmg.com\/wp-content\/uploads\/2025\/10\/business-strength-9-18x12.png 18w\" sizes=\"(max-width: 450px) 100vw, 450px\" \/><\/a><\/div>\n\n<div class=\"carousel-slider__item\">\n\t<img decoding=\"async\" width=\"450\" height=\"320\" src=\"https:\/\/cstmg.com\/wp-content\/uploads\/2025\/10\/business-strength-10.png\" class=\"attachment-medium_large size-medium_large\" alt=\"\" srcset=\"https:\/\/cstmg.com\/wp-content\/uploads\/2025\/10\/business-strength-10.png 450w, https:\/\/cstmg.com\/wp-content\/uploads\/2025\/10\/business-strength-10-300x213.png 300w, https:\/\/cstmg.com\/wp-content\/uploads\/2025\/10\/business-strength-10-18x12.png 18w\" sizes=\"(max-width: 450px) 100vw, 450px\" \/><\/a><\/div>\n\n<div class=\"carousel-slider__item\">\n\t<img decoding=\"async\" width=\"450\" height=\"320\" src=\"https:\/\/cstmg.com\/wp-content\/uploads\/2025\/10\/business-strength-11.png\" class=\"attachment-medium_large size-medium_large\" alt=\"\" srcset=\"https:\/\/cstmg.com\/wp-content\/uploads\/2025\/10\/business-strength-11.png 450w, https:\/\/cstmg.com\/wp-content\/uploads\/2025\/10\/business-strength-11-300x213.png 300w, https:\/\/cstmg.com\/wp-content\/uploads\/2025\/10\/business-strength-11-18x12.png 18w\" sizes=\"(max-width: 450px) 100vw, 450px\" \/><\/a><\/div>\n\n<div class=\"carousel-slider__item\">\n\t<img decoding=\"async\" width=\"450\" height=\"320\" src=\"https:\/\/cstmg.com\/wp-content\/uploads\/2025\/10\/business-strength-12.png\" class=\"attachment-medium_large size-medium_large\" alt=\"\" srcset=\"https:\/\/cstmg.com\/wp-content\/uploads\/2025\/10\/business-strength-12.png 450w, https:\/\/cstmg.com\/wp-content\/uploads\/2025\/10\/business-strength-12-300x213.png 300w, https:\/\/cstmg.com\/wp-content\/uploads\/2025\/10\/business-strength-12-18x12.png 18w\" sizes=\"(max-width: 450px) 100vw, 450px\" \/><\/a><\/div>\n\n<div class=\"carousel-slider__item\">\n\t<img decoding=\"async\" width=\"450\" height=\"320\" src=\"https:\/\/cstmg.com\/wp-content\/uploads\/2025\/10\/business-strength-13.png\" class=\"attachment-medium_large size-medium_large\" alt=\"\" srcset=\"https:\/\/cstmg.com\/wp-content\/uploads\/2025\/10\/business-strength-13.png 450w, https:\/\/cstmg.com\/wp-content\/uploads\/2025\/10\/business-strength-13-300x213.png 300w, https:\/\/cstmg.com\/wp-content\/uploads\/2025\/10\/business-strength-13-18x12.png 18w\" sizes=\"(max-width: 450px) 100vw, 450px\" \/><\/a><\/div>\n\n<div class=\"carousel-slider__item\">\n\t<img decoding=\"async\" width=\"450\" height=\"320\" src=\"https:\/\/cstmg.com\/wp-content\/uploads\/2025\/10\/business-strength-14.png\" class=\"attachment-medium_large size-medium_large\" alt=\"\" srcset=\"https:\/\/cstmg.com\/wp-content\/uploads\/2025\/10\/business-strength-14.png 450w, https:\/\/cstmg.com\/wp-content\/uploads\/2025\/10\/business-strength-14-300x213.png 300w, https:\/\/cstmg.com\/wp-content\/uploads\/2025\/10\/business-strength-14-18x12.png 18w\" sizes=\"(max-width: 450px) 100vw, 450px\" \/><\/a><\/div>\n\n<div class=\"carousel-slider__item\">\n\t<img decoding=\"async\" width=\"450\" height=\"320\" src=\"https:\/\/cstmg.com\/wp-content\/uploads\/2025\/10\/business-strength-15.png\" class=\"attachment-medium_large size-medium_large\" alt=\"\" srcset=\"https:\/\/cstmg.com\/wp-content\/uploads\/2025\/10\/business-strength-15.png 450w, https:\/\/cstmg.com\/wp-content\/uploads\/2025\/10\/business-strength-15-300x213.png 300w, https:\/\/cstmg.com\/wp-content\/uploads\/2025\/10\/business-strength-15-18x12.png 18w\" sizes=\"(max-width: 450px) 100vw, 450px\" \/><\/a><\/div>\n\n<div class=\"carousel-slider__item\">\n\t<img decoding=\"async\" width=\"450\" height=\"320\" src=\"https:\/\/cstmg.com\/wp-content\/uploads\/2025\/10\/business-strength-16.png\" class=\"attachment-medium_large size-medium_large\" alt=\"\" srcset=\"https:\/\/cstmg.com\/wp-content\/uploads\/2025\/10\/business-strength-16.png 450w, https:\/\/cstmg.com\/wp-content\/uploads\/2025\/10\/business-strength-16-300x213.png 300w, https:\/\/cstmg.com\/wp-content\/uploads\/2025\/10\/business-strength-16-18x12.png 18w\" sizes=\"(max-width: 450px) 100vw, 450px\" \/><\/a><\/div>\n\n<div class=\"carousel-slider__item\">\n\t<img decoding=\"async\" width=\"450\" height=\"320\" src=\"https:\/\/cstmg.com\/wp-content\/uploads\/2025\/10\/business-strength-17.png\" class=\"attachment-medium_large size-medium_large\" alt=\"\" srcset=\"https:\/\/cstmg.com\/wp-content\/uploads\/2025\/10\/business-strength-17.png 450w, https:\/\/cstmg.com\/wp-content\/uploads\/2025\/10\/business-strength-17-300x213.png 300w, https:\/\/cstmg.com\/wp-content\/uploads\/2025\/10\/business-strength-17-18x12.png 18w\" sizes=\"(max-width: 450px) 100vw, 450px\" \/><\/a><\/div>\n\n<div class=\"carousel-slider__item\">\n\t<img decoding=\"async\" width=\"450\" height=\"320\" src=\"https:\/\/cstmg.com\/wp-content\/uploads\/2025\/10\/business-strength-18.png\" class=\"attachment-medium_large size-medium_large\" alt=\"\" srcset=\"https:\/\/cstmg.com\/wp-content\/uploads\/2025\/10\/business-strength-18.png 450w, https:\/\/cstmg.com\/wp-content\/uploads\/2025\/10\/business-strength-18-300x213.png 300w, https:\/\/cstmg.com\/wp-content\/uploads\/2025\/10\/business-strength-18-18x12.png 18w\" sizes=\"(max-width: 450px) 100vw, 450px\" \/><\/a><\/div>\n\n<div class=\"carousel-slider__item\">\n\t<img decoding=\"async\" width=\"450\" height=\"320\" src=\"https:\/\/cstmg.com\/wp-content\/uploads\/2025\/10\/business-strength-19.png\" class=\"attachment-medium_large size-medium_large\" alt=\"\" srcset=\"https:\/\/cstmg.com\/wp-content\/uploads\/2025\/10\/business-strength-19.png 450w, https:\/\/cstmg.com\/wp-content\/uploads\/2025\/10\/business-strength-19-300x213.png 300w, https:\/\/cstmg.com\/wp-content\/uploads\/2025\/10\/business-strength-19-18x12.png 18w\" sizes=\"(max-width: 450px) 100vw, 450px\" \/><\/a><\/div>\n\n<div class=\"carousel-slider__item\">\n\t<img decoding=\"async\" width=\"450\" height=\"320\" src=\"https:\/\/cstmg.com\/wp-content\/uploads\/2025\/10\/business-strength-20.png\" class=\"attachment-medium_large size-medium_large\" alt=\"\" srcset=\"https:\/\/cstmg.com\/wp-content\/uploads\/2025\/10\/business-strength-20.png 450w, https:\/\/cstmg.com\/wp-content\/uploads\/2025\/10\/business-strength-20-300x213.png 300w, https:\/\/cstmg.com\/wp-content\/uploads\/2025\/10\/business-strength-20-18x12.png 18w\" sizes=\"(max-width: 450px) 100vw, 450px\" \/><\/a><\/div>\n\n<div class=\"carousel-slider__item\">\n\t<img decoding=\"async\" width=\"450\" height=\"320\" src=\"https:\/\/cstmg.com\/wp-content\/uploads\/2025\/10\/business-strength-21.png\" class=\"attachment-medium_large size-medium_large\" alt=\"\" srcset=\"https:\/\/cstmg.com\/wp-content\/uploads\/2025\/10\/business-strength-21.png 450w, https:\/\/cstmg.com\/wp-content\/uploads\/2025\/10\/business-strength-21-300x213.png 300w, https:\/\/cstmg.com\/wp-content\/uploads\/2025\/10\/business-strength-21-18x12.png 18w\" sizes=\"(max-width: 450px) 100vw, 450px\" \/><\/a><\/div>\n\n<\/div><!-- .carousel-slider-1146 -->\n<\/div><!-- .carousel-slider-outer-1146 -->\n\n<\/div>\n\n\n\n<div class=\"gb-element-f88a0118\">\n<div class=\"gb-element-9e0a1063\">\n<div class=\"gb-element-cdeb9352\">\n<div class=\"gb-element-171ae1bf\">\n<h2 class=\"gb-text gb-text-29cb33b1\"><mark style=\"background-color:rgba(0, 0, 0, 0)\" class=\"has-inline-color has-global-color-10-color\">Capacit\u00e9 de production<\/mark><\/h2>\n\n\n\n<p class=\"gb-text gb-text-0e3fd2c0\">En tant que fabricant de premier plan de syst\u00e8mes de concassage, de criblage et de manutention de mat\u00e9riaux en vrac, CSTMG exploite plus de 140 unit\u00e9s de fabrication avanc\u00e9es, dont des centres d'usinage \u00e0 portique \u00e0 cinq axes et des centres d'usinage horizontaux \u00e0 commande num\u00e9rique. Cette infrastructure de pointe, soutenue par des syst\u00e8mes de gestion de traitement rigoureux, nous permet de livrer des commandes \u00e0 grande \u00e9chelle et des solutions personnalis\u00e9es avec pr\u00e9cision.<\/p>\n\n\n\n<p class=\"gb-text gb-text-5e9a5b7c\">Notre portefeuille de produits comprend des syst\u00e8mes de concassage et de criblage de grande capacit\u00e9 (jusqu'\u00e0 3 500 t\/h pour les mines \u00e0 ciel ouvert), des lignes sp\u00e9cialis\u00e9es de traitement du charbon et des schistes bitumineux (30 000 tonnes\/jour) et des syst\u00e8mes de manutention respectueux de l'environnement - tous certifi\u00e9s par les marques de s\u00e9curit\u00e9 des produits miniers et soutenus par de nombreux brevets nationaux.<\/p>\n\n\n\n<p class=\"gb-text\">De la conception technique \u00e0 la mise en service, nous int\u00e9grons le concassage, le transport, le contr\u00f4le des poussi\u00e8res et l'automatisation intelligente dans des solutions cl\u00e9s en main pour le charbon, les minerais et les min\u00e9raux industriels.<\/p>\n<\/div>\n<\/div>\n<\/div>\n<\/div>","protected":false},"excerpt":{"rendered":"<p>Business Strength Technology Leadership CSTMG maintains a rigorous quality management system and employs cutting-edge product testing methodologies. As an industry pioneer, we were among the first to obtain ISO9001 Quality Management System certification, consistently maintaining product quality at industry-leading levels. Our technological excellence is demonstrated through ownership of over 60 national patents and multiple awards, &#8230; <\/p>\n<p class=\"read-more-container\"><a title=\"La force de l&#039;entreprise\" class=\"read-more button\" href=\"https:\/\/cstmg.com\/fr\/business-strength\/#more-1033\" aria-label=\"En savoir plus sur Business Strength\">Lire plus<\/a><\/p>","protected":false},"author":1,"featured_media":0,"parent":0,"menu_order":0,"comment_status":"closed","ping_status":"closed","template":"","meta":{"footnotes":""},"class_list":{"0":"post-1033","1":"page","2":"type-page","3":"status-publish","5":"no-featured-image-padding"},"_links":{"self":[{"href":"https:\/\/cstmg.com\/fr\/wp-json\/wp\/v2\/pages\/1033","targetHints":{"allow":["GET"]}}],"collection":[{"href":"https:\/\/cstmg.com\/fr\/wp-json\/wp\/v2\/pages"}],"about":[{"href":"https:\/\/cstmg.com\/fr\/wp-json\/wp\/v2\/types\/page"}],"author":[{"embeddable":true,"href":"https:\/\/cstmg.com\/fr\/wp-json\/wp\/v2\/users\/1"}],"replies":[{"embeddable":true,"href":"https:\/\/cstmg.com\/fr\/wp-json\/wp\/v2\/comments?post=1033"}],"version-history":[{"count":0,"href":"https:\/\/cstmg.com\/fr\/wp-json\/wp\/v2\/pages\/1033\/revisions"}],"wp:attachment":[{"href":"https:\/\/cstmg.com\/fr\/wp-json\/wp\/v2\/media?parent=1033"}],"curies":[{"name":"wp","href":"https:\/\/api.w.org\/{rel}","templated":true}]}}