{"id":755,"date":"2025-07-22T07:04:20","date_gmt":"2025-07-22T07:04:20","guid":{"rendered":"https:\/\/cstmg.com\/?page_id=755"},"modified":"2025-11-04T17:52:07","modified_gmt":"2025-11-04T09:52:07","slug":"productos","status":"publish","type":"page","link":"https:\/\/cstmg.com\/es\/products\/","title":{"rendered":"Productos"},"content":{"rendered":"<div class=\"gb-element-d265ae9a\">\n<div class=\"gb-element-61b9365e\">\n<div>\n<h1 class=\"gb-text\">Productos<\/h1>\n<\/div>\n<\/div>\n<\/div>\n\n\n\n<div>\n<div class=\"gb-element-a457fff3\">\n<div>\n<h2 class=\"gb-text gb-text-d74cecb1\">Equipo de alimentaci\u00f3n<\/h2>\n\n\n\n<div>\n<div class=\"gb-element-e7a4bf2a\">\n<div class=\"gb-element-5889b2d9\">\n<div>\n<div class=\"gb-element-43a0bbb1\">\n<div>\n<img decoding=\"async\" width=\"1000\" height=\"470\" class=\"gb-media-4f6e5334\" alt=\"\" src=\"http:\/\/cstmg.com\/wp-content\/uploads\/2025\/10\/apron-feeder.png\" title=\"alimentador de delantal\" srcset=\"https:\/\/cstmg.com\/wp-content\/uploads\/2025\/10\/apron-feeder.png 1000w, https:\/\/cstmg.com\/wp-content\/uploads\/2025\/10\/apron-feeder-300x141.png 300w, https:\/\/cstmg.com\/wp-content\/uploads\/2025\/10\/apron-feeder-768x361.png 768w, https:\/\/cstmg.com\/wp-content\/uploads\/2025\/10\/apron-feeder-18x8.png 18w\" sizes=\"(max-width: 1000px) 100vw, 1000px\" \/>\n<\/div>\n\n\n\n<div>\n<h3 class=\"gb-text\">Alimentador de delantal<\/h3>\n\n\n\n<p class=\"gb-text gb-text-53e734e7\">Longitud (m): 2-20<\/p>\n\n\n\n<p class=\"gb-text gb-text-068043c7\">Capacidad (m\u00b3\/h): 50-4,000<\/p>\n\n\n\n<p class=\"gb-text gb-text-942ed83b\">Tama\u00f1o m\u00e1ximo de alimentaci\u00f3n (mm): 350-1,800<\/p>\n\n\n\n<div class=\"gb-element-c88e9bf6\">\n<p class=\"gb-text gb-text-e209ccf2\"><a href=\"#popmake-87\" data-type=\"internal\" data-id=\"#popmake-87\"><strong>\u2192 Presupuesto ahora<\/strong><\/a><\/p>\n<\/div>\n<\/div>\n<\/div>\n<\/div>\n<\/div>\n\n\n\n<div class=\"gb-element-f509e1fa\">\n<div>\n<div class=\"gb-element-c0e51752\">\n<div>\n<img decoding=\"async\" width=\"1000\" height=\"470\" class=\"gb-media-5dc958d4\" alt=\"\" src=\"http:\/\/cstmg.com\/wp-content\/uploads\/2025\/11\/feeder-breaker-sale.png\" title=\"alimentador-rompedor-venta\" srcset=\"https:\/\/cstmg.com\/wp-content\/uploads\/2025\/11\/feeder-breaker-sale.png 1000w, https:\/\/cstmg.com\/wp-content\/uploads\/2025\/11\/feeder-breaker-sale-300x141.png 300w, https:\/\/cstmg.com\/wp-content\/uploads\/2025\/11\/feeder-breaker-sale-768x361.png 768w, https:\/\/cstmg.com\/wp-content\/uploads\/2025\/11\/feeder-breaker-sale-18x8.png 18w\" sizes=\"(max-width: 1000px) 100vw, 1000px\" \/>\n<\/div>\n\n\n\n<div>\n<h3 class=\"gb-text\">Interruptor de alimentaci\u00f3n<\/h3>\n\n\n\n<p class=\"gb-text gb-text-b713fb95\">Capacidad (t\/h): 500-5,000<\/p>\n\n\n\n<p class=\"gb-text gb-text-bdf0206c\">Longitud del transportador (m): 6-30<\/p>\n\n\n\n<p class=\"gb-text gb-text-a4fb68b2\">Anchura del transportador (mm): 1,350-2,750<\/p>\n\n\n\n<div class=\"gb-element-758fab6f\">\n<p class=\"gb-text gb-text-2da2c270\"><a href=\"#popmake-87\" data-type=\"internal\" data-id=\"#popmake-87\"><strong>\u2192 Presupuesto ahora<\/strong><\/a><\/p>\n<\/div>\n<\/div>\n<\/div>\n<\/div>\n<\/div>\n<\/div>\n<\/div>\n<\/div>\n<\/div>\n<\/div>\n\n\n\n<div class=\"gb-element-7028b747\">\n<div class=\"gb-element-16f606d7\">\n<div>\n<h2 class=\"gb-text gb-text-8af67e91\">Equipos de trituraci\u00f3n<\/h2>\n\n\n\n<div>\n<div class=\"gb-element-20a30486\">\n<div class=\"gb-element-0ea6729f\">\n<div>\n<div class=\"gb-element-5a8fc28d\">\n<div>\n<img decoding=\"async\" width=\"1000\" height=\"470\" class=\"gb-media-ef513273\" alt=\"\" src=\"http:\/\/cstmg.com\/wp-content\/uploads\/2025\/11\/double-roller-sizer-sale.png\" title=\"Venta de clasificador de doble rodillo\" srcset=\"https:\/\/cstmg.com\/wp-content\/uploads\/2025\/11\/double-roller-sizer-sale.png 1000w, https:\/\/cstmg.com\/wp-content\/uploads\/2025\/11\/double-roller-sizer-sale-300x141.png 300w, https:\/\/cstmg.com\/wp-content\/uploads\/2025\/11\/double-roller-sizer-sale-768x361.png 768w, https:\/\/cstmg.com\/wp-content\/uploads\/2025\/11\/double-roller-sizer-sale-18x8.png 18w\" sizes=\"(max-width: 1000px) 100vw, 1000px\" \/>\n<\/div>\n\n\n\n<div>\n<h3 class=\"gb-text\">Calibrador de minerales<\/h3>\n\n\n\n<p class=\"gb-text gb-text-c0c24787\">Tama\u00f1o de salida (mm): 50-300<\/p>\n\n\n\n<p class=\"gb-text gb-text-ffa047e2\">Capacidad (t\/h): 250-10,000<\/p>\n\n\n\n<p class=\"gb-text gb-text-e0397833\">Tama\u00f1o m\u00e1ximo de alimentaci\u00f3n (mm) 200-1,500<\/p>\n\n\n\n<div class=\"gb-element-4b27b8d7\">\n<p class=\"gb-text gb-text-f65b0ffe\"><a href=\"#popmake-87\" data-type=\"internal\" data-id=\"#popmake-87\"><strong>\u2192 Presupuesto ahora<\/strong><\/a><\/p>\n<\/div>\n<\/div>\n<\/div>\n<\/div>\n<\/div>\n\n\n\n<div class=\"gb-element-28fbe496\">\n<div>\n<div class=\"gb-element-d97c28cd\">\n<div>\n<img decoding=\"async\" width=\"1000\" height=\"470\" class=\"gb-media-81a5e228\" alt=\"\" src=\"http:\/\/cstmg.com\/wp-content\/uploads\/2025\/07\/jaw-crusher.png\" title=\"trituradora de mand\u00edbulas\" srcset=\"https:\/\/cstmg.com\/wp-content\/uploads\/2025\/07\/jaw-crusher.png 1000w, https:\/\/cstmg.com\/wp-content\/uploads\/2025\/07\/jaw-crusher-300x141.png 300w, https:\/\/cstmg.com\/wp-content\/uploads\/2025\/07\/jaw-crusher-768x361.png 768w\" sizes=\"(max-width: 1000px) 100vw, 1000px\" \/>\n<\/div>\n\n\n\n<div>\n<h3 class=\"gb-text\">Trituradora de mand\u00edbulas<\/h3>\n\n\n\n<p class=\"gb-text gb-text-17508c68\">Tama\u00f1o de salida (mm): 70-300<\/p>\n\n\n\n<p class=\"gb-text gb-text-3d0567cc\">Capacidad (t\/h): 130-1,150<\/p>\n\n\n\n<p class=\"gb-text gb-text-5ae885a1\">Tama\u00f1o m\u00e1ximo de alimentaci\u00f3n(mm): 560-960<\/p>\n\n\n\n<div class=\"gb-element-d43d9576\">\n<p class=\"gb-text gb-text-f15a30dd\"><a href=\"#popmake-87\" data-type=\"internal\" data-id=\"#popmake-87\"><strong>\u2192 Presupuesto ahora<\/strong><\/a><\/p>\n<\/div>\n<\/div>\n<\/div>\n<\/div>\n<\/div>\n\n\n\n<div class=\"gb-element-a105482e\">\n<div>\n<div class=\"gb-element-980644fa\">\n<div>\n<img decoding=\"async\" width=\"1000\" height=\"470\" class=\"gb-media-c0590528\" alt=\"\" src=\"http:\/\/cstmg.com\/wp-content\/uploads\/2025\/11\/impact-crushers-sale.png\" title=\"trituradoras de impacto en venta\" srcset=\"https:\/\/cstmg.com\/wp-content\/uploads\/2025\/11\/impact-crushers-sale.png 1000w, https:\/\/cstmg.com\/wp-content\/uploads\/2025\/11\/impact-crushers-sale-300x141.png 300w, https:\/\/cstmg.com\/wp-content\/uploads\/2025\/11\/impact-crushers-sale-768x361.png 768w, https:\/\/cstmg.com\/wp-content\/uploads\/2025\/11\/impact-crushers-sale-18x8.png 18w\" sizes=\"(max-width: 1000px) 100vw, 1000px\" \/>\n<\/div>\n\n\n\n<div>\n<h3 class=\"gb-text\">Trituradora de impacto<\/h3>\n\n\n\n<p class=\"gb-text gb-text-e7222b65\">Di\u00e1metro del rotor (mm): 1,300-1,600<\/p>\n\n\n\n<p class=\"gb-text gb-text-72414565\">Capacidad (t\/h): 300-1,000<\/p>\n\n\n\n<p class=\"gb-text gb-text-cf7fedff\">Tama\u00f1o m\u00e1ximo de alimentaci\u00f3n (mm): 600-800<\/p>\n\n\n\n<div class=\"gb-element-a7b28210\">\n<p class=\"gb-text gb-text-c5b222ac\"><a href=\"#popmake-87\" data-type=\"internal\" data-id=\"#popmake-87\"><strong>\u2192 Presupuesto ahora<\/strong><\/a><\/p>\n<\/div>\n<\/div>\n<\/div>\n<\/div>\n<\/div>\n\n\n\n<div class=\"gb-element-fc0b0171\">\n<div>\n<div class=\"gb-element-2112fb56\">\n<div>\n<img decoding=\"async\" width=\"1000\" height=\"470\" class=\"gb-media-4907cb7f\" alt=\"\" src=\"http:\/\/cstmg.com\/wp-content\/uploads\/2025\/07\/single-cylinder-hydraulic-cone-crusher.png\" title=\"trituradora de cono monocil\u00edndrico hidr\u00e1ulico\" srcset=\"https:\/\/cstmg.com\/wp-content\/uploads\/2025\/07\/single-cylinder-hydraulic-cone-crusher.png 1000w, https:\/\/cstmg.com\/wp-content\/uploads\/2025\/07\/single-cylinder-hydraulic-cone-crusher-300x141.png 300w, https:\/\/cstmg.com\/wp-content\/uploads\/2025\/07\/single-cylinder-hydraulic-cone-crusher-768x361.png 768w\" sizes=\"(max-width: 1000px) 100vw, 1000px\" \/>\n<\/div>\n\n\n\n<div>\n<h3 class=\"gb-text\">Trituradora de cono<\/h3>\n\n\n\n<p class=\"gb-text gb-text-765efbd3\">Capacidad (t\/h): 27-1,270<\/p>\n\n\n\n<p class=\"gb-text gb-text-6a09ef9b\">Tama\u00f1o m\u00edn. de descarga (mm): 9-38<\/p>\n\n\n\n<p class=\"gb-text gb-text-1a5668b1\">Tipo: Mono \/ Multicilindro<\/p>\n\n\n\n<div class=\"gb-element-eda485a4\">\n<p class=\"gb-text gb-text-065272e2\"><a href=\"#popmake-87\" data-type=\"internal\" data-id=\"#popmake-87\"><strong>\u2192 Presupuesto ahora<\/strong><\/a><\/p>\n<\/div>\n<\/div>\n<\/div>\n<\/div>\n<\/div>\n\n\n\n<div class=\"gb-element-93913cf4\">\n<div>\n<div class=\"gb-element-05a53d4e\">\n<div>\n<img decoding=\"async\" width=\"1000\" height=\"470\" class=\"gb-media-57741d0b\" alt=\"\" src=\"http:\/\/cstmg.com\/wp-content\/uploads\/2025\/07\/hammer-crusher.png\" title=\"trituradora de martillos\" srcset=\"https:\/\/cstmg.com\/wp-content\/uploads\/2025\/07\/hammer-crusher.png 1000w, https:\/\/cstmg.com\/wp-content\/uploads\/2025\/07\/hammer-crusher-300x141.png 300w, https:\/\/cstmg.com\/wp-content\/uploads\/2025\/07\/hammer-crusher-768x361.png 768w\" sizes=\"(max-width: 1000px) 100vw, 1000px\" \/>\n<\/div>\n\n\n\n<div>\n<h3 class=\"gb-text\">Trituradora de martillos<\/h3>\n\n\n\n<p class=\"gb-text gb-text-56518bd5\">Di\u00e1metro del rotor (mm): 1,600-3,000<\/p>\n\n\n\n<p class=\"gb-text gb-text-e813125a\">Capacidad (t\/h): 200-5,500<\/p>\n\n\n\n<p class=\"gb-text gb-text-168ec537\">Tama\u00f1o m\u00e1ximo de alimentaci\u00f3n (mm): \u2264700-\u22641.100<\/p>\n\n\n\n<div class=\"gb-element-70d1a882\">\n<p class=\"gb-text gb-text-3ca8df0f\"><a href=\"#popmake-87\" data-type=\"internal\" data-id=\"#popmake-87\"><strong>\u2192 Presupuesto ahora<\/strong><\/a><\/p>\n<\/div>\n<\/div>\n<\/div>\n<\/div>\n<\/div>\n\n\n\n<div class=\"gb-element-728f0aff\">\n<div>\n<div class=\"gb-element-ef9288ad\">\n<div>\n<img decoding=\"async\" width=\"1000\" height=\"470\" class=\"gb-media-68390644\" alt=\"\" src=\"http:\/\/cstmg.com\/wp-content\/uploads\/2025\/11\/vsi-crusher.png\" title=\"trituradora vsi\" srcset=\"https:\/\/cstmg.com\/wp-content\/uploads\/2025\/11\/vsi-crusher.png 1000w, https:\/\/cstmg.com\/wp-content\/uploads\/2025\/11\/vsi-crusher-300x141.png 300w, https:\/\/cstmg.com\/wp-content\/uploads\/2025\/11\/vsi-crusher-768x361.png 768w, https:\/\/cstmg.com\/wp-content\/uploads\/2025\/11\/vsi-crusher-18x8.png 18w\" sizes=\"(max-width: 1000px) 100vw, 1000px\" \/>\n<\/div>\n\n\n\n<div>\n<h3 class=\"gb-text\">Trituradora VSI<\/h3>\n\n\n\n<p class=\"gb-text gb-text-7934fc48\">Capacidad (t\/h): 120-520<\/p>\n\n\n\n<p class=\"gb-text gb-text-8eaef9af\">Material blando Tama\u00f1o m\u00e1x. de alimentaci\u00f3n (mm): 35-60<\/p>\n\n\n\n<p class=\"gb-text gb-text-b1f563f6\">Material duro Tama\u00f1o m\u00e1x. de alimentaci\u00f3n (mm): 30-50<\/p>\n\n\n\n<div class=\"gb-element-24bcd81d\">\n<p class=\"gb-text gb-text-21f6b3df\"><a href=\"#popmake-87\" data-type=\"internal\" data-id=\"#popmake-87\"><strong>\u2192 Presupuesto ahora<\/strong><\/a><\/p>\n<\/div>\n<\/div>\n<\/div>\n<\/div>\n<\/div>\n<\/div>\n<\/div>\n<\/div>\n<\/div>\n<\/div>\n\n\n\n<div>\n<div class=\"gb-element-c8601ed5\">\n<div>\n<h2 class=\"gb-text gb-text-3c2acdce\">Equipos de cribado<\/h2>\n\n\n\n<div>\n<div class=\"gb-element-0e5b6153\">\n<div class=\"gb-element-65fb7f2b\">\n<div>\n<div class=\"gb-element-b7ba7be6\">\n<div>\n<img decoding=\"async\" width=\"1000\" height=\"470\" class=\"gb-media-145e2adb\" alt=\"\" src=\"http:\/\/cstmg.com\/wp-content\/uploads\/2025\/11\/banana-screen-sale.png\" title=\"venta-pantalla-pl\u00e1tano\" srcset=\"https:\/\/cstmg.com\/wp-content\/uploads\/2025\/11\/banana-screen-sale.png 1000w, https:\/\/cstmg.com\/wp-content\/uploads\/2025\/11\/banana-screen-sale-300x141.png 300w, https:\/\/cstmg.com\/wp-content\/uploads\/2025\/11\/banana-screen-sale-768x361.png 768w, https:\/\/cstmg.com\/wp-content\/uploads\/2025\/11\/banana-screen-sale-18x8.png 18w\" sizes=\"(max-width: 1000px) 100vw, 1000px\" \/>\n<\/div>\n\n\n\n<div>\n<h3 class=\"gb-text\">Pantalla Banana<\/h3>\n\n\n\n<p class=\"gb-text gb-text-10e2dd51\">Capacidad (t\/h): 50-2,500<\/p>\n\n\n\n<p class=\"gb-text gb-text-22716b8a\">M\u00e1x. Ancho de pantalla (mm): 4,300<\/p>\n\n\n\n<p class=\"gb-text gb-text-d540b0d6\">Max. Longitud de pantalla (mm): 8,500<\/p>\n\n\n\n<div class=\"gb-element-af6ab375\">\n<p class=\"gb-text gb-text-2ed77786\"><a href=\"#popmake-87\" data-type=\"internal\" data-id=\"#popmake-87\"><strong>\u2192 Presupuesto ahora<\/strong><\/a><\/p>\n<\/div>\n<\/div>\n<\/div>\n<\/div>\n<\/div>\n\n\n\n<div class=\"gb-element-4f3999fa\">\n<div>\n<div class=\"gb-element-99f88887\">\n<div>\n<img decoding=\"async\" width=\"1000\" height=\"470\" class=\"gb-media-56dd9fea\" alt=\"\" src=\"http:\/\/cstmg.com\/wp-content\/uploads\/2025\/11\/roller-screen-sale.png\" title=\"venta-de-pantallas-de-rodillos\" srcset=\"https:\/\/cstmg.com\/wp-content\/uploads\/2025\/11\/roller-screen-sale.png 1000w, https:\/\/cstmg.com\/wp-content\/uploads\/2025\/11\/roller-screen-sale-300x141.png 300w, https:\/\/cstmg.com\/wp-content\/uploads\/2025\/11\/roller-screen-sale-768x361.png 768w, https:\/\/cstmg.com\/wp-content\/uploads\/2025\/11\/roller-screen-sale-18x8.png 18w\" sizes=\"(max-width: 1000px) 100vw, 1000px\" \/>\n<\/div>\n\n\n\n<div>\n<h3 class=\"gb-text\">Pantalla enrollable<\/h3>\n\n\n\n<p class=\"gb-text gb-text-7d17c3ab\">Capacidad (t\/h): 150-1,800<\/p>\n\n\n\n<p class=\"gb-text gb-text-5eb9da87\">Ancho de pantalla (mm): 1,200-2,400<\/p>\n\n\n\n<p class=\"gb-text gb-text-99b081da\">Granulometr\u00eda graduada (mm): 10-100<\/p>\n\n\n\n<div class=\"gb-element-a0984b05\">\n<p class=\"gb-text gb-text-3ca0bd2c\"><a href=\"#popmake-87\" data-type=\"internal\" data-id=\"#popmake-87\"><strong>\u2192 Presupuesto ahora<\/strong><\/a><\/p>\n<\/div>\n<\/div>\n<\/div>\n<\/div>\n<\/div>\n\n\n\n<div class=\"gb-element-066144fb\">\n<div>\n<div class=\"gb-element-57f9de9b\">\n<div>\n<img decoding=\"async\" width=\"1000\" height=\"470\" class=\"gb-media-b4c2c526\" alt=\"\" src=\"http:\/\/cstmg.com\/wp-content\/uploads\/2025\/07\/vibrating-flip-flow-screen.png\" title=\"tamiz vibratorio-flip-flow\" srcset=\"https:\/\/cstmg.com\/wp-content\/uploads\/2025\/07\/vibrating-flip-flow-screen.png 1000w, https:\/\/cstmg.com\/wp-content\/uploads\/2025\/07\/vibrating-flip-flow-screen-300x141.png 300w, https:\/\/cstmg.com\/wp-content\/uploads\/2025\/07\/vibrating-flip-flow-screen-768x361.png 768w\" sizes=\"(max-width: 1000px) 100vw, 1000px\" \/>\n<\/div>\n\n\n\n<div>\n<h3 class=\"gb-text\">Criba vibratoria Flip Flow<\/h3>\n\n\n\n<p class=\"gb-text gb-text-06e6413f\">Capacidad (t\/h): 100-1,300<\/p>\n\n\n\n<p class=\"gb-text gb-text-a62c228d\">Tama\u00f1o de alimentaci\u00f3n (mm): \u226480-\u2264100<\/p>\n\n\n\n<p class=\"gb-text gb-text-edd901b1\">Tama\u00f1o de malla de la placa de cribado (mm): 0.5-8; 8-30<\/p>\n\n\n\n<div class=\"gb-element-d8b7ec10\">\n<p class=\"gb-text gb-text-53a23305\"><a href=\"#popmake-87\" data-type=\"internal\" data-id=\"#popmake-87\"><strong>\u2192 Presupuesto ahora<\/strong><\/a><\/p>\n<\/div>\n<\/div>\n<\/div>\n<\/div>\n<\/div>\n\n\n\n<div class=\"gb-element-041bbb0f\">\n<div>\n<div class=\"gb-element-9b2ce665\">\n<div>\n<img decoding=\"async\" width=\"1000\" height=\"470\" class=\"gb-media-39969ca4\" alt=\"\" src=\"http:\/\/cstmg.com\/wp-content\/uploads\/2025\/10\/flip-flow-screen.png\" title=\"Pantalla de flujo invertido\" srcset=\"https:\/\/cstmg.com\/wp-content\/uploads\/2025\/10\/flip-flow-screen.png 1000w, https:\/\/cstmg.com\/wp-content\/uploads\/2025\/10\/flip-flow-screen-300x141.png 300w, https:\/\/cstmg.com\/wp-content\/uploads\/2025\/10\/flip-flow-screen-768x361.png 768w, https:\/\/cstmg.com\/wp-content\/uploads\/2025\/10\/flip-flow-screen-18x8.png 18w\" sizes=\"(max-width: 1000px) 100vw, 1000px\" \/>\n<\/div>\n\n\n\n<div>\n<h3 class=\"gb-text\">Tamiz mec\u00e1nico de flujo abatible<\/h3>\n\n\n\n<p class=\"gb-text gb-text-55725e25\">Capacidad (t\/h): 150-1,400<\/p>\n\n\n\n<p class=\"gb-text gb-text-e54bb8c7\">Tama\u00f1o de alimentaci\u00f3n (mm): \u226480-\u2264100<\/p>\n\n\n\n<p class=\"gb-text gb-text-f6c1af9c\">Tama\u00f1o de malla de la placa de cribado (mm): 3-13; 14-30<\/p>\n\n\n\n<div class=\"gb-element-546d979b\">\n<p class=\"gb-text gb-text-7154906d\"><a href=\"#popmake-87\" data-type=\"internal\" data-id=\"#popmake-87\"><strong>\u2192 Presupuesto ahora<\/strong><\/a><\/p>\n<\/div>\n<\/div>\n<\/div>\n<\/div>\n<\/div>\n\n\n\n<div class=\"gb-element-fcfe9f86\">\n<div>\n<div class=\"gb-element-9560f747\">\n<div>\n<img decoding=\"async\" width=\"1000\" height=\"470\" class=\"gb-media-5304dd06\" alt=\"\" src=\"http:\/\/cstmg.com\/wp-content\/uploads\/2025\/11\/circular-vibrating-screen-sale.png\" title=\"venta-de-cribas-vibratorias-circulares\" srcset=\"https:\/\/cstmg.com\/wp-content\/uploads\/2025\/11\/circular-vibrating-screen-sale.png 1000w, https:\/\/cstmg.com\/wp-content\/uploads\/2025\/11\/circular-vibrating-screen-sale-300x141.png 300w, https:\/\/cstmg.com\/wp-content\/uploads\/2025\/11\/circular-vibrating-screen-sale-768x361.png 768w, https:\/\/cstmg.com\/wp-content\/uploads\/2025\/11\/circular-vibrating-screen-sale-18x8.png 18w\" sizes=\"(max-width: 1000px) 100vw, 1000px\" \/>\n<\/div>\n\n\n\n<div>\n<h3 class=\"gb-text\">Criba vibratoria circular<\/h3>\n\n\n\n<p class=\"gb-text gb-text-0f3ba28b\">N\u00famero de capas: 2-3<\/p>\n\n\n\n<p class=\"gb-text gb-text-4931e509\">Capacidad (t\/h): 60-1,500<\/p>\n\n\n\n<p class=\"gb-text gb-text-8f0d23a9\">Tama\u00f1o m\u00e1ximo de entrada (mm): 200<\/p>\n\n\n\n<div class=\"gb-element-65421915\">\n<p class=\"gb-text gb-text-ccea1ae8\"><a href=\"#popmake-87\" data-type=\"internal\" data-id=\"#popmake-87\"><strong>\u2192 Presupuesto ahora<\/strong><\/a><\/p>\n<\/div>\n<\/div>\n<\/div>\n<\/div>\n<\/div>\n\n\n\n<div class=\"gb-element-ff7293d8\">\n<div>\n<div class=\"gb-element-e7c75999\">\n<div>\n<img decoding=\"async\" width=\"1000\" height=\"470\" class=\"gb-media-42e5509d\" alt=\"\" src=\"http:\/\/cstmg.com\/wp-content\/uploads\/2025\/11\/linear-vibrating-screens-sale.png\" title=\"venta-de-cribas-vibratorias-lineales\" srcset=\"https:\/\/cstmg.com\/wp-content\/uploads\/2025\/11\/linear-vibrating-screens-sale.png 1000w, https:\/\/cstmg.com\/wp-content\/uploads\/2025\/11\/linear-vibrating-screens-sale-300x141.png 300w, https:\/\/cstmg.com\/wp-content\/uploads\/2025\/11\/linear-vibrating-screens-sale-768x361.png 768w, https:\/\/cstmg.com\/wp-content\/uploads\/2025\/11\/linear-vibrating-screens-sale-18x8.png 18w\" sizes=\"(max-width: 1000px) 100vw, 1000px\" \/>\n<\/div>\n\n\n\n<div>\n<h3 class=\"gb-text\">Criba vibratoria lineal<\/h3>\n\n\n\n<p class=\"gb-text gb-text-bd44a4f9\">N\u00famero de capas: 1-2<\/p>\n\n\n\n<p class=\"gb-text gb-text-9f850808\">Capacidad (t\/h): 40-950<\/p>\n\n\n\n<p class=\"gb-text gb-text-dac37f3e\">Tama\u00f1o m\u00e1ximo de entrada (mm): 100<\/p>\n\n\n\n<div class=\"gb-element-bd53e27f\">\n<p class=\"gb-text gb-text-27ac01a9\"><a href=\"#popmake-87\" data-type=\"internal\" data-id=\"#popmake-87\"><strong>\u2192 Presupuesto ahora<\/strong><\/a><\/p>\n<\/div>\n<\/div>\n<\/div>\n<\/div>\n<\/div>\n<\/div>\n<\/div>\n<\/div>\n<\/div>\n<\/div>\n\n\n\n<div class=\"gb-element-95655ec7\">\n<div class=\"gb-element-32a3542c\">\n<div>\n<div>\n<div class=\"gb-element-5fe70425\">\n<div class=\"gb-element-1695e0cb\">\n<div>\n<h2 class=\"gb-text gb-text-90b4cdd4\">Consulta<\/h2>\n\n\n\n<p class=\"gb-text gb-text-3947703b\">Para ayudarnos a recomendar la soluci\u00f3n \u00f3ptima de clasificador de minerales para su operaci\u00f3n, por favor proporcione: <\/p>\n\n\n\n<div class=\"gb-element-2cd48fdd\">\n<ul class=\"wp-block-list\">\n<li>la ubicaci\u00f3n de su proyecto y su aplicaci\u00f3n; <\/li>\n\n\n\n<li>tipo de material, tama\u00f1o de la alimentaci\u00f3n, humedad y dureza; <\/li>\n\n\n\n<li>capacidad requerida y tama\u00f1o de producci\u00f3n objetivo; problemas actuales de equipamiento (si los hay); <\/li>\n\n\n\n<li>y cualquier requisito especial como el control del polvo o las limitaciones de espacio.<\/li>\n<\/ul>\n<\/div>\n\n\n\n<p class=\"gb-text gb-text-2988062f\">Si incluye sus datos de contacto, nuestros ingenieros podr\u00e1n preparar una propuesta personalizada con especificaciones de equipos, recomendaciones de disposici\u00f3n y estimaciones de rendimiento en 24 horas.<\/p>\n\n\n\n<p class=\"gb-text gb-text-aef5a9d0\">Para un servicio m\u00e1s r\u00e1pido, adjunte a su solicitud los informes de ensayos de materiales o fotos de la obra de que disponga.<\/p>\n<\/div>\n<\/div>\n\n\n\n<div class=\"gb-element-0895e991\">\n<div class=\"wp-block-contact-form-7-contact-form-selector\">\n<div class=\"wpcf7 no-js\" id=\"wpcf7-f8-o1\" lang=\"en-US\" dir=\"ltr\" data-wpcf7-id=\"8\">\n<div class=\"screen-reader-response\"><p role=\"status\" aria-live=\"polite\" aria-atomic=\"true\"><\/p> <ul><\/ul><\/div>\n<form action=\"\/es\/wp-json\/wp\/v2\/pages\/755#wpcf7-f8-o1\" method=\"post\" class=\"wpcf7-form init\" aria-label=\"Formulario de contacto\" novalidate=\"novalidate\" data-status=\"init\" data-trp-original-action=\"\/es\/wp-json\/wp\/v2\/pages\/755#wpcf7-f8-o1\">\n<fieldset class=\"hidden-fields-container\"><input type=\"hidden\" name=\"_wpcf7\" value=\"8\" \/><input type=\"hidden\" name=\"_wpcf7_version\" value=\"6.1.5\" \/><input type=\"hidden\" name=\"_wpcf7_locale\" value=\"en_US\" \/><input type=\"hidden\" name=\"_wpcf7_unit_tag\" value=\"wpcf7-f8-o1\" \/><input type=\"hidden\" name=\"_wpcf7_container_post\" value=\"0\" \/><input type=\"hidden\" name=\"_wpcf7_posted_data_hash\" value=\"\" \/>\n<\/fieldset>\n<p><label><span class=\"wpcf7-form-control-wrap\" data-name=\"your-name\"><input size=\"40\" maxlength=\"400\" class=\"wpcf7-form-control wpcf7-text wpcf7-validates-as-required\" aria-required=\"true\" aria-invalid=\"false\" placeholder=\"Nombre\" value=\"\" type=\"text\" name=\"your-name\" \/><\/span><\/label>\n<\/p>\n<p><label><span class=\"wpcf7-form-control-wrap\" data-name=\"your-email\"><input size=\"40\" maxlength=\"400\" class=\"wpcf7-form-control wpcf7-email wpcf7-validates-as-required wpcf7-text wpcf7-validates-as-email\" aria-required=\"true\" aria-invalid=\"false\" placeholder=\"Correo electr\u00f3nico\" value=\"\" type=\"email\" name=\"your-email\" \/><\/span><\/label>\n<\/p>\n<p><label><span class=\"wpcf7-form-control-wrap\" data-name=\"your-tel\"><input size=\"40\" maxlength=\"400\" class=\"wpcf7-form-control wpcf7-tel wpcf7-validates-as-required wpcf7-text wpcf7-validates-as-tel\" aria-required=\"true\" aria-invalid=\"false\" placeholder=\"Tel\u00e9fono\" value=\"\" type=\"tel\" name=\"your-tel\" \/><\/span><\/label>\n<\/p>\n<p><label><span class=\"wpcf7-form-control-wrap\" data-name=\"your-message\"><textarea cols=\"40\" rows=\"10\" maxlength=\"2000\" class=\"wpcf7-form-control wpcf7-textarea wpcf7-validates-as-required\" aria-required=\"true\" aria-invalid=\"false\" placeholder=\"Mensaje*: 1. \u00bfCu\u00e1l es su materia prima? 2. \u00bfCu\u00e1l es su capacidad (t\/h)? 3. \u00bfCu\u00e1l es su tama\u00f1o de entrada y salida? 4. \u00bfCu\u00e1l es su presupuesto?\" name=\"your-message\"><\/textarea><\/span> <\/label>\n<\/p>\n<p><input class=\"wpcf7-form-control wpcf7-submit has-spinner\" type=\"submit\" value=\"Enviar\" \/>\n<\/p><input type=\"hidden\" id=\"ct_checkjs_cf7_4b04a686b0ad13dce35fa99fa4161c65\" name=\"ct_checkjs_cf7\" value=\"0\" \/><script >setTimeout(function(){var ct_input_name = \"ct_checkjs_cf7_4b04a686b0ad13dce35fa99fa4161c65\";if (document.getElementById(ct_input_name) !== null) {var ct_input_value = document.getElementById(ct_input_name).value;document.getElementById(ct_input_name).value = document.getElementById(ct_input_name).value.replace(ct_input_value, '862209049748d14345e3753e09c94599f237015c48c74fba19e87ff00118c922');}}, 1000);<\/script><input type='hidden' class='wpcf7-pum' value='{\"closepopup\":false,\"closedelay\":0,\"openpopup\":false,\"openpopup_id\":0}' \/><div class=\"wpcf7-response-output\" aria-hidden=\"true\"><\/div>\n<input type=\"hidden\" name=\"trp-form-language\" value=\"es\"\/><\/form>\n<\/div>\n<\/div>\n<\/div>\n<\/div>\n<\/div>\n<\/div>\n<\/div>\n<\/div>","protected":false},"excerpt":{"rendered":"<p>Products Feeding Equipment Apron Feeder Length (m): 2-20 Capacity (m\u00b3\/h): 50-4,000 Max feeding size (mm): 350-1,800 \u2192 Quote Now Feeder Breaker Capacity (t\/h): 500-5,000 Conveyor length (m): 6-30 Conveyor width (mm): 1,350-2,750 \u2192 Quote Now Crushing Equipment Mineral Sizer Output size (mm): 50-300 Capacity (t\/h): 250-10,000 Max feed size(mm): 200-1,500 \u2192 Quote Now Jaw Crusher &#8230; <\/p>\n<p class=\"read-more-container\"><a title=\"Productos\" class=\"read-more button\" href=\"https:\/\/cstmg.com\/es\/products\/#more-755\" aria-label=\"Leer m\u00e1s sobre Products\">Leer m\u00e1s<\/a><\/p>","protected":false},"author":1,"featured_media":0,"parent":0,"menu_order":0,"comment_status":"closed","ping_status":"closed","template":"","meta":{"footnotes":""},"class_list":{"0":"post-755","1":"page","2":"type-page","3":"status-publish","5":"no-featured-image-padding"},"_links":{"self":[{"href":"https:\/\/cstmg.com\/es\/wp-json\/wp\/v2\/pages\/755","targetHints":{"allow":["GET"]}}],"collection":[{"href":"https:\/\/cstmg.com\/es\/wp-json\/wp\/v2\/pages"}],"about":[{"href":"https:\/\/cstmg.com\/es\/wp-json\/wp\/v2\/types\/page"}],"author":[{"embeddable":true,"href":"https:\/\/cstmg.com\/es\/wp-json\/wp\/v2\/users\/1"}],"replies":[{"embeddable":true,"href":"https:\/\/cstmg.com\/es\/wp-json\/wp\/v2\/comments?post=755"}],"version-history":[{"count":0,"href":"https:\/\/cstmg.com\/es\/wp-json\/wp\/v2\/pages\/755\/revisions"}],"wp:attachment":[{"href":"https:\/\/cstmg.com\/es\/wp-json\/wp\/v2\/media?parent=755"}],"curies":[{"name":"wp","href":"https:\/\/api.w.org\/{rel}","templated":true}]}}