{"id":285,"date":"2025-07-15T03:02:06","date_gmt":"2025-07-15T03:02:06","guid":{"rendered":"https:\/\/cstmg.com\/?page_id=285"},"modified":"2025-10-30T18:07:33","modified_gmt":"2025-10-30T10:07:33","slug":"acerca-de-nosotros","status":"publish","type":"page","link":"https:\/\/cstmg.com\/es\/about-us\/","title":{"rendered":"Qui\u00e9nes somos"},"content":{"rendered":"<div class=\"gb-element-d265ae9a\">\n<div class=\"gb-element-61b9365e\">\n<div>\n<h1 class=\"gb-text\">Acerca de CSTMG<\/h1>\n<\/div>\n<\/div>\n<\/div>\n\n\n\n<div>\n<div class=\"gb-element-c5bd73e0\">\n<div>\n<div class=\"gb-element-c28c58e4\">\n<div class=\"gb-element-1685e405\">\n<img decoding=\"async\" width=\"700\" height=\"462\" class=\"gb-media-5aa84a1e\" alt=\"\" src=\"http:\/\/cstmg.com\/wp-content\/uploads\/2025\/10\/about1.jpg\" title=\"aproximadamente 1\" srcset=\"https:\/\/cstmg.com\/wp-content\/uploads\/2025\/10\/about1.jpg 700w, https:\/\/cstmg.com\/wp-content\/uploads\/2025\/10\/about1-300x198.jpg 300w, https:\/\/cstmg.com\/wp-content\/uploads\/2025\/10\/about1-18x12.jpg 18w\" sizes=\"(max-width: 700px) 100vw, 700px\" \/>\n<\/div>\n\n\n\n<div class=\"gb-element-766800d9\">\n<div class=\"gb-element-195cafd8\">\n<h2 class=\"gb-text\">Qui\u00e9nes somos<\/h2>\n\n\n\n<p>CSTMG es una empresa de alta tecnolog\u00eda reconocida a nivel nacional y dedicada a <strong>la investigaci\u00f3n, el desarrollo y la fabricaci\u00f3n de maquinaria minera de primera calidad<\/strong>. Con una base de producci\u00f3n de m\u00e1s de 200.000 m\u00b2 y 109.000 m\u00b2 de talleres avanzados, combinamos escala con ingenier\u00eda de precisi\u00f3n. Nuestro equipo de 690 profesionales est\u00e1 formado por distinguidos expertos del sector y una cualificada mano de obra t\u00e9cnica que impulsa la innovaci\u00f3n en cada proyecto. Respaldados por unos activos totales de 438 millones de RMB y m\u00e1s de 60 patentes nacionales, mantenemos los m\u00e1s altos est\u00e1ndares de calidad, certificados por ISO 9001. Nuestros equipos, que abarcan desde estaciones de trituraci\u00f3n hasta sistemas de cribado, prestan servicio a sectores cr\u00edticos como el del carb\u00f3n, la miner\u00eda y la metalurgia, con una presencia cada vez mayor en todo el sudeste asi\u00e1tico y m\u00e1s all\u00e1.<\/p>\n<\/div>\n<\/div>\n<\/div>\n<\/div>\n<\/div>\n<\/div>\n\n\n\n<div>\n<div class=\"gb-element-05bf6871\">\n<div>\n<div class=\"gb-element-37b7d454\">\n<div class=\"gb-element-2e15a3b1\">\n<img decoding=\"async\" width=\"700\" height=\"462\" class=\"gb-media-86436708\" alt=\"\" src=\"http:\/\/cstmg.com\/wp-content\/uploads\/2025\/10\/about2.jpg\" title=\"aproximadamente 2\" srcset=\"https:\/\/cstmg.com\/wp-content\/uploads\/2025\/10\/about2.jpg 700w, https:\/\/cstmg.com\/wp-content\/uploads\/2025\/10\/about2-300x198.jpg 300w, https:\/\/cstmg.com\/wp-content\/uploads\/2025\/10\/about2-18x12.jpg 18w\" sizes=\"(max-width: 700px) 100vw, 700px\" \/>\n<\/div>\n\n\n\n<div class=\"gb-element-fa81dd76\">\n<div class=\"gb-element-25acd5b4\">\n<h2 class=\"gb-text\">Qu\u00e9 hacemos<\/h2>\n\n\n\n<p>Estamos especializados en el suministro de equipos de miner\u00eda robustos y de alto rendimiento dise\u00f1ados para maximizar la productividad en los entornos m\u00e1s exigentes. Nuestra cartera de productos incluye <strong>plantas de trituraci\u00f3n m\u00f3viles y fijas, trituradoras de doble rodillo para una clasificaci\u00f3n eficaz de los minerales, alimentadores de banda y delantal de alta resistencia para una manipulaci\u00f3n precisa del material, y cribas vibratorias avanzadas para una clasificaci\u00f3n \u00f3ptima.<\/strong>. Estas soluciones est\u00e1n dise\u00f1adas para satisfacer las rigurosas exigencias de minas de carb\u00f3n, canteras y centrales el\u00e9ctricas, garantizando la fiabilidad en condiciones extremas. M\u00e1s all\u00e1 de la fabricaci\u00f3n, ofrecemos asistencia integral, desde el dise\u00f1o personalizado y la instalaci\u00f3n hasta la formaci\u00f3n y el mantenimiento de los operarios, para garantizar una integraci\u00f3n perfecta y el \u00e9xito operativo a largo plazo de nuestros clientes en todo el mundo.<\/p>\n<\/div>\n<\/div>\n<\/div>\n<\/div>\n<\/div>\n<\/div>\n\n\n\n<div>\n<div class=\"gb-element-cda0895c\">\n<div>\n<div class=\"gb-element-80a854f7\">\n<div class=\"gb-element-f71b83b1\">\n<img decoding=\"async\" width=\"700\" height=\"462\" class=\"gb-media-e9df87bd\" alt=\"\" src=\"http:\/\/cstmg.com\/wp-content\/uploads\/2025\/10\/about3.jpg\" title=\"aproximadamente 3\" srcset=\"https:\/\/cstmg.com\/wp-content\/uploads\/2025\/10\/about3.jpg 700w, https:\/\/cstmg.com\/wp-content\/uploads\/2025\/10\/about3-300x198.jpg 300w, https:\/\/cstmg.com\/wp-content\/uploads\/2025\/10\/about3-18x12.jpg 18w\" sizes=\"(max-width: 700px) 100vw, 700px\" \/>\n<\/div>\n\n\n\n<div class=\"gb-element-b831dd91\">\n<div class=\"gb-element-b55cfe51\">\n<h2 class=\"gb-text\">Fuerza del CSTMG<\/h2>\n\n\n\n<p>CSTMG destaca por su incesante innovaci\u00f3n, su calidad superior y su inquebrantable compromiso con el cliente. Nuestros avances en I+D, <strong>m\u00e1s de 60 patentes y m\u00faltiples premios nacionales<\/strong>han redefinido los est\u00e1ndares del sector en cuanto a eficacia y durabilidad. Cada producto se somete a rigurosas pruebas en nuestras instalaciones de \u00faltima generaci\u00f3n, lo que garantiza una mayor vida \u00fatil y un menor tiempo de inactividad. Con un historial probado en diversos mercados, desde las g\u00e9lidas temperaturas de Kazajst\u00e1n hasta los climas h\u00famedos del sudeste asi\u00e1tico, adaptamos nuestra tecnolog\u00eda a los retos locales al tiempo que mantenemos la conformidad medioambiental global. Nuestra red de servicio especializado garantiza una respuesta r\u00e1pida y asistencia de por vida, lo que refuerza nuestra reputaci\u00f3n como socio de confianza en la miner\u00eda y la producci\u00f3n de \u00e1ridos.<\/p>\n<\/div>\n<\/div>\n<\/div>\n<\/div>\n<\/div>\n<\/div>\n\n\n\n<div>\n<div class=\"gb-element-2f1979e0\">\n<div>\n<div class=\"gb-element-4c24ca3e\">\n<div class=\"gb-element-80496905\">\n<img decoding=\"async\" width=\"700\" height=\"462\" class=\"gb-media-c04c685b\" alt=\"\" src=\"http:\/\/cstmg.com\/wp-content\/uploads\/2025\/10\/about4.jpg\" title=\"aproximadamente 4\" srcset=\"https:\/\/cstmg.com\/wp-content\/uploads\/2025\/10\/about4.jpg 700w, https:\/\/cstmg.com\/wp-content\/uploads\/2025\/10\/about4-300x198.jpg 300w, https:\/\/cstmg.com\/wp-content\/uploads\/2025\/10\/about4-18x12.jpg 18w\" sizes=\"(max-width: 700px) 100vw, 700px\" \/>\n<\/div>\n\n\n\n<div class=\"gb-element-b25874f3\">\n<div class=\"gb-element-fbe7922f\">\n<h2 class=\"gb-text\">Nuestra visi\u00f3n<\/h2>\n\n\n\n<p>Impulsados por la misi\u00f3n de crear soluciones mineras de primera clase, estamos dando forma al futuro del sector a trav\u00e9s de tecnolog\u00edas m\u00e1s inteligentes, ecol\u00f3gicas y eficientes. Hacemos grandes inversiones en automatizaci\u00f3n basada en IA y dise\u00f1os que ahorran energ\u00eda para ayudar a nuestros clientes a conseguir operaciones sostenibles y rentables. A medida que nos expandimos a nuevos mercados en \u00c1frica y Europa, mantenemos nuestro compromiso de fomentar asociaciones a largo plazo basadas en la innovaci\u00f3n, la integridad y el \u00e9xito compartido. Guiados por nuestros valores fundamentales de excelencia y orientaci\u00f3n al cliente, CSTMG aspira a liderar el sector minero mundial hacia un futuro m\u00e1s productivo y responsable con el medio ambiente.<\/p>\n<\/div>\n<\/div>\n<\/div>\n<\/div>\n<\/div>\n<\/div>","protected":false},"excerpt":{"rendered":"<p>About CSTMG Who We Are CSTMG is a nationally recognized high-tech enterprise dedicated to the research, development, and manufacturing of premium mining machinery. With a sprawling 200,000+ m\u00b2 production base and 109,000 m\u00b2 of advanced workshops, we combine scale with precision engineering. Our team of 690 professionals includes distinguished industry experts and a skilled technical &#8230; <\/p>\n<p class=\"read-more-container\"><a title=\"Qui\u00e9nes somos\" class=\"read-more button\" href=\"https:\/\/cstmg.com\/es\/about-us\/#more-285\" aria-label=\"Leer m\u00e1s sobre About Us\">Leer m\u00e1s<\/a><\/p>","protected":false},"author":1,"featured_media":0,"parent":0,"menu_order":0,"comment_status":"closed","ping_status":"closed","template":"","meta":{"footnotes":""},"class_list":{"0":"post-285","1":"page","2":"type-page","3":"status-publish","5":"no-featured-image-padding"},"_links":{"self":[{"href":"https:\/\/cstmg.com\/es\/wp-json\/wp\/v2\/pages\/285","targetHints":{"allow":["GET"]}}],"collection":[{"href":"https:\/\/cstmg.com\/es\/wp-json\/wp\/v2\/pages"}],"about":[{"href":"https:\/\/cstmg.com\/es\/wp-json\/wp\/v2\/types\/page"}],"author":[{"embeddable":true,"href":"https:\/\/cstmg.com\/es\/wp-json\/wp\/v2\/users\/1"}],"replies":[{"embeddable":true,"href":"https:\/\/cstmg.com\/es\/wp-json\/wp\/v2\/comments?post=285"}],"version-history":[{"count":0,"href":"https:\/\/cstmg.com\/es\/wp-json\/wp\/v2\/pages\/285\/revisions"}],"wp:attachment":[{"href":"https:\/\/cstmg.com\/es\/wp-json\/wp\/v2\/media?parent=285"}],"curies":[{"name":"wp","href":"https:\/\/api.w.org\/{rel}","templated":true}]}}