{"id":1034,"date":"2025-07-29T10:53:16","date_gmt":"2025-07-29T10:53:16","guid":{"rendered":"https:\/\/cstmg.com\/?page_id=1034"},"modified":"2025-11-05T19:13:19","modified_gmt":"2025-11-05T11:13:19","slug":"historia","status":"publish","type":"page","link":"https:\/\/cstmg.com\/es\/history\/","title":{"rendered":"Historia"},"content":{"rendered":"<div class=\"gb-element-d265ae9a\">\n<div class=\"gb-element-61b9365e\">\n<div>\n<h1 class=\"gb-text\">Historia<\/h1>\n<\/div>\n<\/div>\n<\/div>\n\n\n\n<div>\n<div class=\"gb-element-c5bd73e0\">\n<div>\n<div class=\"gb-element-f41b0146\">\n<div class=\"gb-element-37086dc5\">\n<div>\n<h2 class=\"gb-text\">2009<\/h2>\n\n\n\n<p class=\"gb-text gb-text-1d75aeb3\">En 2009, tras una reestructuraci\u00f3n de las empresas estatales, nuestra f\u00e1brica se constituy\u00f3 formalmente como la entidad en la que operamos hoy.<\/p>\n\n\n\n<p class=\"gb-text gb-text-60424cd3\">2009<\/p>\n<\/div>\n<\/div>\n\n\n\n<div>\n<div>\n<img decoding=\"async\" width=\"700\" height=\"462\" class=\"gb-media-cc82fd34\" alt=\"\" src=\"http:\/\/cstmg.com\/wp-content\/uploads\/2025\/10\/about1.jpg\" title=\"aproximadamente 1\" srcset=\"https:\/\/cstmg.com\/wp-content\/uploads\/2025\/10\/about1.jpg 700w, https:\/\/cstmg.com\/wp-content\/uploads\/2025\/10\/about1-300x198.jpg 300w, https:\/\/cstmg.com\/wp-content\/uploads\/2025\/10\/about1-18x12.jpg 18w\" sizes=\"(max-width: 700px) 100vw, 700px\" \/>\n<\/div>\n<\/div>\n<\/div>\n<\/div>\n<\/div>\n<\/div>\n\n\n\n<div>\n<div class=\"gb-element-479dac40\">\n<div>\n<div class=\"gb-element-5f7fdf41\">\n<div class=\"gb-element-d05c6f13\">\n<div>\n<img decoding=\"async\" width=\"700\" height=\"462\" class=\"gb-media-9f99c9ee\" alt=\"\" src=\"http:\/\/cstmg.com\/wp-content\/uploads\/2025\/10\/history12.jpg\" title=\"historia12\" srcset=\"https:\/\/cstmg.com\/wp-content\/uploads\/2025\/10\/history12.jpg 700w, https:\/\/cstmg.com\/wp-content\/uploads\/2025\/10\/history12-300x198.jpg 300w, https:\/\/cstmg.com\/wp-content\/uploads\/2025\/10\/history12-18x12.jpg 18w\" sizes=\"(max-width: 700px) 100vw, 700px\" \/>\n<\/div>\n<\/div>\n\n\n\n<div class=\"gb-element-dd57dcb0\">\n<div>\n<h2 class=\"gb-text\">2010<\/h2>\n\n\n\n<p class=\"gb-text gb-text-57a99ef5\">En 2010, nuestra empresa obtuvo la certificaci\u00f3n del sistema de gesti\u00f3n de calidad ISO9001:2000 y prob\u00f3 y lanz\u00f3 con \u00e9xito el sistema de desarrollo propio&nbsp;<em>2ZKD3673 Criba lineal de bananas<\/em> proyecto en producci\u00f3n.<\/p>\n\n\n\n<p class=\"gb-text gb-text-f0d1cc0f\">2010<\/p>\n<\/div>\n<\/div>\n<\/div>\n<\/div>\n<\/div>\n<\/div>\n\n\n\n<div>\n<div class=\"gb-element-0142b20f\">\n<div>\n<div class=\"gb-element-b2eba4ab\">\n<div class=\"gb-element-2c72ec38\">\n<div>\n<h2 class=\"gb-text\">2012<\/h2>\n\n\n\n<p>En 2012, nuestra empresa logr\u00f3 dos grandes hitos:<\/p>\n\n\n\n<div class=\"gb-element-2af5eaba\">\n<ul class=\"wp-block-list\">\n<li>Construcci\u00f3n de 3 sistemas de producci\u00f3n de trituraci\u00f3n y cribado para minas de carb\u00f3n a cielo abierto en apoyo de la Estrategia de Desarrollo Occidental de China.<\/li>\n\n\n\n<li>Concedido el t\u00edtulo&nbsp;<em>\"Unidad avanzada de calidad y solvencia\"<\/em>en reconocimiento a la excelencia operativa.<\/li>\n<\/ul>\n<\/div>\n\n\n\n<p class=\"gb-text gb-text-e9760047\">2012<\/p>\n<\/div>\n<\/div>\n\n\n\n<div>\n<div>\n<img decoding=\"async\" width=\"700\" height=\"462\" class=\"gb-media-4c85c944\" alt=\"\" src=\"http:\/\/cstmg.com\/wp-content\/uploads\/2025\/10\/history11.jpg\" title=\"historia11\" srcset=\"https:\/\/cstmg.com\/wp-content\/uploads\/2025\/10\/history11.jpg 700w, https:\/\/cstmg.com\/wp-content\/uploads\/2025\/10\/history11-300x198.jpg 300w, https:\/\/cstmg.com\/wp-content\/uploads\/2025\/10\/history11-18x12.jpg 18w\" sizes=\"(max-width: 700px) 100vw, 700px\" \/>\n<\/div>\n<\/div>\n<\/div>\n<\/div>\n<\/div>\n<\/div>\n\n\n\n<div>\n<div class=\"gb-element-1802f20e\">\n<div>\n<div class=\"gb-element-93caa712\">\n<div class=\"gb-element-be601d50\">\n<div>\n<img decoding=\"async\" width=\"700\" height=\"462\" class=\"gb-media-9c6311eb\" alt=\"\" src=\"http:\/\/cstmg.com\/wp-content\/uploads\/2025\/10\/history10.jpg\" title=\"historia10\" srcset=\"https:\/\/cstmg.com\/wp-content\/uploads\/2025\/10\/history10.jpg 700w, https:\/\/cstmg.com\/wp-content\/uploads\/2025\/10\/history10-300x198.jpg 300w, https:\/\/cstmg.com\/wp-content\/uploads\/2025\/10\/history10-18x12.jpg 18w\" sizes=\"(max-width: 700px) 100vw, 700px\" \/>\n<\/div>\n<\/div>\n\n\n\n<div>\n<div>\n<h2 class=\"gb-text\">2015<\/h2>\n\n\n\n<p class=\"gb-text gb-text-2af147da\">En 2015, nuestra empresa reforz\u00f3 su liderazgo en el sector gracias a logros clave:<\/p>\n\n\n\n<div class=\"gb-element-9c65fde4\">\n<ul class=\"wp-block-list\">\n<li>\u200b<strong>\u200b<\/strong>Gan\u00f3 el<strong>\u200b<\/strong><em>Certificaci\u00f3n OHSAS 18001:2007 del Sistema de Gesti\u00f3n de Seguridad y Salud en el Trabajo<\/em><strong>\u200b<\/strong>reforzando nuestro compromiso con la seguridad en el lugar de trabajo.<\/li>\n\n\n\n<li>Asegurado<strong>\u200b<\/strong>patentes de invenci\u00f3n de equipos innovadores como el&nbsp;<em>Estaci\u00f3n inteligente de trituraci\u00f3n de doble fase<\/em>y&nbsp;<em>Nuevo tamiz vibratorio para pl\u00e1tanos<\/em>destacando nuestras capacidades de I+D.<\/li>\n\n\n\n<li>Obtuvo la aprobaci\u00f3n para establecer el <em>\"Centro de Investigaci\u00f3n de Tecnolog\u00eda de Ingenier\u00eda de Equipos de Maquinaria Minera Pesada de Xinxiang\"<\/em><strong>\u200b<\/strong>, impulsando a\u00fan m\u00e1s la innovaci\u00f3n tecnol\u00f3gica en el sector minero.<\/li>\n<\/ul>\n<\/div>\n\n\n\n<p class=\"gb-text gb-text-b9cc2e8f\">2015<\/p>\n<\/div>\n<\/div>\n<\/div>\n<\/div>\n<\/div>\n<\/div>\n\n\n\n<div>\n<div class=\"gb-element-27823548\">\n<div>\n<div class=\"gb-element-0791fec2\">\n<div class=\"gb-element-c9357bc8\">\n<div>\n<h2 class=\"gb-text\">2016<\/h2>\n\n\n\n<p class=\"gb-text gb-text-5fc070ca\">Hemos ampliado con \u00e9xito nuestra presencia en los mercados internacionales, demostrando una fuerte competitividad global. Nuestra capacidad de innovaci\u00f3n tecnol\u00f3gica qued\u00f3 a\u00fan m\u00e1s demostrada con el premio \"<em>Trituradora inteligente de varias unidades<\/em>\" recibi\u00f3 el Certificado Nacional de Patente de Invenci\u00f3n. Al mismo tiempo, reforzamos nuestro compromiso con la sostenibilidad medioambiental obteniendo el <em>Certificaci\u00f3n del sistema de gesti\u00f3n medioambiental ISO 14001:2015<\/em>lo que supone otro paso adelante en nuestras pr\u00e1cticas empresariales responsables.<\/p>\n\n\n\n<p class=\"gb-text gb-text-b71a34a3\">2016<\/p>\n<\/div>\n<\/div>\n\n\n\n<div>\n<div>\n<img decoding=\"async\" width=\"700\" height=\"462\" class=\"gb-media-feeb315e\" alt=\"\" src=\"http:\/\/cstmg.com\/wp-content\/uploads\/2025\/10\/history13.jpg\" title=\"historia13\" srcset=\"https:\/\/cstmg.com\/wp-content\/uploads\/2025\/10\/history13.jpg 700w, https:\/\/cstmg.com\/wp-content\/uploads\/2025\/10\/history13-300x198.jpg 300w, https:\/\/cstmg.com\/wp-content\/uploads\/2025\/10\/history13-18x12.jpg 18w\" sizes=\"(max-width: 700px) 100vw, 700px\" \/>\n<\/div>\n<\/div>\n<\/div>\n<\/div>\n<\/div>\n<\/div>\n\n\n\n<div>\n<div class=\"gb-element-0f2b2092\">\n<div>\n<div class=\"gb-element-810115dc\">\n<div class=\"gb-element-855f6a8b\">\n<div>\n<img decoding=\"async\" width=\"700\" height=\"462\" class=\"gb-media-c0bba209\" alt=\"\" src=\"http:\/\/cstmg.com\/wp-content\/uploads\/2025\/11\/about5.jpg\" title=\"aproximadamente 5\" srcset=\"https:\/\/cstmg.com\/wp-content\/uploads\/2025\/11\/about5.jpg 700w, https:\/\/cstmg.com\/wp-content\/uploads\/2025\/11\/about5-300x198.jpg 300w, https:\/\/cstmg.com\/wp-content\/uploads\/2025\/11\/about5-18x12.jpg 18w\" sizes=\"(max-width: 700px) 100vw, 700px\" \/>\n<\/div>\n<\/div>\n\n\n\n<div class=\"gb-element-d8c9fb67\">\n<div>\n<h2 class=\"gb-text\">2018<\/h2>\n\n\n\n<p class=\"gb-text gb-text-16fa7a1b\">En 2018, nuestra empresa logr\u00f3 importantes avances tecnol\u00f3gicos con el desarrollo exitoso del&nbsp;<em>Nuevo vibrador de lubricaci\u00f3n con aceite fino tipo brida<\/em>que obtuvo el Certificado de Patente de Modelo de Utilidad. Ese mismo a\u00f1o, reforzamos nuestro compromiso con la fabricaci\u00f3n sostenible e inteligente construyendo un sistema de producci\u00f3n de trituraci\u00f3n y cribado ecol\u00f3gico, respetuoso con el medio ambiente e inteligente.<\/p>\n\n\n\n<p class=\"gb-text gb-text-bb631b7c\">2018<\/p>\n<\/div>\n<\/div>\n<\/div>\n<\/div>\n<\/div>\n<\/div>\n\n\n\n<div>\n<div class=\"gb-element-b4e9fd70\">\n<div>\n<div class=\"gb-element-0668d53f\">\n<div class=\"gb-element-c6831b16\">\n<div>\n<h2 class=\"gb-text\">2019<\/h2>\n\n\n\n<p class=\"gb-text gb-text-a1688c1f\">Hemos implantado con \u00e9xito los sistemas PLM (gesti\u00f3n del ciclo de vida del producto) y ERP (planificaci\u00f3n de recursos empresariales), mejorando la eficiencia y la toma de decisiones basada en datos en todas nuestras operaciones empresariales. Adem\u00e1s, obtuvimos la certificaci\u00f3n de seguridad de productos mineros para el&nbsp;<em>Calibradora de minerales 2PLF150\/300<\/em> y obtuvo el Certificado de Cualificaci\u00f3n de Grado 3 para la Contrataci\u00f3n de Ingenier\u00eda de Instalaciones Mec\u00e1nicas y El\u00e9ctricas, consolidando a\u00fan m\u00e1s nuestra experiencia en el sector y nuestras normas de cumplimiento.<\/p>\n\n\n\n<p class=\"gb-text gb-text-2ff2ee70\">2019<\/p>\n<\/div>\n<\/div>\n\n\n\n<div>\n<div>\n<img decoding=\"async\" width=\"700\" height=\"462\" class=\"gb-media-a218af3b\" alt=\"\" src=\"http:\/\/cstmg.com\/wp-content\/uploads\/2025\/10\/history14.jpg\" title=\"historia14\" srcset=\"https:\/\/cstmg.com\/wp-content\/uploads\/2025\/10\/history14.jpg 700w, https:\/\/cstmg.com\/wp-content\/uploads\/2025\/10\/history14-300x198.jpg 300w, https:\/\/cstmg.com\/wp-content\/uploads\/2025\/10\/history14-18x12.jpg 18w\" sizes=\"(max-width: 700px) 100vw, 700px\" \/>\n<\/div>\n<\/div>\n<\/div>\n<\/div>\n<\/div>\n<\/div>\n\n\n\n<div>\n<div class=\"gb-element-80254e58\">\n<div>\n<div class=\"gb-element-6077321f\">\n<div class=\"gb-element-05097193\">\n<div>\n<img decoding=\"async\" width=\"700\" height=\"462\" class=\"gb-media-6fadee88\" alt=\"\" src=\"http:\/\/cstmg.com\/wp-content\/uploads\/2025\/10\/history15.jpg\" title=\"historia15\" srcset=\"https:\/\/cstmg.com\/wp-content\/uploads\/2025\/10\/history15.jpg 700w, https:\/\/cstmg.com\/wp-content\/uploads\/2025\/10\/history15-300x198.jpg 300w, https:\/\/cstmg.com\/wp-content\/uploads\/2025\/10\/history15-18x12.jpg 18w\" sizes=\"(max-width: 700px) 100vw, 700px\" \/>\n<\/div>\n<\/div>\n\n\n\n<div class=\"gb-element-ca5ed345\">\n<div>\n<h2 class=\"gb-text\">2022<\/h2>\n\n\n\n<p class=\"gb-text gb-text-6d2cde84\">Conseguimos contratos para m\u00e1s de una docena de sistemas EPC de trituraci\u00f3n a gran escala para minas de carb\u00f3n a cielo abierto (capacidad de m\u00e1s de 3 millones de toneladas al a\u00f1o) en mercados nacionales e internacionales, impulsando el desarrollo de la industria regional del carb\u00f3n. Nuestra innovadora&nbsp;<em>Criba de rodillos de alto rendimiento a gran escala<\/em>e arned la <em>Tercer Premio de Ciencia y Tecnolog\u00eda de la Industria del Carb\u00f3n de China<\/em>. La empresa ha logrado una importante mejora de sus capacidades, ya que nuestra cualificaci\u00f3n en construcci\u00f3n ha pasado del grado 3 al grado 4.<strong>Grado 2 en Ingenier\u00eda de instalaciones mec\u00e1nicas y el\u00e9ctricas<\/strong>que reflejan nuestra creciente experiencia t\u00e9cnica y liderazgo en el mercado. Estos logros demuestran nuestro compromiso de ofrecer soluciones mineras de alto rendimiento al tiempo que avanzamos en los est\u00e1ndares de la industria a trav\u00e9s de la innovaci\u00f3n tecnol\u00f3gica y la excelencia operativa.<\/p>\n\n\n\n<p class=\"gb-text gb-text-9af015ae\">2022<\/p>\n<\/div>\n<\/div>\n<\/div>\n<\/div>\n<\/div>\n<\/div>","protected":false},"excerpt":{"rendered":"<p>History 2009 In 2009, following a restructuring of state-owned enterprises, our factory was formally established as the entity we operate today. 2009 2010 In 2010, our company achieved ISO9001:2000 Quality Management System Certification and successfully trialed and launched the self-developed&nbsp;2ZKD3673 Linear Banana Screen project into production. 2010 2012 In 2012, our company achieved two major &#8230; <\/p>\n<p class=\"read-more-container\"><a title=\"Historia\" class=\"read-more button\" href=\"https:\/\/cstmg.com\/es\/history\/#more-1034\" aria-label=\"Leer m\u00e1s sobre History\">Leer m\u00e1s<\/a><\/p>","protected":false},"author":1,"featured_media":0,"parent":0,"menu_order":0,"comment_status":"closed","ping_status":"closed","template":"","meta":{"footnotes":""},"class_list":{"0":"post-1034","1":"page","2":"type-page","3":"status-publish","5":"no-featured-image-padding"},"_links":{"self":[{"href":"https:\/\/cstmg.com\/es\/wp-json\/wp\/v2\/pages\/1034","targetHints":{"allow":["GET"]}}],"collection":[{"href":"https:\/\/cstmg.com\/es\/wp-json\/wp\/v2\/pages"}],"about":[{"href":"https:\/\/cstmg.com\/es\/wp-json\/wp\/v2\/types\/page"}],"author":[{"embeddable":true,"href":"https:\/\/cstmg.com\/es\/wp-json\/wp\/v2\/users\/1"}],"replies":[{"embeddable":true,"href":"https:\/\/cstmg.com\/es\/wp-json\/wp\/v2\/comments?post=1034"}],"version-history":[{"count":0,"href":"https:\/\/cstmg.com\/es\/wp-json\/wp\/v2\/pages\/1034\/revisions"}],"wp:attachment":[{"href":"https:\/\/cstmg.com\/es\/wp-json\/wp\/v2\/media?parent=1034"}],"curies":[{"name":"wp","href":"https:\/\/api.w.org\/{rel}","templated":true}]}}