{"id":285,"date":"2025-07-15T03:02:06","date_gmt":"2025-07-15T03:02:06","guid":{"rendered":"https:\/\/cstmg.com\/?page_id=285"},"modified":"2025-10-30T18:07:33","modified_gmt":"2025-10-30T10:07:33","slug":"uber-uns","status":"publish","type":"page","link":"https:\/\/cstmg.com\/de\/about-us\/","title":{"rendered":"\u00dcber uns"},"content":{"rendered":"<div class=\"gb-element-d265ae9a\">\n<div class=\"gb-element-61b9365e\">\n<div>\n<h1 class=\"gb-text\">\u00dcber CSTMG<\/h1>\n<\/div>\n<\/div>\n<\/div>\n\n\n\n<div>\n<div class=\"gb-element-c5bd73e0\">\n<div>\n<div class=\"gb-element-c28c58e4\">\n<div class=\"gb-element-1685e405\">\n<img decoding=\"async\" width=\"700\" height=\"462\" class=\"gb-media-5aa84a1e\" alt=\"\" src=\"http:\/\/cstmg.com\/wp-content\/uploads\/2025\/10\/about1.jpg\" title=\"etwa 1\" srcset=\"https:\/\/cstmg.com\/wp-content\/uploads\/2025\/10\/about1.jpg 700w, https:\/\/cstmg.com\/wp-content\/uploads\/2025\/10\/about1-300x198.jpg 300w, https:\/\/cstmg.com\/wp-content\/uploads\/2025\/10\/about1-18x12.jpg 18w\" sizes=\"(max-width: 700px) 100vw, 700px\" \/>\n<\/div>\n\n\n\n<div class=\"gb-element-766800d9\">\n<div class=\"gb-element-195cafd8\">\n<h2 class=\"gb-text\">Wer wir sind<\/h2>\n\n\n\n<p>CSTMG ist ein landesweit anerkanntes Hightech-Unternehmen, das sich folgenden Aufgaben widmet <strong>die Forschung, Entwicklung und Herstellung von hochwertigen Bergbaumaschinen<\/strong>. Mit einer 200.000 m\u00b2 gro\u00dfen Produktionsst\u00e4tte und 109.000 m\u00b2 modernen Werkst\u00e4tten kombinieren wir Gr\u00f6\u00dfe mit Pr\u00e4zisionstechnik. Zu unserem Team von 690 Fachleuten geh\u00f6ren angesehene Branchenexperten und qualifizierte technische Mitarbeiter, die bei jedem Projekt Innovationen vorantreiben. Mit einem Gesamtverm\u00f6gen von 438 Mio. RMB und \u00fcber 60 nationalen Patenten halten wir die h\u00f6chsten Qualit\u00e4tsstandards ein und sind nach ISO 9001 zertifiziert. Unsere Ausr\u00fcstungen - von Brecheranlagen bis hin zu Siebanlagen - werden in kritischen Industriezweigen wie Kohle, Bergbau und Metallurgie eingesetzt, wobei unsere Pr\u00e4senz in S\u00fcdostasien und dar\u00fcber hinaus w\u00e4chst.<\/p>\n<\/div>\n<\/div>\n<\/div>\n<\/div>\n<\/div>\n<\/div>\n\n\n\n<div>\n<div class=\"gb-element-05bf6871\">\n<div>\n<div class=\"gb-element-37b7d454\">\n<div class=\"gb-element-2e15a3b1\">\n<img decoding=\"async\" width=\"700\" height=\"462\" class=\"gb-media-86436708\" alt=\"\" src=\"http:\/\/cstmg.com\/wp-content\/uploads\/2025\/10\/about2.jpg\" title=\"etwa 2\" srcset=\"https:\/\/cstmg.com\/wp-content\/uploads\/2025\/10\/about2.jpg 700w, https:\/\/cstmg.com\/wp-content\/uploads\/2025\/10\/about2-300x198.jpg 300w, https:\/\/cstmg.com\/wp-content\/uploads\/2025\/10\/about2-18x12.jpg 18w\" sizes=\"(max-width: 700px) 100vw, 700px\" \/>\n<\/div>\n\n\n\n<div class=\"gb-element-fa81dd76\">\n<div class=\"gb-element-25acd5b4\">\n<h2 class=\"gb-text\">Was wir tun<\/h2>\n\n\n\n<p>Wir sind darauf spezialisiert, robuste, leistungsstarke Bergbauausr\u00fcstungen zu liefern, die die Produktivit\u00e4t in den anspruchsvollsten Umgebungen maximieren. Unser Produktportfolio umfasst <strong>mobile und station\u00e4re Brecheranlagen, Doppelwalzenbrecher f\u00fcr eine effiziente Mineralienklassierung, robuste Platten- und Bandaufgeber f\u00fcr einen pr\u00e4zisen Materialtransport und fortschrittliche Vibrationssiebe f\u00fcr eine optimale Klassifizierung<\/strong>. Diese L\u00f6sungen sind so konzipiert, dass sie die strengen Anforderungen von Kohlebergwerken, Steinbr\u00fcchen und Kraftwerken erf\u00fcllen und auch unter extremen Bedingungen zuverl\u00e4ssig arbeiten. \u00dcber die Herstellung hinaus bieten wir umfassende Unterst\u00fctzung, von der kundenspezifischen Konstruktion und Installation bis hin zu Bedienerschulung und Wartung, um eine nahtlose Integration und langfristigen betrieblichen Erfolg f\u00fcr unsere Kunden weltweit zu gew\u00e4hrleisten.<\/p>\n<\/div>\n<\/div>\n<\/div>\n<\/div>\n<\/div>\n<\/div>\n\n\n\n<div>\n<div class=\"gb-element-cda0895c\">\n<div>\n<div class=\"gb-element-80a854f7\">\n<div class=\"gb-element-f71b83b1\">\n<img decoding=\"async\" width=\"700\" height=\"462\" class=\"gb-media-e9df87bd\" alt=\"\" src=\"http:\/\/cstmg.com\/wp-content\/uploads\/2025\/10\/about3.jpg\" title=\"etwa 3\" srcset=\"https:\/\/cstmg.com\/wp-content\/uploads\/2025\/10\/about3.jpg 700w, https:\/\/cstmg.com\/wp-content\/uploads\/2025\/10\/about3-300x198.jpg 300w, https:\/\/cstmg.com\/wp-content\/uploads\/2025\/10\/about3-18x12.jpg 18w\" sizes=\"(max-width: 700px) 100vw, 700px\" \/>\n<\/div>\n\n\n\n<div class=\"gb-element-b831dd91\">\n<div class=\"gb-element-b55cfe51\">\n<h2 class=\"gb-text\">CSTMG St\u00e4rke<\/h2>\n\n\n\n<p>CSTMG zeichnet sich durch unerm\u00fcdliche Innovation, \u00fcberragende Qualit\u00e4t und unersch\u00fctterliches Kundenengagement aus. Unsere F&amp;E-Durchbr\u00fcche, <strong>belegt durch mehr als 60 Patente und mehrere nationale Auszeichnungen<\/strong>haben die Industriestandards f\u00fcr Effizienz und Haltbarkeit neu definiert. Jedes Produkt wird in unseren hochmodernen Anlagen strengen Tests unterzogen, die eine l\u00e4ngere Lebensdauer und geringere Ausfallzeiten garantieren. Mit einer bew\u00e4hrten Erfolgsbilanz in verschiedenen M\u00e4rkten, von den eisigen Temperaturen in Kasachstan bis zum feuchten Klima in S\u00fcdostasien, passen wir unsere Technologie an die lokalen Herausforderungen an und halten gleichzeitig die globalen Umweltvorschriften ein. Unser engagiertes Servicenetz gew\u00e4hrleistet eine schnelle Reaktion und lebenslange Unterst\u00fctzung und st\u00e4rkt unseren Ruf als zuverl\u00e4ssiger Partner im Bergbau und in der Zuschlagstoffproduktion.<\/p>\n<\/div>\n<\/div>\n<\/div>\n<\/div>\n<\/div>\n<\/div>\n\n\n\n<div>\n<div class=\"gb-element-2f1979e0\">\n<div>\n<div class=\"gb-element-4c24ca3e\">\n<div class=\"gb-element-80496905\">\n<img decoding=\"async\" width=\"700\" height=\"462\" class=\"gb-media-c04c685b\" alt=\"\" src=\"http:\/\/cstmg.com\/wp-content\/uploads\/2025\/10\/about4.jpg\" title=\"etwa 4\" srcset=\"https:\/\/cstmg.com\/wp-content\/uploads\/2025\/10\/about4.jpg 700w, https:\/\/cstmg.com\/wp-content\/uploads\/2025\/10\/about4-300x198.jpg 300w, https:\/\/cstmg.com\/wp-content\/uploads\/2025\/10\/about4-18x12.jpg 18w\" sizes=\"(max-width: 700px) 100vw, 700px\" \/>\n<\/div>\n\n\n\n<div class=\"gb-element-b25874f3\">\n<div class=\"gb-element-fbe7922f\">\n<h2 class=\"gb-text\">Unsere Vision<\/h2>\n\n\n\n<p>Angetrieben von der Mission, erstklassige Bergbaul\u00f6sungen zu entwickeln, gestalten wir die Zukunft der Branche durch intelligentere, umweltfreundlichere und effizientere Technologien. Wir investieren stark in KI-gesteuerte Automatisierung und energiesparende Konstruktionen, um unseren Kunden einen nachhaltigen, kosteneffizienten Betrieb zu erm\u00f6glichen. W\u00e4hrend wir in neue M\u00e4rkte in Afrika und Europa expandieren, engagieren wir uns weiterhin f\u00fcr die F\u00f6rderung langfristiger Partnerschaften, die auf Innovation, Integrit\u00e4t und gemeinsamem Erfolg basieren. Geleitet von unseren Grundwerten der Exzellenz und Kundenorientierung, m\u00f6chte CSTMG den globalen Bergbausektor in eine produktivere und umweltfreundlichere Zukunft f\u00fchren.<\/p>\n<\/div>\n<\/div>\n<\/div>\n<\/div>\n<\/div>\n<\/div>","protected":false},"excerpt":{"rendered":"<p>About CSTMG Who We Are CSTMG is a nationally recognized high-tech enterprise dedicated to the research, development, and manufacturing of premium mining machinery. With a sprawling 200,000+ m\u00b2 production base and 109,000 m\u00b2 of advanced workshops, we combine scale with precision engineering. Our team of 690 professionals includes distinguished industry experts and a skilled technical &#8230; <\/p>\n<p class=\"read-more-container\"><a title=\"\u00dcber uns\" class=\"read-more button\" href=\"https:\/\/cstmg.com\/de\/about-us\/#more-285\" aria-label=\"Mehr Informationen \u00fcber About Us\">Weiterlesen &#8230;<\/a><\/p>","protected":false},"author":1,"featured_media":0,"parent":0,"menu_order":0,"comment_status":"closed","ping_status":"closed","template":"","meta":{"footnotes":""},"class_list":{"0":"post-285","1":"page","2":"type-page","3":"status-publish","5":"no-featured-image-padding"},"_links":{"self":[{"href":"https:\/\/cstmg.com\/de\/wp-json\/wp\/v2\/pages\/285","targetHints":{"allow":["GET"]}}],"collection":[{"href":"https:\/\/cstmg.com\/de\/wp-json\/wp\/v2\/pages"}],"about":[{"href":"https:\/\/cstmg.com\/de\/wp-json\/wp\/v2\/types\/page"}],"author":[{"embeddable":true,"href":"https:\/\/cstmg.com\/de\/wp-json\/wp\/v2\/users\/1"}],"replies":[{"embeddable":true,"href":"https:\/\/cstmg.com\/de\/wp-json\/wp\/v2\/comments?post=285"}],"version-history":[{"count":0,"href":"https:\/\/cstmg.com\/de\/wp-json\/wp\/v2\/pages\/285\/revisions"}],"wp:attachment":[{"href":"https:\/\/cstmg.com\/de\/wp-json\/wp\/v2\/media?parent=285"}],"curies":[{"name":"wp","href":"https:\/\/api.w.org\/{rel}","templated":true}]}}