{"id":1034,"date":"2025-07-29T10:53:16","date_gmt":"2025-07-29T10:53:16","guid":{"rendered":"https:\/\/cstmg.com\/?page_id=1034"},"modified":"2025-11-05T19:13:19","modified_gmt":"2025-11-05T11:13:19","slug":"geschichte","status":"publish","type":"page","link":"https:\/\/cstmg.com\/de\/history\/","title":{"rendered":"Geschichte"},"content":{"rendered":"<div class=\"gb-element-d265ae9a\">\n<div class=\"gb-element-61b9365e\">\n<div>\n<h1 class=\"gb-text\">Geschichte<\/h1>\n<\/div>\n<\/div>\n<\/div>\n\n\n\n<div>\n<div class=\"gb-element-c5bd73e0\">\n<div>\n<div class=\"gb-element-f41b0146\">\n<div class=\"gb-element-37086dc5\">\n<div>\n<h2 class=\"gb-text\">2009<\/h2>\n\n\n\n<p class=\"gb-text gb-text-1d75aeb3\">Im Jahr 2009 wurde unser Werk nach einer Umstrukturierung der staatlichen Unternehmen formell als das Unternehmen gegr\u00fcndet, das wir heute sind.<\/p>\n\n\n\n<p class=\"gb-text gb-text-60424cd3\">2009<\/p>\n<\/div>\n<\/div>\n\n\n\n<div>\n<div>\n<img decoding=\"async\" width=\"700\" height=\"462\" class=\"gb-media-cc82fd34\" alt=\"\" src=\"http:\/\/cstmg.com\/wp-content\/uploads\/2025\/10\/about1.jpg\" title=\"etwa 1\" srcset=\"https:\/\/cstmg.com\/wp-content\/uploads\/2025\/10\/about1.jpg 700w, https:\/\/cstmg.com\/wp-content\/uploads\/2025\/10\/about1-300x198.jpg 300w, https:\/\/cstmg.com\/wp-content\/uploads\/2025\/10\/about1-18x12.jpg 18w\" sizes=\"(max-width: 700px) 100vw, 700px\" \/>\n<\/div>\n<\/div>\n<\/div>\n<\/div>\n<\/div>\n<\/div>\n\n\n\n<div>\n<div class=\"gb-element-479dac40\">\n<div>\n<div class=\"gb-element-5f7fdf41\">\n<div class=\"gb-element-d05c6f13\">\n<div>\n<img decoding=\"async\" width=\"700\" height=\"462\" class=\"gb-media-9f99c9ee\" alt=\"\" src=\"http:\/\/cstmg.com\/wp-content\/uploads\/2025\/10\/history12.jpg\" title=\"Geschichte12\" srcset=\"https:\/\/cstmg.com\/wp-content\/uploads\/2025\/10\/history12.jpg 700w, https:\/\/cstmg.com\/wp-content\/uploads\/2025\/10\/history12-300x198.jpg 300w, https:\/\/cstmg.com\/wp-content\/uploads\/2025\/10\/history12-18x12.jpg 18w\" sizes=\"(max-width: 700px) 100vw, 700px\" \/>\n<\/div>\n<\/div>\n\n\n\n<div class=\"gb-element-dd57dcb0\">\n<div>\n<h2 class=\"gb-text\">2010<\/h2>\n\n\n\n<p class=\"gb-text gb-text-57a99ef5\">Im Jahr 2010 erhielt unser Unternehmen die Zertifizierung des Qualit\u00e4tsmanagementsystems ISO9001:2000 und f\u00fchrte erfolgreich das selbst entwickelte&nbsp;<em>2ZKD3673 Lineares Bananensieb<\/em> Projekt in die Produktion.<\/p>\n\n\n\n<p class=\"gb-text gb-text-f0d1cc0f\">2010<\/p>\n<\/div>\n<\/div>\n<\/div>\n<\/div>\n<\/div>\n<\/div>\n\n\n\n<div>\n<div class=\"gb-element-0142b20f\">\n<div>\n<div class=\"gb-element-b2eba4ab\">\n<div class=\"gb-element-2c72ec38\">\n<div>\n<h2 class=\"gb-text\">2012<\/h2>\n\n\n\n<p>Im Jahr 2012 hat unser Unternehmen zwei wichtige Meilensteine erreicht:<\/p>\n\n\n\n<div class=\"gb-element-2af5eaba\">\n<ul class=\"wp-block-list\">\n<li>Bau von 3 Brech- und Siebanlagen f\u00fcr den Kohletagebau zur Unterst\u00fctzung der westlichen Entwicklungsstrategie Chinas.<\/li>\n\n\n\n<li>Verleihung des Titels&nbsp;<em>\"Fortgeschrittene Einheit f\u00fcr Qualit\u00e4t und Kreditw\u00fcrdigkeit\"<\/em>als Anerkennung f\u00fcr herausragende operative Leistungen.<\/li>\n<\/ul>\n<\/div>\n\n\n\n<p class=\"gb-text gb-text-e9760047\">2012<\/p>\n<\/div>\n<\/div>\n\n\n\n<div>\n<div>\n<img decoding=\"async\" width=\"700\" height=\"462\" class=\"gb-media-4c85c944\" alt=\"\" src=\"http:\/\/cstmg.com\/wp-content\/uploads\/2025\/10\/history11.jpg\" title=\"Geschichte11\" srcset=\"https:\/\/cstmg.com\/wp-content\/uploads\/2025\/10\/history11.jpg 700w, https:\/\/cstmg.com\/wp-content\/uploads\/2025\/10\/history11-300x198.jpg 300w, https:\/\/cstmg.com\/wp-content\/uploads\/2025\/10\/history11-18x12.jpg 18w\" sizes=\"(max-width: 700px) 100vw, 700px\" \/>\n<\/div>\n<\/div>\n<\/div>\n<\/div>\n<\/div>\n<\/div>\n\n\n\n<div>\n<div class=\"gb-element-1802f20e\">\n<div>\n<div class=\"gb-element-93caa712\">\n<div class=\"gb-element-be601d50\">\n<div>\n<img decoding=\"async\" width=\"700\" height=\"462\" class=\"gb-media-9c6311eb\" alt=\"\" src=\"http:\/\/cstmg.com\/wp-content\/uploads\/2025\/10\/history10.jpg\" title=\"Geschichte10\" srcset=\"https:\/\/cstmg.com\/wp-content\/uploads\/2025\/10\/history10.jpg 700w, https:\/\/cstmg.com\/wp-content\/uploads\/2025\/10\/history10-300x198.jpg 300w, https:\/\/cstmg.com\/wp-content\/uploads\/2025\/10\/history10-18x12.jpg 18w\" sizes=\"(max-width: 700px) 100vw, 700px\" \/>\n<\/div>\n<\/div>\n\n\n\n<div>\n<div>\n<h2 class=\"gb-text\">2015<\/h2>\n\n\n\n<p class=\"gb-text gb-text-2af147da\">Im Jahr 2015 konnte unser Unternehmen seine F\u00fchrungsposition in der Branche durch wichtige Erfolge ausbauen:<\/p>\n\n\n\n<div class=\"gb-element-9c65fde4\">\n<ul class=\"wp-block-list\">\n<li>\u200b<strong>\u200b<\/strong>Verdient die<strong>\u200b<\/strong><em>OHSAS 18001:2007 Zertifizierung des Managementsystems f\u00fcr Gesundheit und Sicherheit am Arbeitsplatz<\/em><strong>\u200b<\/strong>und unterstreicht damit unser Engagement f\u00fcr die Sicherheit am Arbeitsplatz.<\/li>\n\n\n\n<li>Gesichert<strong>\u200b<\/strong>Erfindungspatente f\u00fcr bahnbrechende Ger\u00e4te wie das&nbsp;<em>Intelligente zweistufige Brechstation<\/em>und&nbsp;<em>Neuartiges Vibrationssieb f\u00fcr Bananen<\/em>und unterstreicht damit unsere F&amp;E-F\u00e4higkeiten.<\/li>\n\n\n\n<li>Erlangung der Genehmigung zur Gr\u00fcndung der <em>\"Xinxiang Heavy Mining Machinery Equipment Engineering Technology Research Center\"<\/em><strong>\u200b<\/strong>die technologische Innovation im Bergbausektor weiter vorantreiben.<\/li>\n<\/ul>\n<\/div>\n\n\n\n<p class=\"gb-text gb-text-b9cc2e8f\">2015<\/p>\n<\/div>\n<\/div>\n<\/div>\n<\/div>\n<\/div>\n<\/div>\n\n\n\n<div>\n<div class=\"gb-element-27823548\">\n<div>\n<div class=\"gb-element-0791fec2\">\n<div class=\"gb-element-c9357bc8\">\n<div>\n<h2 class=\"gb-text\">2016<\/h2>\n\n\n\n<p class=\"gb-text gb-text-5fc070ca\">Wir haben unsere Pr\u00e4senz auf den internationalen M\u00e4rkten erfolgreich ausgebaut und damit unsere starke globale Wettbewerbsf\u00e4higkeit unter Beweis gestellt. Unsere F\u00e4higkeit zur technologischen Innovation wurde durch die Verleihung des \"<em>Intelligenter Multi-Unit-Brecher<\/em>\" erhielt ein nationales Patentzertifikat f\u00fcr Erfindungen. Gleichzeitig haben wir unser Engagement f\u00fcr \u00f6kologische Nachhaltigkeit durch den Erhalt des <em>Zertifizierung des Umweltmanagementsystems nach ISO 14001:2015<\/em>Dies ist ein weiterer Schritt nach vorn in unserer verantwortungsvollen Gesch\u00e4ftspraxis.<\/p>\n\n\n\n<p class=\"gb-text gb-text-b71a34a3\">2016<\/p>\n<\/div>\n<\/div>\n\n\n\n<div>\n<div>\n<img decoding=\"async\" width=\"700\" height=\"462\" class=\"gb-media-feeb315e\" alt=\"\" src=\"http:\/\/cstmg.com\/wp-content\/uploads\/2025\/10\/history13.jpg\" title=\"Geschichte13\" srcset=\"https:\/\/cstmg.com\/wp-content\/uploads\/2025\/10\/history13.jpg 700w, https:\/\/cstmg.com\/wp-content\/uploads\/2025\/10\/history13-300x198.jpg 300w, https:\/\/cstmg.com\/wp-content\/uploads\/2025\/10\/history13-18x12.jpg 18w\" sizes=\"(max-width: 700px) 100vw, 700px\" \/>\n<\/div>\n<\/div>\n<\/div>\n<\/div>\n<\/div>\n<\/div>\n\n\n\n<div>\n<div class=\"gb-element-0f2b2092\">\n<div>\n<div class=\"gb-element-810115dc\">\n<div class=\"gb-element-855f6a8b\">\n<div>\n<img decoding=\"async\" width=\"700\" height=\"462\" class=\"gb-media-c0bba209\" alt=\"\" src=\"http:\/\/cstmg.com\/wp-content\/uploads\/2025\/11\/about5.jpg\" title=\"etwa 5\" srcset=\"https:\/\/cstmg.com\/wp-content\/uploads\/2025\/11\/about5.jpg 700w, https:\/\/cstmg.com\/wp-content\/uploads\/2025\/11\/about5-300x198.jpg 300w, https:\/\/cstmg.com\/wp-content\/uploads\/2025\/11\/about5-18x12.jpg 18w\" sizes=\"(max-width: 700px) 100vw, 700px\" \/>\n<\/div>\n<\/div>\n\n\n\n<div class=\"gb-element-d8c9fb67\">\n<div>\n<h2 class=\"gb-text\">2018<\/h2>\n\n\n\n<p class=\"gb-text gb-text-16fa7a1b\">Im Jahr 2018 erzielte unser Unternehmen mit der erfolgreichen Entwicklung des&nbsp;<em>Neuer D\u00fcnn\u00f6l-Schmiervibrator in Flanschausf\u00fchrung<\/em>das mit einem Gebrauchsmusterschutzzertifikat ausgezeichnet wurde. Im selben Jahr verst\u00e4rkten wir unser Engagement f\u00fcr eine nachhaltige und intelligente Produktion, indem wir ein gr\u00fcnes, umweltfreundliches und intelligentes geb\u00e4udeartiges Brech- und Siebproduktionssystem errichteten.<\/p>\n\n\n\n<p class=\"gb-text gb-text-bb631b7c\">2018<\/p>\n<\/div>\n<\/div>\n<\/div>\n<\/div>\n<\/div>\n<\/div>\n\n\n\n<div>\n<div class=\"gb-element-b4e9fd70\">\n<div>\n<div class=\"gb-element-0668d53f\">\n<div class=\"gb-element-c6831b16\">\n<div>\n<h2 class=\"gb-text\">2019<\/h2>\n\n\n\n<p class=\"gb-text gb-text-a1688c1f\">Wir haben erfolgreich PLM- (Product Lifecycle Management) und ERP- (Enterprise Resource Planning) Systeme implementiert und damit die Effizienz und datengest\u00fctzte Entscheidungsfindung in unserem gesamten Gesch\u00e4ftsbetrieb verbessert. Dar\u00fcber hinaus erhielten wir die Zertifizierung der Produktsicherheit im Bergbau f\u00fcr das&nbsp;<em>2PLF150\/300 Mineralienmessger\u00e4t<\/em> und erwarb das Qualifikationszertifikat der Stufe 3 f\u00fcr mechanische und elektrische Installationsarbeiten, was unsere Branchenkenntnisse und Konformit\u00e4tsstandards weiter festigt.<\/p>\n\n\n\n<p class=\"gb-text gb-text-2ff2ee70\">2019<\/p>\n<\/div>\n<\/div>\n\n\n\n<div>\n<div>\n<img decoding=\"async\" width=\"700\" height=\"462\" class=\"gb-media-a218af3b\" alt=\"\" src=\"http:\/\/cstmg.com\/wp-content\/uploads\/2025\/10\/history14.jpg\" title=\"Geschichte14\" srcset=\"https:\/\/cstmg.com\/wp-content\/uploads\/2025\/10\/history14.jpg 700w, https:\/\/cstmg.com\/wp-content\/uploads\/2025\/10\/history14-300x198.jpg 300w, https:\/\/cstmg.com\/wp-content\/uploads\/2025\/10\/history14-18x12.jpg 18w\" sizes=\"(max-width: 700px) 100vw, 700px\" \/>\n<\/div>\n<\/div>\n<\/div>\n<\/div>\n<\/div>\n<\/div>\n\n\n\n<div>\n<div class=\"gb-element-80254e58\">\n<div>\n<div class=\"gb-element-6077321f\">\n<div class=\"gb-element-05097193\">\n<div>\n<img decoding=\"async\" width=\"700\" height=\"462\" class=\"gb-media-6fadee88\" alt=\"\" src=\"http:\/\/cstmg.com\/wp-content\/uploads\/2025\/10\/history15.jpg\" title=\"Geschichte15\" srcset=\"https:\/\/cstmg.com\/wp-content\/uploads\/2025\/10\/history15.jpg 700w, https:\/\/cstmg.com\/wp-content\/uploads\/2025\/10\/history15-300x198.jpg 300w, https:\/\/cstmg.com\/wp-content\/uploads\/2025\/10\/history15-18x12.jpg 18w\" sizes=\"(max-width: 700px) 100vw, 700px\" \/>\n<\/div>\n<\/div>\n\n\n\n<div class=\"gb-element-ca5ed345\">\n<div>\n<h2 class=\"gb-text\">2022<\/h2>\n\n\n\n<p class=\"gb-text gb-text-6d2cde84\">Wir sicherten uns Auftr\u00e4ge f\u00fcr mehr als ein Dutzend EPC-Gro\u00dfanlagen f\u00fcr den Kohletagebau (mit einer Kapazit\u00e4t von \u00fcber 3 Mio. Tonnen\/Jahr) auf nationalen und internationalen M\u00e4rkten und trieben damit die Entwicklung der regionalen Kohleindustrie voran. Unser innovatives&nbsp;<em>Gro\u00dfes hocheffizientes Rollensieb<\/em>e arned die <em>Dritter Preis f\u00fcr Wissenschaft und Technologie der chinesischen Kohleindustrie<\/em>. Das Unternehmen erreichte eine erhebliche Verbesserung seiner F\u00e4higkeiten, indem es seine Bauqualifikation von Stufe 3 auf<strong>Besoldungsgruppe 2 f\u00fcr Maschinenbau und Elektroinstallationstechnik<\/strong>und spiegeln unsere wachsende technische Kompetenz und Marktf\u00fchrerschaft wider. Diese Errungenschaften zeigen unser Engagement f\u00fcr die Bereitstellung leistungsstarker Bergbaul\u00f6sungen und die Weiterentwicklung von Industriestandards durch technologische Innovation und betriebliche Spitzenleistungen.<\/p>\n\n\n\n<p class=\"gb-text gb-text-9af015ae\">2022<\/p>\n<\/div>\n<\/div>\n<\/div>\n<\/div>\n<\/div>\n<\/div>","protected":false},"excerpt":{"rendered":"<p>History 2009 In 2009, following a restructuring of state-owned enterprises, our factory was formally established as the entity we operate today. 2009 2010 In 2010, our company achieved ISO9001:2000 Quality Management System Certification and successfully trialed and launched the self-developed&nbsp;2ZKD3673 Linear Banana Screen project into production. 2010 2012 In 2012, our company achieved two major &#8230; <\/p>\n<p class=\"read-more-container\"><a title=\"Geschichte\" class=\"read-more button\" href=\"https:\/\/cstmg.com\/de\/history\/#more-1034\" aria-label=\"Mehr Informationen \u00fcber History\">Weiterlesen &#8230;<\/a><\/p>","protected":false},"author":1,"featured_media":0,"parent":0,"menu_order":0,"comment_status":"closed","ping_status":"closed","template":"","meta":{"footnotes":""},"class_list":{"0":"post-1034","1":"page","2":"type-page","3":"status-publish","5":"no-featured-image-padding"},"_links":{"self":[{"href":"https:\/\/cstmg.com\/de\/wp-json\/wp\/v2\/pages\/1034","targetHints":{"allow":["GET"]}}],"collection":[{"href":"https:\/\/cstmg.com\/de\/wp-json\/wp\/v2\/pages"}],"about":[{"href":"https:\/\/cstmg.com\/de\/wp-json\/wp\/v2\/types\/page"}],"author":[{"embeddable":true,"href":"https:\/\/cstmg.com\/de\/wp-json\/wp\/v2\/users\/1"}],"replies":[{"embeddable":true,"href":"https:\/\/cstmg.com\/de\/wp-json\/wp\/v2\/comments?post=1034"}],"version-history":[{"count":0,"href":"https:\/\/cstmg.com\/de\/wp-json\/wp\/v2\/pages\/1034\/revisions"}],"wp:attachment":[{"href":"https:\/\/cstmg.com\/de\/wp-json\/wp\/v2\/media?parent=1034"}],"curies":[{"name":"wp","href":"https:\/\/api.w.org\/{rel}","templated":true}]}}