{"id":1033,"date":"2025-07-30T09:19:30","date_gmt":"2025-07-30T09:19:30","guid":{"rendered":"https:\/\/cstmg.com\/?page_id=1033"},"modified":"2025-12-18T15:01:29","modified_gmt":"2025-12-18T07:01:29","slug":"unternehmerische-starke","status":"publish","type":"page","link":"https:\/\/cstmg.com\/de\/business-strength\/","title":{"rendered":"Gesch\u00e4ftliche St\u00e4rke"},"content":{"rendered":"<div class=\"gb-element-d265ae9a\">\n<div class=\"gb-element-61b9365e\">\n<div>\n<h1 class=\"gb-text\">Gesch\u00e4ftliche St\u00e4rke<\/h1>\n<\/div>\n<\/div>\n<\/div>\n\n\n\n<div>\n<div class=\"gb-element-c5bd73e0\">\n<div>\n<div class=\"gb-element-89184799\">\n<div>\n<div>\n<h2 class=\"gb-text\">Technologief\u00fchrerschaft<\/h2>\n<\/div>\n<\/div>\n\n\n\n<div>\n<div>\n<p class=\"gb-text\">CSTMG unterh\u00e4lt ein strenges Qualit\u00e4tsmanagementsystem und setzt modernste Produktpr\u00fcfungsmethoden ein. Als Pionier der Branche geh\u00f6rten wir zu den Ersten, die die Zertifizierung des Qualit\u00e4tsmanagementsystems nach ISO9001 erhielten, und halten die Produktqualit\u00e4t stets auf einem branchenf\u00fchrenden Niveau. Unsere technologische Exzellenz zeigt sich im Besitz von <mark style=\"background-color:rgba(0, 0, 0, 0)\" class=\"has-inline-color has-global-color-10-color\">\u00fcber 60 nationale Patente und zahlreiche Auszeichnungen<\/mark>und auf Landes- und Provinzebene angesehene Auszeichnungen f\u00fcr Wissenschaft und Technologie.<\/p>\n<\/div>\n<\/div>\n<\/div>\n<\/div>\n<\/div>\n<\/div>\n\n\n\n<div class=\"gb-element-78ac933a\">\n<div class=\"gb-element-8bfe9e0f\">\n<div>\n<div>\n<div class=\"gb-element-78732d0f\">\n<div class=\"gb-element-cb1b41a4\">\n<div class=\"gb-element-98f34da1\">\n<h2 class=\"gb-text\">Intelligente Fertigung<\/h2>\n\n\n\n<p>CSTMG zeichnet sich durch eine intelligente Fertigung mit fortschrittlichen Verarbeitungsger\u00e4ten aus, wie&nbsp;<em>Schwerlast-Vertikaldrehmaschinen<\/em>und&nbsp;<em>CNC-Plasmaschneidmaschinen<\/em>und gew\u00e4hrleisten eine pr\u00e4zise Technik. Unser&nbsp;<em>Elektrisches Zentralsteuersystem<\/em>integriert eine intelligente Automatisierung f\u00fcr Brecheranlagen mit SPS-gesteuerten GGD-Schr\u00e4nken, Softstartern und variabler Drehzahlregelung f\u00fcr eine optimierte Produktion. Von der automatisierten CNC-Bearbeitung bis hin zur Echtzeit\u00fcberwachung mit intelligenten Sensoren kombiniert CSTMG modernste Technologie mit robusten Sicherheitsprotokollen (\u00dcberlastschutz, Notaus), um die Effizienz und Zuverl\u00e4ssigkeit im Bergbau und in der Schwerindustrie zu verbessern.<\/p>\n<\/div>\n<\/div>\n\n\n\n<div>\n<div>\n<div class=\"gb-element-aec7447d\">\n<div>\n<div>\n<figure class=\"wp-block-embed is-type-video is-provider-youtube wp-block-embed-youtube wp-embed-aspect-16-9 wp-has-aspect-ratio\"><div class=\"wp-block-embed__wrapper\">\n<iframe title=\"Doppelwalzenbrecher im Einsatz in der Brechanlage\" width=\"563\" height=\"1000\" src=\"https:\/\/www.youtube.com\/embed\/ANRD0I9OQJs?feature=oembed\" frameborder=\"0\" allow=\"accelerometer; autoplay; clipboard-write; encrypted-media; gyroscope; picture-in-picture; web-share\" referrerpolicy=\"strict-origin-when-cross-origin\" allowfullscreen><\/iframe>\n<\/div><\/figure>\n<\/div>\n<\/div>\n\n\n\n<div>\n<div>\n<figure class=\"wp-block-embed is-type-video is-provider-youtube wp-block-embed-youtube wp-embed-aspect-16-9 wp-has-aspect-ratio\"><div class=\"wp-block-embed__wrapper\">\n<iframe title=\"Vierwalzenbrecher-Test und Brechleistung\" width=\"1200\" height=\"675\" src=\"https:\/\/www.youtube.com\/embed\/R37-jhU81fI?feature=oembed\" frameborder=\"0\" allow=\"accelerometer; autoplay; clipboard-write; encrypted-media; gyroscope; picture-in-picture; web-share\" referrerpolicy=\"strict-origin-when-cross-origin\" allowfullscreen><\/iframe>\n<\/div><\/figure>\n<\/div>\n<\/div>\n\n\n\n<div>\n<div>\n<figure class=\"wp-block-embed is-type-video is-provider-youtube wp-block-embed-youtube wp-embed-aspect-16-9 wp-has-aspect-ratio\"><div class=\"wp-block-embed__wrapper\">\n<iframe title=\"Feeder Breaker Arbeitsvideo\" width=\"1200\" height=\"675\" src=\"https:\/\/www.youtube.com\/embed\/FFda5QT91PA?feature=oembed\" frameborder=\"0\" allow=\"accelerometer; autoplay; clipboard-write; encrypted-media; gyroscope; picture-in-picture; web-share\" referrerpolicy=\"strict-origin-when-cross-origin\" allowfullscreen><\/iframe>\n<\/div><\/figure>\n<\/div>\n<\/div>\n\n\n\n<div>\n<div>\n<figure class=\"wp-block-embed is-type-video is-provider-youtube wp-block-embed-youtube wp-embed-aspect-16-9 wp-has-aspect-ratio\"><div class=\"wp-block-embed__wrapper\">\n<iframe title=\"Kreisrundes Vibrationssieb: Vor-Ort-Betrieb &amp; Fabrikproduktion\" width=\"1200\" height=\"675\" src=\"https:\/\/www.youtube.com\/embed\/vKA7TNNfG7o?feature=oembed\" frameborder=\"0\" allow=\"accelerometer; autoplay; clipboard-write; encrypted-media; gyroscope; picture-in-picture; web-share\" referrerpolicy=\"strict-origin-when-cross-origin\" allowfullscreen><\/iframe>\n<\/div><\/figure>\n<\/div>\n<\/div>\n<\/div>\n<\/div>\n<\/div>\n<\/div>\n<\/div>\n\n\n\n<div class=\"gb-element-f58fccf8\">\n<h1 class=\"gb-text gb-text-24516321\"><em>CSTMG<\/em><\/h1>\n<\/div>\n<\/div>\n<\/div>\n<\/div>\n\n\n\n<div>\n<div class=\"gb-element-7721b498\">\n<div>\n<div>\n<div class=\"gb-element-b773380c\">\n<div class=\"gb-element-44cfd413\">\n<img decoding=\"async\" width=\"700\" height=\"462\" class=\"gb-media-99ec43ae\" alt=\"\" src=\"http:\/\/cstmg.com\/wp-content\/uploads\/2025\/10\/about1.jpg\" title=\"etwa 1\" srcset=\"https:\/\/cstmg.com\/wp-content\/uploads\/2025\/10\/about1.jpg 700w, https:\/\/cstmg.com\/wp-content\/uploads\/2025\/10\/about1-300x198.jpg 300w, https:\/\/cstmg.com\/wp-content\/uploads\/2025\/10\/about1-18x12.jpg 18w\" sizes=\"(max-width: 700px) 100vw, 700px\" \/>\n<\/div>\n\n\n\n<div class=\"gb-element-92384c2a\">\n<div>\n<h2 class=\"gb-text\">Schlanke Produktion<\/h2>\n\n\n\n<p class=\"gb-text\">CSTMG hat die Prinzipien der schlanken Produktion \u00fcbernommen, um die Effizienz zu maximieren und die Verschwendung im gesamten Fertigungsbereich zu minimieren. Durch die Implementierung von Just-in-Time-Materialfl\u00fcssen, automatisierter Pr\u00e4zisionsbearbeitung und intelligenten Bestandssystemen haben wir die Produktionsprozesse rationalisiert und gleichzeitig strenge Qualit\u00e4tsstandards eingehalten. Unsere Kultur der kontinuierlichen Verbesserung, unterst\u00fctzt durch IoT-Echtzeit\u00fcberwachung und mitarbeitergetriebene Innovation, hat messbare Ergebnisse erzielt, darunter 20% schnellere Produktionszyklen und 15% weniger Materialabf\u00e4lle.<\/p>\n\n\n\n<p>Diese schlanken Methoden verbessern unsere Wettbewerbsf\u00e4higkeit bei der Lieferung von Hochleistungs-Schwermaschinen und optimieren die Ressourcennutzung w\u00e4hrend des gesamten Produktionszyklus.<\/p>\n<\/div>\n<\/div>\n<\/div>\n<\/div>\n<\/div>\n<\/div>\n<\/div>\n\n\n\n<div class=\"gb-element-ab5d4a2e\"><div class=\"carousel-slider-outer carousel-slider-outer-image-carousel carousel-slider-outer-1146\" style=\"--carousel-slider-nav-color:#f1f1f1;--carousel-slider-active-nav-color:#00d1b2;--carousel-slider-arrow-size:48px;--carousel-slider-bullet-size:10px\">\n<div id=\"&#039;id-1146\" class=\"carousel-slider carousel-slider-1146 arrows-visibility-hover dots-visibility-never arrows-inside dots-center dots-circle owl-carousel\" data-slide-type=\"image-carousel\" data-owl-settings='{\"nav\":true,\"dots\":false,\"slideBy\":1,\"stagePadding\":0,\"margin\":10,\"loop\":true,\"lazyLoad\":false,\"autoplay\":true,\"autoplayTimeout\":5000,\"autoplaySpeed\":500,\"autoplayHoverPause\":true,\"autoWidth\":false,\"responsive\":{\"300\":{\"items\":2},\"576\":{\"items\":2},\"768\":{\"items\":2},\"1024\":{\"items\":3},\"1280\":{\"items\":4},\"1536\":{\"items\":5}}}'>\n<div class=\"carousel-slider__item\">\n\t<img decoding=\"async\" width=\"450\" height=\"320\" src=\"https:\/\/cstmg.com\/wp-content\/uploads\/2025\/10\/business-strength-4.png\" class=\"attachment-medium_large size-medium_large\" alt=\"\" srcset=\"https:\/\/cstmg.com\/wp-content\/uploads\/2025\/10\/business-strength-4.png 450w, https:\/\/cstmg.com\/wp-content\/uploads\/2025\/10\/business-strength-4-300x213.png 300w, https:\/\/cstmg.com\/wp-content\/uploads\/2025\/10\/business-strength-4-18x12.png 18w\" sizes=\"(max-width: 450px) 100vw, 450px\" \/><\/a><\/div>\n\n<div class=\"carousel-slider__item\">\n\t<img decoding=\"async\" width=\"450\" height=\"320\" src=\"https:\/\/cstmg.com\/wp-content\/uploads\/2025\/10\/business-strength-5.png\" class=\"attachment-medium_large size-medium_large\" alt=\"\" srcset=\"https:\/\/cstmg.com\/wp-content\/uploads\/2025\/10\/business-strength-5.png 450w, https:\/\/cstmg.com\/wp-content\/uploads\/2025\/10\/business-strength-5-300x213.png 300w, https:\/\/cstmg.com\/wp-content\/uploads\/2025\/10\/business-strength-5-18x12.png 18w\" sizes=\"(max-width: 450px) 100vw, 450px\" \/><\/a><\/div>\n\n<div class=\"carousel-slider__item\">\n\t<img decoding=\"async\" width=\"450\" height=\"320\" src=\"https:\/\/cstmg.com\/wp-content\/uploads\/2025\/10\/business-strength-3.png\" class=\"attachment-medium_large size-medium_large\" alt=\"\" srcset=\"https:\/\/cstmg.com\/wp-content\/uploads\/2025\/10\/business-strength-3.png 450w, https:\/\/cstmg.com\/wp-content\/uploads\/2025\/10\/business-strength-3-300x213.png 300w, https:\/\/cstmg.com\/wp-content\/uploads\/2025\/10\/business-strength-3-18x12.png 18w\" sizes=\"(max-width: 450px) 100vw, 450px\" \/><\/a><\/div>\n\n<div class=\"carousel-slider__item\">\n\t<img decoding=\"async\" width=\"450\" height=\"320\" src=\"https:\/\/cstmg.com\/wp-content\/uploads\/2025\/10\/business-strength-1.png\" class=\"attachment-medium_large size-medium_large\" alt=\"\" srcset=\"https:\/\/cstmg.com\/wp-content\/uploads\/2025\/10\/business-strength-1.png 450w, https:\/\/cstmg.com\/wp-content\/uploads\/2025\/10\/business-strength-1-300x213.png 300w, https:\/\/cstmg.com\/wp-content\/uploads\/2025\/10\/business-strength-1-18x12.png 18w\" sizes=\"(max-width: 450px) 100vw, 450px\" \/><\/a><\/div>\n\n<div class=\"carousel-slider__item\">\n\t<img decoding=\"async\" width=\"450\" height=\"320\" src=\"https:\/\/cstmg.com\/wp-content\/uploads\/2025\/10\/business-strength-2.png\" class=\"attachment-medium_large size-medium_large\" alt=\"\" srcset=\"https:\/\/cstmg.com\/wp-content\/uploads\/2025\/10\/business-strength-2.png 450w, https:\/\/cstmg.com\/wp-content\/uploads\/2025\/10\/business-strength-2-300x213.png 300w, https:\/\/cstmg.com\/wp-content\/uploads\/2025\/10\/business-strength-2-18x12.png 18w\" sizes=\"(max-width: 450px) 100vw, 450px\" \/><\/a><\/div>\n\n<div class=\"carousel-slider__item\">\n\t<img decoding=\"async\" width=\"450\" height=\"320\" src=\"https:\/\/cstmg.com\/wp-content\/uploads\/2025\/10\/business-strength-6.png\" class=\"attachment-medium_large size-medium_large\" alt=\"\" srcset=\"https:\/\/cstmg.com\/wp-content\/uploads\/2025\/10\/business-strength-6.png 450w, https:\/\/cstmg.com\/wp-content\/uploads\/2025\/10\/business-strength-6-300x213.png 300w, https:\/\/cstmg.com\/wp-content\/uploads\/2025\/10\/business-strength-6-18x12.png 18w\" sizes=\"(max-width: 450px) 100vw, 450px\" \/><\/a><\/div>\n\n<div class=\"carousel-slider__item\">\n\t<img decoding=\"async\" width=\"450\" height=\"320\" src=\"https:\/\/cstmg.com\/wp-content\/uploads\/2025\/10\/business-strength-7.png\" class=\"attachment-medium_large size-medium_large\" alt=\"\" srcset=\"https:\/\/cstmg.com\/wp-content\/uploads\/2025\/10\/business-strength-7.png 450w, https:\/\/cstmg.com\/wp-content\/uploads\/2025\/10\/business-strength-7-300x213.png 300w, https:\/\/cstmg.com\/wp-content\/uploads\/2025\/10\/business-strength-7-18x12.png 18w\" sizes=\"(max-width: 450px) 100vw, 450px\" \/><\/a><\/div>\n\n<div class=\"carousel-slider__item\">\n\t<img decoding=\"async\" width=\"450\" height=\"320\" src=\"https:\/\/cstmg.com\/wp-content\/uploads\/2025\/10\/business-strength-8.png\" class=\"attachment-medium_large size-medium_large\" alt=\"\" srcset=\"https:\/\/cstmg.com\/wp-content\/uploads\/2025\/10\/business-strength-8.png 450w, https:\/\/cstmg.com\/wp-content\/uploads\/2025\/10\/business-strength-8-300x213.png 300w, https:\/\/cstmg.com\/wp-content\/uploads\/2025\/10\/business-strength-8-18x12.png 18w\" sizes=\"(max-width: 450px) 100vw, 450px\" \/><\/a><\/div>\n\n<div class=\"carousel-slider__item\">\n\t<img decoding=\"async\" width=\"450\" height=\"320\" src=\"https:\/\/cstmg.com\/wp-content\/uploads\/2025\/10\/business-strength-9.png\" class=\"attachment-medium_large size-medium_large\" alt=\"\" srcset=\"https:\/\/cstmg.com\/wp-content\/uploads\/2025\/10\/business-strength-9.png 450w, https:\/\/cstmg.com\/wp-content\/uploads\/2025\/10\/business-strength-9-300x213.png 300w, https:\/\/cstmg.com\/wp-content\/uploads\/2025\/10\/business-strength-9-18x12.png 18w\" sizes=\"(max-width: 450px) 100vw, 450px\" \/><\/a><\/div>\n\n<div class=\"carousel-slider__item\">\n\t<img decoding=\"async\" width=\"450\" height=\"320\" src=\"https:\/\/cstmg.com\/wp-content\/uploads\/2025\/10\/business-strength-10.png\" class=\"attachment-medium_large size-medium_large\" alt=\"\" srcset=\"https:\/\/cstmg.com\/wp-content\/uploads\/2025\/10\/business-strength-10.png 450w, https:\/\/cstmg.com\/wp-content\/uploads\/2025\/10\/business-strength-10-300x213.png 300w, https:\/\/cstmg.com\/wp-content\/uploads\/2025\/10\/business-strength-10-18x12.png 18w\" sizes=\"(max-width: 450px) 100vw, 450px\" \/><\/a><\/div>\n\n<div class=\"carousel-slider__item\">\n\t<img decoding=\"async\" width=\"450\" height=\"320\" src=\"https:\/\/cstmg.com\/wp-content\/uploads\/2025\/10\/business-strength-11.png\" class=\"attachment-medium_large size-medium_large\" alt=\"\" srcset=\"https:\/\/cstmg.com\/wp-content\/uploads\/2025\/10\/business-strength-11.png 450w, https:\/\/cstmg.com\/wp-content\/uploads\/2025\/10\/business-strength-11-300x213.png 300w, https:\/\/cstmg.com\/wp-content\/uploads\/2025\/10\/business-strength-11-18x12.png 18w\" sizes=\"(max-width: 450px) 100vw, 450px\" \/><\/a><\/div>\n\n<div class=\"carousel-slider__item\">\n\t<img decoding=\"async\" width=\"450\" height=\"320\" src=\"https:\/\/cstmg.com\/wp-content\/uploads\/2025\/10\/business-strength-12.png\" class=\"attachment-medium_large size-medium_large\" alt=\"\" srcset=\"https:\/\/cstmg.com\/wp-content\/uploads\/2025\/10\/business-strength-12.png 450w, https:\/\/cstmg.com\/wp-content\/uploads\/2025\/10\/business-strength-12-300x213.png 300w, https:\/\/cstmg.com\/wp-content\/uploads\/2025\/10\/business-strength-12-18x12.png 18w\" sizes=\"(max-width: 450px) 100vw, 450px\" \/><\/a><\/div>\n\n<div class=\"carousel-slider__item\">\n\t<img decoding=\"async\" width=\"450\" height=\"320\" src=\"https:\/\/cstmg.com\/wp-content\/uploads\/2025\/10\/business-strength-13.png\" class=\"attachment-medium_large size-medium_large\" alt=\"\" srcset=\"https:\/\/cstmg.com\/wp-content\/uploads\/2025\/10\/business-strength-13.png 450w, https:\/\/cstmg.com\/wp-content\/uploads\/2025\/10\/business-strength-13-300x213.png 300w, https:\/\/cstmg.com\/wp-content\/uploads\/2025\/10\/business-strength-13-18x12.png 18w\" sizes=\"(max-width: 450px) 100vw, 450px\" \/><\/a><\/div>\n\n<div class=\"carousel-slider__item\">\n\t<img decoding=\"async\" width=\"450\" height=\"320\" src=\"https:\/\/cstmg.com\/wp-content\/uploads\/2025\/10\/business-strength-14.png\" class=\"attachment-medium_large size-medium_large\" alt=\"\" srcset=\"https:\/\/cstmg.com\/wp-content\/uploads\/2025\/10\/business-strength-14.png 450w, https:\/\/cstmg.com\/wp-content\/uploads\/2025\/10\/business-strength-14-300x213.png 300w, https:\/\/cstmg.com\/wp-content\/uploads\/2025\/10\/business-strength-14-18x12.png 18w\" sizes=\"(max-width: 450px) 100vw, 450px\" \/><\/a><\/div>\n\n<div class=\"carousel-slider__item\">\n\t<img decoding=\"async\" width=\"450\" height=\"320\" src=\"https:\/\/cstmg.com\/wp-content\/uploads\/2025\/10\/business-strength-15.png\" class=\"attachment-medium_large size-medium_large\" alt=\"\" srcset=\"https:\/\/cstmg.com\/wp-content\/uploads\/2025\/10\/business-strength-15.png 450w, https:\/\/cstmg.com\/wp-content\/uploads\/2025\/10\/business-strength-15-300x213.png 300w, https:\/\/cstmg.com\/wp-content\/uploads\/2025\/10\/business-strength-15-18x12.png 18w\" sizes=\"(max-width: 450px) 100vw, 450px\" \/><\/a><\/div>\n\n<div class=\"carousel-slider__item\">\n\t<img decoding=\"async\" width=\"450\" height=\"320\" src=\"https:\/\/cstmg.com\/wp-content\/uploads\/2025\/10\/business-strength-16.png\" class=\"attachment-medium_large size-medium_large\" alt=\"\" srcset=\"https:\/\/cstmg.com\/wp-content\/uploads\/2025\/10\/business-strength-16.png 450w, https:\/\/cstmg.com\/wp-content\/uploads\/2025\/10\/business-strength-16-300x213.png 300w, https:\/\/cstmg.com\/wp-content\/uploads\/2025\/10\/business-strength-16-18x12.png 18w\" sizes=\"(max-width: 450px) 100vw, 450px\" \/><\/a><\/div>\n\n<div class=\"carousel-slider__item\">\n\t<img decoding=\"async\" width=\"450\" height=\"320\" src=\"https:\/\/cstmg.com\/wp-content\/uploads\/2025\/10\/business-strength-17.png\" class=\"attachment-medium_large size-medium_large\" alt=\"\" srcset=\"https:\/\/cstmg.com\/wp-content\/uploads\/2025\/10\/business-strength-17.png 450w, https:\/\/cstmg.com\/wp-content\/uploads\/2025\/10\/business-strength-17-300x213.png 300w, https:\/\/cstmg.com\/wp-content\/uploads\/2025\/10\/business-strength-17-18x12.png 18w\" sizes=\"(max-width: 450px) 100vw, 450px\" \/><\/a><\/div>\n\n<div class=\"carousel-slider__item\">\n\t<img decoding=\"async\" width=\"450\" height=\"320\" src=\"https:\/\/cstmg.com\/wp-content\/uploads\/2025\/10\/business-strength-18.png\" class=\"attachment-medium_large size-medium_large\" alt=\"\" srcset=\"https:\/\/cstmg.com\/wp-content\/uploads\/2025\/10\/business-strength-18.png 450w, https:\/\/cstmg.com\/wp-content\/uploads\/2025\/10\/business-strength-18-300x213.png 300w, https:\/\/cstmg.com\/wp-content\/uploads\/2025\/10\/business-strength-18-18x12.png 18w\" sizes=\"(max-width: 450px) 100vw, 450px\" \/><\/a><\/div>\n\n<div class=\"carousel-slider__item\">\n\t<img decoding=\"async\" width=\"450\" height=\"320\" src=\"https:\/\/cstmg.com\/wp-content\/uploads\/2025\/10\/business-strength-19.png\" class=\"attachment-medium_large size-medium_large\" alt=\"\" srcset=\"https:\/\/cstmg.com\/wp-content\/uploads\/2025\/10\/business-strength-19.png 450w, https:\/\/cstmg.com\/wp-content\/uploads\/2025\/10\/business-strength-19-300x213.png 300w, https:\/\/cstmg.com\/wp-content\/uploads\/2025\/10\/business-strength-19-18x12.png 18w\" sizes=\"(max-width: 450px) 100vw, 450px\" \/><\/a><\/div>\n\n<div class=\"carousel-slider__item\">\n\t<img decoding=\"async\" width=\"450\" height=\"320\" src=\"https:\/\/cstmg.com\/wp-content\/uploads\/2025\/10\/business-strength-20.png\" class=\"attachment-medium_large size-medium_large\" alt=\"\" srcset=\"https:\/\/cstmg.com\/wp-content\/uploads\/2025\/10\/business-strength-20.png 450w, https:\/\/cstmg.com\/wp-content\/uploads\/2025\/10\/business-strength-20-300x213.png 300w, https:\/\/cstmg.com\/wp-content\/uploads\/2025\/10\/business-strength-20-18x12.png 18w\" sizes=\"(max-width: 450px) 100vw, 450px\" \/><\/a><\/div>\n\n<div class=\"carousel-slider__item\">\n\t<img decoding=\"async\" width=\"450\" height=\"320\" src=\"https:\/\/cstmg.com\/wp-content\/uploads\/2025\/10\/business-strength-21.png\" class=\"attachment-medium_large size-medium_large\" alt=\"\" srcset=\"https:\/\/cstmg.com\/wp-content\/uploads\/2025\/10\/business-strength-21.png 450w, https:\/\/cstmg.com\/wp-content\/uploads\/2025\/10\/business-strength-21-300x213.png 300w, https:\/\/cstmg.com\/wp-content\/uploads\/2025\/10\/business-strength-21-18x12.png 18w\" sizes=\"(max-width: 450px) 100vw, 450px\" \/><\/a><\/div>\n\n<\/div><!-- .carousel-slider-1146 -->\n<\/div><!-- .carousel-slider-outer-1146 -->\n\n<\/div>\n\n\n\n<div class=\"gb-element-f88a0118\">\n<div class=\"gb-element-9e0a1063\">\n<div class=\"gb-element-cdeb9352\">\n<div class=\"gb-element-171ae1bf\">\n<h2 class=\"gb-text gb-text-29cb33b1\"><mark style=\"background-color:rgba(0, 0, 0, 0)\" class=\"has-inline-color has-global-color-10-color\">Produktionskapazit\u00e4t<\/mark><\/h2>\n\n\n\n<p class=\"gb-text gb-text-0e3fd2c0\">Als f\u00fchrender Hersteller von Brech-, Sieb- und Sch\u00fcttgutanlagen verf\u00fcgt CSTMG \u00fcber mehr als 140 hochmoderne Fertigungseinheiten, darunter f\u00fcnfachsige Portalbearbeitungszentren und CNC-Horizontalbearbeitungszentren. Diese hochmoderne Infrastruktur, unterst\u00fctzt durch strenge Prozessmanagementsysteme, erm\u00f6glicht es uns, Gro\u00dfauftr\u00e4ge und kundenspezifische L\u00f6sungen mit Pr\u00e4zision zu liefern.<\/p>\n\n\n\n<p class=\"gb-text gb-text-5e9a5b7c\">Unser Produktportfolio umfasst Hochleistungs-Brech-\/Siebanlagen (bis zu 3.500 t\/h f\u00fcr Tagebaue), spezielle Aufbereitungsanlagen f\u00fcr Kohle\/\u00d6lschiefer (30.000 t\/Tag) und umweltfreundliche Materialtransportsysteme - alle mit dem Bergbau-Produktsicherheitszeichen zertifiziert und durch mehrere nationale Patente abgesichert.<\/p>\n\n\n\n<p class=\"gb-text\">Von der technischen Planung bis zur Inbetriebnahme integrieren wir Brecher, F\u00f6rderanlagen, Staubkontrolle und intelligente Automatisierung in schl\u00fcsselfertige L\u00f6sungen f\u00fcr Kohle, Erze und Industriemineralien.<\/p>\n<\/div>\n<\/div>\n<\/div>\n<\/div>","protected":false},"excerpt":{"rendered":"<p>Business Strength Technology Leadership CSTMG maintains a rigorous quality management system and employs cutting-edge product testing methodologies. As an industry pioneer, we were among the first to obtain ISO9001 Quality Management System certification, consistently maintaining product quality at industry-leading levels. Our technological excellence is demonstrated through ownership of over 60 national patents and multiple awards, &#8230; <\/p>\n<p class=\"read-more-container\"><a title=\"Gesch\u00e4ftliche St\u00e4rke\" class=\"read-more button\" href=\"https:\/\/cstmg.com\/de\/business-strength\/#more-1033\" aria-label=\"Mehr Informationen \u00fcber Business Strength\">Weiterlesen &#8230;<\/a><\/p>","protected":false},"author":1,"featured_media":0,"parent":0,"menu_order":0,"comment_status":"closed","ping_status":"closed","template":"","meta":{"footnotes":""},"class_list":{"0":"post-1033","1":"page","2":"type-page","3":"status-publish","5":"no-featured-image-padding"},"_links":{"self":[{"href":"https:\/\/cstmg.com\/de\/wp-json\/wp\/v2\/pages\/1033","targetHints":{"allow":["GET"]}}],"collection":[{"href":"https:\/\/cstmg.com\/de\/wp-json\/wp\/v2\/pages"}],"about":[{"href":"https:\/\/cstmg.com\/de\/wp-json\/wp\/v2\/types\/page"}],"author":[{"embeddable":true,"href":"https:\/\/cstmg.com\/de\/wp-json\/wp\/v2\/users\/1"}],"replies":[{"embeddable":true,"href":"https:\/\/cstmg.com\/de\/wp-json\/wp\/v2\/comments?post=1033"}],"version-history":[{"count":0,"href":"https:\/\/cstmg.com\/de\/wp-json\/wp\/v2\/pages\/1033\/revisions"}],"wp:attachment":[{"href":"https:\/\/cstmg.com\/de\/wp-json\/wp\/v2\/media?parent=1033"}],"curies":[{"name":"wp","href":"https:\/\/api.w.org\/{rel}","templated":true}]}}